{"id":13478,"date":"2025-02-11T08:42:06","date_gmt":"2025-02-11T07:42:06","guid":{"rendered":"https:\/\/mdbouwmachines.be\/product\/vz-fl10-13-cv\/"},"modified":"2025-02-11T14:45:09","modified_gmt":"2025-02-11T13:45:09","slug":"vz-fl10-13-cv","status":"publish","type":"product","link":"https:\/\/mdbouwmachines.be\/fr\/produit\/vz-fl10-13-cv\/","title":{"rendered":"VZ FL10 13 cv"},"content":{"rendered":"","protected":false},"excerpt":{"rendered":"<p>Une scie \u00e0 sol de la marque Barikell, sp\u00e9cialement con\u00e7ue pour le b\u00e9ton frais. Capot de scie d&rsquo;un diam\u00e8tre maximum de 450, extr\u00eamement proche du mur.<br \/> Extra l\u00e9ger, placement de votre choix pour une meilleure visibilit\u00e9 avec des aimants puissants.<br \/> Syst\u00e8me d&rsquo;eau plus simple et plus rapide, facile \u00e0 d\u00e9monter.<br \/> Comprend le Honda GX390\/13hp, avec syst\u00e8me de filtre \u00e0 air cyclonique pour une meilleure efficacit\u00e9 du moteur.<br \/> Equip\u00e9 d&rsquo;une pompe hydraulique manuelle. <\/p>\n","protected":false},"featured_media":13467,"template":"","meta":{"_acf_changed":false},"product_brand":[1123],"product_cat":[331],"product_tag":[648],"class_list":{"0":"post-13478","1":"product","2":"type-product","3":"status-publish","4":"has-post-thumbnail","6":"product_brand-barikell-fr","7":"product_cat-scies-de-sol","8":"product_tag-exclusif","10":"first","11":"instock","12":"shipping-taxable","13":"purchasable","14":"product-type-simple"},"acf":[],"_links":{"self":[{"href":"https:\/\/mdbouwmachines.be\/fr\/wp-json\/wp\/v2\/product\/13478","targetHints":{"allow":["GET"]}}],"collection":[{"href":"https:\/\/mdbouwmachines.be\/fr\/wp-json\/wp\/v2\/product"}],"about":[{"href":"https:\/\/mdbouwmachines.be\/fr\/wp-json\/wp\/v2\/types\/product"}],"wp:featuredmedia":[{"embeddable":true,"href":"https:\/\/mdbouwmachines.be\/fr\/wp-json\/wp\/v2\/media\/13467"}],"wp:attachment":[{"href":"https:\/\/mdbouwmachines.be\/fr\/wp-json\/wp\/v2\/media?parent=13478"}],"wp:term":[{"taxonomy":"product_brand","embeddable":true,"href":"https:\/\/mdbouwmachines.be\/fr\/wp-json\/wp\/v2\/product_brand?post=13478"},{"taxonomy":"product_cat","embeddable":true,"href":"https:\/\/mdbouwmachines.be\/fr\/wp-json\/wp\/v2\/product_cat?post=13478"},{"taxonomy":"product_tag","embeddable":true,"href":"https:\/\/mdbouwmachines.be\/fr\/wp-json\/wp\/v2\/product_tag?post=13478"}],"curies":[{"name":"wp","href":"https:\/\/api.w.org\/{rel}","templated":true}]}}