{"id":13326,"date":"2025-01-24T09:55:06","date_gmt":"2025-01-24T08:55:06","guid":{"rendered":"https:\/\/mdbouwmachines.be\/product\/couteau-a-colle-coins-arrondis\/"},"modified":"2025-06-10T09:37:21","modified_gmt":"2025-06-10T08:37:21","slug":"couteau-a-colle-coins-arrondis","status":"publish","type":"product","link":"https:\/\/mdbouwmachines.be\/fr\/produit\/couteau-a-colle-coins-arrondis\/","title":{"rendered":"Couteau \u00e0 colle coins arrondis"},"content":{"rendered":"","protected":false},"excerpt":{"rendered":"<p>Truelle \u00e0 t\u00eate ronde en acier au carbone #8105, 305 x 102 mm<\/p>\n<p><span>Truelle \u00e0 t\u00eate ronde en acier au carbone #8251, 457 x 102 mm<\/span><\/p>\n","protected":false},"featured_media":9415,"template":"","meta":{"_acf_changed":false},"product_brand":[1133],"product_cat":[495],"product_tag":[],"class_list":{"0":"post-13326","1":"product","2":"type-product","3":"status-publish","4":"has-post-thumbnail","6":"product_brand-md-bouwmachines-fr","7":"product_cat-outils-et-outils-a-main","9":"first","10":"instock","11":"taxable","12":"shipping-taxable","13":"purchasable","14":"product-type-variable","15":"has-default-attributes"},"acf":[],"_links":{"self":[{"href":"https:\/\/mdbouwmachines.be\/fr\/wp-json\/wp\/v2\/product\/13326","targetHints":{"allow":["GET"]}}],"collection":[{"href":"https:\/\/mdbouwmachines.be\/fr\/wp-json\/wp\/v2\/product"}],"about":[{"href":"https:\/\/mdbouwmachines.be\/fr\/wp-json\/wp\/v2\/types\/product"}],"wp:featuredmedia":[{"embeddable":true,"href":"https:\/\/mdbouwmachines.be\/fr\/wp-json\/wp\/v2\/media\/9415"}],"wp:attachment":[{"href":"https:\/\/mdbouwmachines.be\/fr\/wp-json\/wp\/v2\/media?parent=13326"}],"wp:term":[{"taxonomy":"product_brand","embeddable":true,"href":"https:\/\/mdbouwmachines.be\/fr\/wp-json\/wp\/v2\/product_brand?post=13326"},{"taxonomy":"product_cat","embeddable":true,"href":"https:\/\/mdbouwmachines.be\/fr\/wp-json\/wp\/v2\/product_cat?post=13326"},{"taxonomy":"product_tag","embeddable":true,"href":"https:\/\/mdbouwmachines.be\/fr\/wp-json\/wp\/v2\/product_tag?post=13326"}],"curies":[{"name":"wp","href":"https:\/\/api.w.org\/{rel}","templated":true}]}}