{"id":13298,"date":"2025-02-10T14:16:41","date_gmt":"2025-02-10T13:16:41","guid":{"rendered":"https:\/\/mdbouwmachines.be\/product\/disque-de-pre-travail-ertalon\/"},"modified":"2025-06-23T12:36:08","modified_gmt":"2025-06-23T11:36:08","slug":"disque-de-pre-travail-ertalon","status":"publish","type":"product","link":"https:\/\/mdbouwmachines.be\/fr\/produit\/disque-de-pre-travail-ertalon\/","title":{"rendered":"Disque de pr\u00e9-travail Ertalon"},"content":{"rendered":"","protected":false},"excerpt":{"rendered":"<p>Le disque de pr\u00e9-travail Ertalon est pris pour \u00e9liminer tout risque de br\u00fblure. Le bord de celui-ci est de 45\u00b0. <\/p>\n<p>Dure \u00e9galement beaucoup plus longtemps qu&rsquo;un disque de pr\u00e9-travail normal.<\/p>\n<p>Convient aux finisseurs de chants de toutes les marques avec 4 bras.  <\/p>\n","protected":false},"featured_media":13134,"template":"","meta":{"_acf_changed":false},"product_brand":[1133],"product_cat":[544],"product_tag":[],"class_list":{"0":"post-13298","1":"product","2":"type-product","3":"status-publish","4":"has-post-thumbnail","6":"product_brand-md-bouwmachines-fr","7":"product_cat-plateaus-et-couteaux","9":"first","10":"instock","11":"taxable","12":"shipping-taxable","13":"purchasable","14":"product-type-variable","15":"has-default-attributes"},"acf":[],"_links":{"self":[{"href":"https:\/\/mdbouwmachines.be\/fr\/wp-json\/wp\/v2\/product\/13298","targetHints":{"allow":["GET"]}}],"collection":[{"href":"https:\/\/mdbouwmachines.be\/fr\/wp-json\/wp\/v2\/product"}],"about":[{"href":"https:\/\/mdbouwmachines.be\/fr\/wp-json\/wp\/v2\/types\/product"}],"wp:featuredmedia":[{"embeddable":true,"href":"https:\/\/mdbouwmachines.be\/fr\/wp-json\/wp\/v2\/media\/13134"}],"wp:attachment":[{"href":"https:\/\/mdbouwmachines.be\/fr\/wp-json\/wp\/v2\/media?parent=13298"}],"wp:term":[{"taxonomy":"product_brand","embeddable":true,"href":"https:\/\/mdbouwmachines.be\/fr\/wp-json\/wp\/v2\/product_brand?post=13298"},{"taxonomy":"product_cat","embeddable":true,"href":"https:\/\/mdbouwmachines.be\/fr\/wp-json\/wp\/v2\/product_cat?post=13298"},{"taxonomy":"product_tag","embeddable":true,"href":"https:\/\/mdbouwmachines.be\/fr\/wp-json\/wp\/v2\/product_tag?post=13298"}],"curies":[{"name":"wp","href":"https:\/\/api.w.org\/{rel}","templated":true}]}}