{"id":13289,"date":"2025-02-10T13:57:03","date_gmt":"2025-02-10T12:57:03","guid":{"rendered":"https:\/\/mdbouwmachines.be\/product\/disque-de-pre-travail-151-cm\/"},"modified":"2025-02-10T13:57:03","modified_gmt":"2025-02-10T12:57:03","slug":"disque-de-pre-travail-151-cm","status":"publish","type":"product","link":"https:\/\/mdbouwmachines.be\/fr\/produit\/disque-de-pre-travail-151-cm\/","title":{"rendered":"Disque de pr\u00e9-travail 151 cm"},"content":{"rendered":"","protected":false},"excerpt":{"rendered":"<p>Disque de pr\u00e9-travail de 151 cm de notre propre fabrication, \u00e9quip\u00e9 d&rsquo;un bord \u00e0 45\u00b0.<br \/> \u00c9paisseur = 4 mm<br \/> Toujours 12 l\u00e8vres<br \/> Convient aux polisseuses doubles diam\u00e8tre 151cm \u2013 WHITEMAN STX, ALLEN HDX760<\/p>\n","protected":false},"featured_media":0,"template":"","meta":{"_acf_changed":false},"product_brand":[1133],"product_cat":[544],"product_tag":[],"class_list":{"0":"post-13289","1":"product","2":"type-product","3":"status-publish","5":"product_brand-md-bouwmachines-fr","6":"product_cat-plateaus-et-couteaux","8":"first","9":"instock","10":"shipping-taxable","11":"purchasable","12":"product-type-simple"},"acf":[],"_links":{"self":[{"href":"https:\/\/mdbouwmachines.be\/fr\/wp-json\/wp\/v2\/product\/13289","targetHints":{"allow":["GET"]}}],"collection":[{"href":"https:\/\/mdbouwmachines.be\/fr\/wp-json\/wp\/v2\/product"}],"about":[{"href":"https:\/\/mdbouwmachines.be\/fr\/wp-json\/wp\/v2\/types\/product"}],"wp:attachment":[{"href":"https:\/\/mdbouwmachines.be\/fr\/wp-json\/wp\/v2\/media?parent=13289"}],"wp:term":[{"taxonomy":"product_brand","embeddable":true,"href":"https:\/\/mdbouwmachines.be\/fr\/wp-json\/wp\/v2\/product_brand?post=13289"},{"taxonomy":"product_cat","embeddable":true,"href":"https:\/\/mdbouwmachines.be\/fr\/wp-json\/wp\/v2\/product_cat?post=13289"},{"taxonomy":"product_tag","embeddable":true,"href":"https:\/\/mdbouwmachines.be\/fr\/wp-json\/wp\/v2\/product_tag?post=13289"}],"curies":[{"name":"wp","href":"https:\/\/api.w.org\/{rel}","templated":true}]}}