{"id":13287,"date":"2025-02-10T13:59:40","date_gmt":"2025-02-10T12:59:40","guid":{"rendered":"https:\/\/mdbouwmachines.be\/product\/disque-de-pre-travail-1585-cm\/"},"modified":"2025-02-10T13:59:40","modified_gmt":"2025-02-10T12:59:40","slug":"disque-de-pre-travail-1585-cm","status":"publish","type":"product","link":"https:\/\/mdbouwmachines.be\/fr\/produit\/disque-de-pre-travail-1585-cm\/","title":{"rendered":"Disque de pr\u00e9-travail 158,5 cm"},"content":{"rendered":"","protected":false},"excerpt":{"rendered":"<p>Disque de pr\u00e9-travail de 158,5 cm de notre propre fabrication, \u00e9quip\u00e9 d&rsquo;un bord \u00e0 45\u00b0.<br \/> \u00c9paisseur = 4 mm<br \/> Toujours 12 l\u00e8vres<br \/> Convient aux machines \u00e0 polir doubles diam\u00e8tre 158,5 m \u2013 WHITEMAN eSTXDF, ALLEN HDX780<\/p>\n","protected":false},"featured_media":0,"template":"","meta":{"_acf_changed":false},"product_brand":[1133],"product_cat":[544],"product_tag":[],"class_list":{"0":"post-13287","1":"product","2":"type-product","3":"status-publish","5":"product_brand-md-bouwmachines-fr","6":"product_cat-plateaus-et-couteaux","8":"first","9":"instock","10":"taxable","11":"shipping-taxable","12":"purchasable","13":"product-type-simple"},"acf":[],"_links":{"self":[{"href":"https:\/\/mdbouwmachines.be\/fr\/wp-json\/wp\/v2\/product\/13287","targetHints":{"allow":["GET"]}}],"collection":[{"href":"https:\/\/mdbouwmachines.be\/fr\/wp-json\/wp\/v2\/product"}],"about":[{"href":"https:\/\/mdbouwmachines.be\/fr\/wp-json\/wp\/v2\/types\/product"}],"wp:attachment":[{"href":"https:\/\/mdbouwmachines.be\/fr\/wp-json\/wp\/v2\/media?parent=13287"}],"wp:term":[{"taxonomy":"product_brand","embeddable":true,"href":"https:\/\/mdbouwmachines.be\/fr\/wp-json\/wp\/v2\/product_brand?post=13287"},{"taxonomy":"product_cat","embeddable":true,"href":"https:\/\/mdbouwmachines.be\/fr\/wp-json\/wp\/v2\/product_cat?post=13287"},{"taxonomy":"product_tag","embeddable":true,"href":"https:\/\/mdbouwmachines.be\/fr\/wp-json\/wp\/v2\/product_tag?post=13287"}],"curies":[{"name":"wp","href":"https:\/\/api.w.org\/{rel}","templated":true}]}}