{"id":13257,"date":"2025-02-10T13:50:56","date_gmt":"2025-02-10T12:50:56","guid":{"rendered":"https:\/\/mdbouwmachines.be\/product\/disque-de-pre-travail-120cm\/"},"modified":"2025-03-20T14:13:46","modified_gmt":"2025-03-20T13:13:46","slug":"disque-de-pre-travail-120cm","status":"publish","type":"product","link":"https:\/\/mdbouwmachines.be\/fr\/produit\/disque-de-pre-travail-120cm\/","title":{"rendered":"Disque 120 cm"},"content":{"rendered":"<p><strong>Nos propres disques de pr\u00e9-travail d\u2019un diam\u00e8tre de 120 cm, con\u00e7us par nos soins.<\/strong><\/p>\n<p>Ceux-ci sont \u00e9quip\u00e9s d\u2019un <strong>bord \u00e0 45\u00b0<\/strong> pour \u00e9viter l\u2019accumulation de b\u00e9ton.<br \/><strong>Disponible <\/strong>en deux versions : <strong>8 ou 10 l\u00e8vres<\/strong> (machine \u00e0 4 ou 5 bras).<\/p>\n<p><strong>L\u2019\u00e9paisseur de 4 mm<\/strong> assure un poids plus \u00e9lev\u00e9, ce qui permet d\u2019obtenir des sols plus lisses et plus plats. Cela permet \u00e9galement aux \u00e9tag\u00e8res de durer plus longtemps.  <strong>Un rendement plus \u00e9lev\u00e9 et un meilleur r\u00e9sultat final !<\/strong><\/p>\n<p>Convient pour <strong>les machines de polissage doubles diam\u00e8tre 120<\/strong> de presque toutes les marques telles que <strong>Barikell, BTC, Conmec, B-mac, Bartell, AB Lindec, HTX-Whiteman<\/strong>, etc.<\/p>\n<p>Convient \u00e9galement pour <strong>certaines machines \u00e0 polir diam\u00e8tre 120<\/strong> de <strong>Barikell, Conmec et AB Lindec<\/strong>.<\/p>\n","protected":false},"excerpt":{"rendered":"<p><strong>Nos propres disques de pr\u00e9-travail d\u2019un diam\u00e8tre de 120 cm, con\u00e7us par nos soins.<\/strong><\/p>\n","protected":false},"featured_media":13111,"template":"","meta":{"_acf_changed":false},"product_brand":[1133],"product_cat":[544],"product_tag":[],"class_list":{"0":"post-13257","1":"product","2":"type-product","3":"status-publish","4":"has-post-thumbnail","6":"product_brand-md-bouwmachines-fr","7":"product_cat-plateaus-et-couteaux","9":"first","10":"instock","11":"taxable","12":"shipping-taxable","13":"purchasable","14":"product-type-variable","15":"has-default-attributes"},"acf":[],"_links":{"self":[{"href":"https:\/\/mdbouwmachines.be\/fr\/wp-json\/wp\/v2\/product\/13257","targetHints":{"allow":["GET"]}}],"collection":[{"href":"https:\/\/mdbouwmachines.be\/fr\/wp-json\/wp\/v2\/product"}],"about":[{"href":"https:\/\/mdbouwmachines.be\/fr\/wp-json\/wp\/v2\/types\/product"}],"wp:featuredmedia":[{"embeddable":true,"href":"https:\/\/mdbouwmachines.be\/fr\/wp-json\/wp\/v2\/media\/13111"}],"wp:attachment":[{"href":"https:\/\/mdbouwmachines.be\/fr\/wp-json\/wp\/v2\/media?parent=13257"}],"wp:term":[{"taxonomy":"product_brand","embeddable":true,"href":"https:\/\/mdbouwmachines.be\/fr\/wp-json\/wp\/v2\/product_brand?post=13257"},{"taxonomy":"product_cat","embeddable":true,"href":"https:\/\/mdbouwmachines.be\/fr\/wp-json\/wp\/v2\/product_cat?post=13257"},{"taxonomy":"product_tag","embeddable":true,"href":"https:\/\/mdbouwmachines.be\/fr\/wp-json\/wp\/v2\/product_tag?post=13257"}],"curies":[{"name":"wp","href":"https:\/\/api.w.org\/{rel}","templated":true}]}}