{"id":13214,"date":"2025-01-24T09:54:50","date_gmt":"2025-01-24T09:54:50","guid":{"rendered":"https:\/\/mdbouwmachines.be\/product\/ertalon-60-75-90-120\/"},"modified":"2025-01-24T09:54:50","modified_gmt":"2025-01-24T08:54:50","slug":"ertalon-60-75-90-120","status":"publish","type":"product","link":"https:\/\/mdbouwmachines.be\/fr\/produit\/ertalon-60-75-90-120\/","title":{"rendered":"Ertalon 60\/75\/90\/120"},"content":{"rendered":"","protected":false},"excerpt":{"rendered":"<p>Les lames Ertalon sont sp\u00e9cialement con\u00e7ues pour fonctionner plus longtemps qu&rsquo;avec&nbsp; lames en acier.<br \/> Les br\u00fblures et les rayures sont \u00e9vit\u00e9es tandis qu&rsquo;une meilleure brillance peut \u00eatre obtenue.<\/p>\n<p>&nbsp;<\/p>\n<p>Surtout sur les sols clairs, il existe un risque de d\u00e9coloration, de br\u00fblure ou de rayures lors d&rsquo;un fonctionnement prolong\u00e9 sur des lames en acier.<\/p>\n<p>&nbsp;<\/p>\n<p>Ces couteaux en ertalon sont livr\u00e9s en pack <strong>de 4<\/strong> !<\/p>\n","protected":false},"featured_media":9459,"template":"","meta":{"_acf_changed":false},"product_brand":[1133],"product_cat":[414],"product_tag":[],"class_list":{"0":"post-13214","1":"product","2":"type-product","3":"status-publish","4":"has-post-thumbnail","6":"product_brand-md-bouwmachines-fr","7":"product_cat-feuilles-de-finition","9":"first","10":"instock","11":"taxable","12":"shipping-taxable","13":"purchasable","14":"product-type-variable","15":"has-default-attributes"},"acf":[],"_links":{"self":[{"href":"https:\/\/mdbouwmachines.be\/fr\/wp-json\/wp\/v2\/product\/13214","targetHints":{"allow":["GET"]}}],"collection":[{"href":"https:\/\/mdbouwmachines.be\/fr\/wp-json\/wp\/v2\/product"}],"about":[{"href":"https:\/\/mdbouwmachines.be\/fr\/wp-json\/wp\/v2\/types\/product"}],"wp:featuredmedia":[{"embeddable":true,"href":"https:\/\/mdbouwmachines.be\/fr\/wp-json\/wp\/v2\/media\/9459"}],"wp:attachment":[{"href":"https:\/\/mdbouwmachines.be\/fr\/wp-json\/wp\/v2\/media?parent=13214"}],"wp:term":[{"taxonomy":"product_brand","embeddable":true,"href":"https:\/\/mdbouwmachines.be\/fr\/wp-json\/wp\/v2\/product_brand?post=13214"},{"taxonomy":"product_cat","embeddable":true,"href":"https:\/\/mdbouwmachines.be\/fr\/wp-json\/wp\/v2\/product_cat?post=13214"},{"taxonomy":"product_tag","embeddable":true,"href":"https:\/\/mdbouwmachines.be\/fr\/wp-json\/wp\/v2\/product_tag?post=13214"}],"curies":[{"name":"wp","href":"https:\/\/api.w.org\/{rel}","templated":true}]}}