{"id":13036,"date":"2025-01-24T10:54:32","date_gmt":"2025-01-24T09:54:32","guid":{"rendered":"https:\/\/mdbouwmachines.be\/product\/batterie-lithium-ion-simple-90\/"},"modified":"2025-06-23T12:34:52","modified_gmt":"2025-06-23T11:34:52","slug":"batterie-lithium-ion-simple-90","status":"publish","type":"product","link":"https:\/\/mdbouwmachines.be\/fr\/produit\/batterie-lithium-ion-simple-90\/","title":{"rendered":"Batterie lithium-ion simple 90"},"content":{"rendered":"","protected":false},"excerpt":{"rendered":"<ul>\n<li>\n<p>Moteur : 48V<\/p>\n<\/li>\n<li>\n<p>Crochet de levage int\u00e9gr\u00e9<\/p>\n<\/li>\n<li>\n<p>Temps de charge compl\u00e8te de la batterie : 2 heures<\/p>\n<\/li>\n<li>\n<p>Temps de charge 3\/4 batterie : 1 heure<\/p>\n<\/li>\n<li>\n<p>Autonomie : 2h30 en charge maximale &amp; 3 heures sur couteaux PAR batterie 60V !<\/p>\n<\/li>\n<li>\n<p>Machine parfaitement stabilis\u00e9e<\/p>\n<\/li>\n<li>\n<p>Poign\u00e9e pliable !<\/p>\n<\/li>\n<li>\n<p>Aucun entretien requis sur le moteur \u00e9lectrique (pas de bougies, de filtres \u00e0 air, d&rsquo;huile)<\/p>\n<\/li>\n<li>\n<p>Pas de frais de carburant (120 euros d\u2019\u00e9conomie pour 1000 m\u00b2)<\/p>\n<\/li>\n<li>\n<p>Vitesse : 0-160 tr\/min (option acc\u00e9l\u00e9rateur ET variable en continu)<\/p>\n<\/li>\n<li>\n<p>Affichage \u00e0 l&rsquo;\u00e9cran avec r\u00e9gime et pourcentage de batterie<\/p>\n<\/li>\n<li>\n<p>Lames montantes et descendantes \u00e0 commande \u00e9lectrique !<\/p>\n<\/li>\n<li>\n<p>Couple incomparable avec un moteur essence ou diesel<\/p>\n<\/li>\n<li>\n<p>La recharge peut \u00eatre effectu\u00e9e sur place !<\/p>\n<\/li>\n<li>\n<p>Piles interchangeables sans plug and play, il suffit de les placer dans la valise.<\/p>\n<\/li>\n<li>\n<p>Plus de plaintes li\u00e9es au bruit et plus d\u2019intoxication au CO.<\/p>\n<\/li>\n<li>\n<p>INCLUANT 2\u00c8ME BATTERIE + CHARGEUR !<\/p>\n<\/li>\n<\/ul>\n","protected":false},"featured_media":12662,"template":"","meta":{"_acf_changed":false},"product_brand":[1133],"product_cat":[341],"product_tag":[],"class_list":{"0":"post-13036","1":"product","2":"type-product","3":"status-publish","4":"has-post-thumbnail","6":"product_brand-md-bouwmachines-fr","7":"product_cat-certaines-polisseuses","9":"first","10":"instock","11":"taxable","12":"shipping-taxable","13":"purchasable","14":"product-type-simple"},"acf":[],"_links":{"self":[{"href":"https:\/\/mdbouwmachines.be\/fr\/wp-json\/wp\/v2\/product\/13036","targetHints":{"allow":["GET"]}}],"collection":[{"href":"https:\/\/mdbouwmachines.be\/fr\/wp-json\/wp\/v2\/product"}],"about":[{"href":"https:\/\/mdbouwmachines.be\/fr\/wp-json\/wp\/v2\/types\/product"}],"wp:featuredmedia":[{"embeddable":true,"href":"https:\/\/mdbouwmachines.be\/fr\/wp-json\/wp\/v2\/media\/12662"}],"wp:attachment":[{"href":"https:\/\/mdbouwmachines.be\/fr\/wp-json\/wp\/v2\/media?parent=13036"}],"wp:term":[{"taxonomy":"product_brand","embeddable":true,"href":"https:\/\/mdbouwmachines.be\/fr\/wp-json\/wp\/v2\/product_brand?post=13036"},{"taxonomy":"product_cat","embeddable":true,"href":"https:\/\/mdbouwmachines.be\/fr\/wp-json\/wp\/v2\/product_cat?post=13036"},{"taxonomy":"product_tag","embeddable":true,"href":"https:\/\/mdbouwmachines.be\/fr\/wp-json\/wp\/v2\/product_tag?post=13036"}],"curies":[{"name":"wp","href":"https:\/\/api.w.org\/{rel}","templated":true}]}}