{"id":12966,"date":"2025-01-24T09:53:13","date_gmt":"2025-01-24T09:53:13","guid":{"rendered":"https:\/\/mdbouwmachines.be\/product\/produit-de-cure-20-l-vernis\/"},"modified":"2025-01-24T09:53:13","modified_gmt":"2025-01-24T08:53:13","slug":"produit-de-cure-20-l-vernis","status":"publish","type":"product","link":"https:\/\/mdbouwmachines.be\/fr\/produit\/produit-de-cure-20-l-vernis\/","title":{"rendered":"Produit de cure 20 l \u2013 Vernis"},"content":{"rendered":"","protected":false},"excerpt":{"rendered":"<p>Produit de post-traitement pour sols en b\u00e9ton poli industriellement pour ralentir l&rsquo;\u00e9vaporation de l&rsquo;eau. Emp\u00eache le s\u00e9chage pr\u00e9matur\u00e9 des sols en b\u00e9ton fra\u00eechement polis. Pr\u00e9vient \u00e9galement les fissures de retrait et les probl\u00e8mes de surface.  <\/p>\n","protected":false},"featured_media":9551,"template":"","meta":{"_acf_changed":false},"product_brand":[1133],"product_cat":[529],"product_tag":[],"class_list":{"0":"post-12966","1":"product","2":"type-product","3":"status-publish","4":"has-post-thumbnail","6":"product_brand-md-bouwmachines-fr","7":"product_cat-consommables","9":"first","10":"instock","11":"taxable","12":"shipping-taxable","13":"purchasable","14":"product-type-variable","15":"has-default-attributes"},"acf":[],"_links":{"self":[{"href":"https:\/\/mdbouwmachines.be\/fr\/wp-json\/wp\/v2\/product\/12966","targetHints":{"allow":["GET"]}}],"collection":[{"href":"https:\/\/mdbouwmachines.be\/fr\/wp-json\/wp\/v2\/product"}],"about":[{"href":"https:\/\/mdbouwmachines.be\/fr\/wp-json\/wp\/v2\/types\/product"}],"wp:featuredmedia":[{"embeddable":true,"href":"https:\/\/mdbouwmachines.be\/fr\/wp-json\/wp\/v2\/media\/9551"}],"wp:attachment":[{"href":"https:\/\/mdbouwmachines.be\/fr\/wp-json\/wp\/v2\/media?parent=12966"}],"wp:term":[{"taxonomy":"product_brand","embeddable":true,"href":"https:\/\/mdbouwmachines.be\/fr\/wp-json\/wp\/v2\/product_brand?post=12966"},{"taxonomy":"product_cat","embeddable":true,"href":"https:\/\/mdbouwmachines.be\/fr\/wp-json\/wp\/v2\/product_cat?post=12966"},{"taxonomy":"product_tag","embeddable":true,"href":"https:\/\/mdbouwmachines.be\/fr\/wp-json\/wp\/v2\/product_tag?post=12966"}],"curies":[{"name":"wp","href":"https:\/\/api.w.org\/{rel}","templated":true}]}}