{"id":12885,"date":"2025-02-10T08:46:49","date_gmt":"2025-02-10T07:46:49","guid":{"rendered":"https:\/\/mdbouwmachines.be\/product\/bordure-en-acier-bleu\/"},"modified":"2025-02-10T15:02:37","modified_gmt":"2025-02-10T14:02:37","slug":"bordure-en-acier-bleu","status":"publish","type":"product","link":"https:\/\/mdbouwmachines.be\/fr\/produit\/bordure-en-acier-bleu\/","title":{"rendered":"Bordure en acier bleu"},"content":{"rendered":"","protected":false},"excerpt":{"rendered":"<p>Couteau adh\u00e9sif en acier bleu avec coin arrondi. Id\u00e9al pour la broderie. Disponible en 3 tailles diff\u00e9rentes.  <\/p>\n","protected":false},"featured_media":12685,"template":"","meta":{"_acf_changed":false},"product_brand":[1133],"product_cat":[495],"product_tag":[],"class_list":{"0":"post-12885","1":"product","2":"type-product","3":"status-publish","4":"has-post-thumbnail","6":"product_brand-md-bouwmachines-fr","7":"product_cat-outils-et-outils-a-main","9":"first","10":"instock","11":"taxable","12":"shipping-taxable","13":"purchasable","14":"product-type-variable","15":"has-default-attributes"},"acf":[],"_links":{"self":[{"href":"https:\/\/mdbouwmachines.be\/fr\/wp-json\/wp\/v2\/product\/12885","targetHints":{"allow":["GET"]}}],"collection":[{"href":"https:\/\/mdbouwmachines.be\/fr\/wp-json\/wp\/v2\/product"}],"about":[{"href":"https:\/\/mdbouwmachines.be\/fr\/wp-json\/wp\/v2\/types\/product"}],"wp:featuredmedia":[{"embeddable":true,"href":"https:\/\/mdbouwmachines.be\/fr\/wp-json\/wp\/v2\/media\/12685"}],"wp:attachment":[{"href":"https:\/\/mdbouwmachines.be\/fr\/wp-json\/wp\/v2\/media?parent=12885"}],"wp:term":[{"taxonomy":"product_brand","embeddable":true,"href":"https:\/\/mdbouwmachines.be\/fr\/wp-json\/wp\/v2\/product_brand?post=12885"},{"taxonomy":"product_cat","embeddable":true,"href":"https:\/\/mdbouwmachines.be\/fr\/wp-json\/wp\/v2\/product_cat?post=12885"},{"taxonomy":"product_tag","embeddable":true,"href":"https:\/\/mdbouwmachines.be\/fr\/wp-json\/wp\/v2\/product_tag?post=12885"}],"curies":[{"name":"wp","href":"https:\/\/api.w.org\/{rel}","templated":true}]}}