{"id":12848,"date":"2025-02-06T14:26:17","date_gmt":"2025-02-06T13:26:17","guid":{"rendered":"https:\/\/mdbouwmachines.be\/product\/produit-delave\/"},"modified":"2025-02-06T14:26:17","modified_gmt":"2025-02-06T13:26:17","slug":"produit-delave","status":"publish","type":"product","link":"https:\/\/mdbouwmachines.be\/fr\/produit\/produit-delave\/","title":{"rendered":"Produit d\u00e9lav\u00e9"},"content":{"rendered":"","protected":false},"excerpt":{"rendered":"<p>Retardateur de surface \u2013 pour le lavage du b\u00e9ton. Bouteilles d&rsquo;eau par 25L ou par palette (600L)<br \/> Diff\u00e9rentes couleurs \u00e0 laver \u00e0 diff\u00e9rentes profondeurs. <\/p>\n","protected":false},"featured_media":13144,"template":"","meta":{"_acf_changed":false},"product_brand":[1177],"product_cat":[529],"product_tag":[],"class_list":{"0":"post-12848","1":"product","2":"type-product","3":"status-publish","4":"has-post-thumbnail","6":"product_brand-demula-fr","7":"product_cat-consommables","9":"first","10":"instock","11":"taxable","12":"shipping-taxable","13":"purchasable","14":"product-type-variable","15":"has-default-attributes"},"acf":[],"_links":{"self":[{"href":"https:\/\/mdbouwmachines.be\/fr\/wp-json\/wp\/v2\/product\/12848","targetHints":{"allow":["GET"]}}],"collection":[{"href":"https:\/\/mdbouwmachines.be\/fr\/wp-json\/wp\/v2\/product"}],"about":[{"href":"https:\/\/mdbouwmachines.be\/fr\/wp-json\/wp\/v2\/types\/product"}],"wp:featuredmedia":[{"embeddable":true,"href":"https:\/\/mdbouwmachines.be\/fr\/wp-json\/wp\/v2\/media\/13144"}],"wp:attachment":[{"href":"https:\/\/mdbouwmachines.be\/fr\/wp-json\/wp\/v2\/media?parent=12848"}],"wp:term":[{"taxonomy":"product_brand","embeddable":true,"href":"https:\/\/mdbouwmachines.be\/fr\/wp-json\/wp\/v2\/product_brand?post=12848"},{"taxonomy":"product_cat","embeddable":true,"href":"https:\/\/mdbouwmachines.be\/fr\/wp-json\/wp\/v2\/product_cat?post=12848"},{"taxonomy":"product_tag","embeddable":true,"href":"https:\/\/mdbouwmachines.be\/fr\/wp-json\/wp\/v2\/product_tag?post=12848"}],"curies":[{"name":"wp","href":"https:\/\/api.w.org\/{rel}","templated":true}]}}