{"id":12837,"date":"2025-01-24T10:54:50","date_gmt":"2025-01-24T09:54:50","guid":{"rendered":"https:\/\/mdbouwmachines.be\/product\/combi-mk-8-75-4-80\/"},"modified":"2025-01-24T10:54:50","modified_gmt":"2025-01-24T09:54:50","slug":"combi-mk-8-75-4-80","status":"publish","type":"product","link":"https:\/\/mdbouwmachines.be\/fr\/produit\/combi-mk-8-75-4-80\/","title":{"rendered":"COMBI MK 8-75 \/ 4-80"},"content":{"rendered":"","protected":false},"excerpt":{"rendered":"<\/p>\n<p><span>Pack (4 pi\u00e8ces) de lames combin\u00e9es de 75 cm, adapt\u00e9es \u00e0<\/span> <strong style=\"font-family: var(--wp--preset--font-family--system-font)\">Barikell<\/strong> <span>.<\/span><\/p>\n<p><\/p>\n<p><span>L&rsquo;alliage de haute qualit\u00e9 permet de traiter plus de m\u00e8tres carr\u00e9s par rapport aux marques classiques. Parfois plus de 2 fois la surface ! <\/span><\/p>\n<p>Cela r\u00e9duit les co\u00fbts au m\u00b2 et diminue le temps perdu pour le changement.<\/p>\n<p><strong>Emball\u00e9 par 4 pi\u00e8ces.<\/strong><\/p>\n","protected":false},"featured_media":15639,"template":"","meta":{"_acf_changed":false},"product_brand":[1133],"product_cat":[526],"product_tag":[],"class_list":{"0":"post-12837","1":"product","2":"type-product","3":"status-publish","4":"has-post-thumbnail","6":"product_brand-md-bouwmachines-fr","7":"product_cat-feuilles-combinees","9":"first","10":"instock","11":"taxable","12":"shipping-taxable","13":"purchasable","14":"product-type-simple"},"acf":[],"_links":{"self":[{"href":"https:\/\/mdbouwmachines.be\/fr\/wp-json\/wp\/v2\/product\/12837","targetHints":{"allow":["GET"]}}],"collection":[{"href":"https:\/\/mdbouwmachines.be\/fr\/wp-json\/wp\/v2\/product"}],"about":[{"href":"https:\/\/mdbouwmachines.be\/fr\/wp-json\/wp\/v2\/types\/product"}],"wp:featuredmedia":[{"embeddable":true,"href":"https:\/\/mdbouwmachines.be\/fr\/wp-json\/wp\/v2\/media\/15639"}],"wp:attachment":[{"href":"https:\/\/mdbouwmachines.be\/fr\/wp-json\/wp\/v2\/media?parent=12837"}],"wp:term":[{"taxonomy":"product_brand","embeddable":true,"href":"https:\/\/mdbouwmachines.be\/fr\/wp-json\/wp\/v2\/product_brand?post=12837"},{"taxonomy":"product_cat","embeddable":true,"href":"https:\/\/mdbouwmachines.be\/fr\/wp-json\/wp\/v2\/product_cat?post=12837"},{"taxonomy":"product_tag","embeddable":true,"href":"https:\/\/mdbouwmachines.be\/fr\/wp-json\/wp\/v2\/product_tag?post=12837"}],"curies":[{"name":"wp","href":"https:\/\/api.w.org\/{rel}","templated":true}]}}