{"id":12826,"date":"2025-02-06T14:12:26","date_gmt":"2025-02-06T13:12:26","guid":{"rendered":"https:\/\/mdbouwmachines.be\/product\/barikell-60-delave\/"},"modified":"2025-06-23T12:36:10","modified_gmt":"2025-06-23T11:36:10","slug":"barikell-60-delave","status":"publish","type":"product","link":"https:\/\/mdbouwmachines.be\/fr\/produit\/barikell-60-delave\/","title":{"rendered":"BARIKELL 60 d\u00e9lav\u00e9"},"content":{"rendered":"\n<hr class=\"wp-block-separator has-alpha-channel-opacity is-style-dots\" \/>\n\n<h2 class=\"wp-block-heading\">D\u00e9finition<\/h2>\n\n<p>Notre propre Barikell 60 d\u00e9velopp\u00e9\/personnalis\u00e9 pour le lavage du b\u00e9ton.<\/p>\n\n<p>En utilisant cette machine, vous pouvez acc\u00e9l\u00e9rer consid\u00e9rablement le processus de lavage. La machine pr\u00e9sente donc non seulement un \u00e9norme gain de temps, mais elle est \u00e9galement rentable. De plus, l\u2019utilisation de cette machine garantit \u00e9galement un meilleur r\u00e9sultat esth\u00e9tique. Les marques de marquage des puces de marquage sont minimis\u00e9es.   <\/p>\n\n<p>Les 3 diff\u00e9rents types de brosses peuvent chacun \u00eatre utilis\u00e9s pour une profondeur de lavage et\/ou une application sp\u00e9cifique :<\/p>\n\n<ul class=\"wp-block-list\">\n<li>Brosse dure : pour une profondeur de lavage de 2 mm ou plus<\/li>\n\n\n\n<li>Brosse semi-rigide : pour une profondeur de lavage inf\u00e9rieure \u00e0 2 mm<\/li>\n\n\n\n<li>Brosse douce : pour appliquer de la cire sur les sols en b\u00e9ton<\/li>\n<\/ul>\n\n<hr class=\"wp-block-separator has-alpha-channel-opacity\" \/>\n\n<h2 class=\"wp-block-heading\">Informations techniques<\/h2>\n\n<h3 class=\"wp-block-heading\"><strong>G\u00e9n\u00e9ralit\u00e9s<\/strong><\/h3>\n\n<figure class=\"wp-block-table\"><table class=\"has-fixed-layout\"><tbody><tr><td>Diam\u00e8tre de travail<\/td><td>60 cm<\/td><\/tr><\/tbody><\/table><\/figure>\n\n<h3 class=\"wp-block-heading\"><strong>Taille<\/strong><\/h3>\n\n<figure class=\"wp-block-table\"><table class=\"has-fixed-layout\"><tbody><tr><td>Longueur (mm)<\/td><td>1406<\/td><\/tr><tr><td>Largeur (mm)<\/td><td>600<\/td><\/tr><tr><td>Hauteur (mm)<\/td><td>1000<\/td><\/tr><tr><td>Poids (kg)<\/td><td>40 (\u00b1)<\/td><\/tr><\/tbody><\/table><\/figure>\n\n<hr class=\"wp-block-separator has-alpha-channel-opacity is-style-dots\" \/>\n","protected":false},"excerpt":{"rendered":"<p>Notre propre Barikell 60 d\u00e9velopp\u00e9\/personnalis\u00e9 pour le lavage du b\u00e9ton.<br \/>Cette machine est livr\u00e9e en standard avec 3 brosses, une de chaque type.<\/p>\n","protected":false},"featured_media":13161,"template":"","meta":{"_acf_changed":false},"product_brand":[1123],"product_cat":[488],"product_tag":[],"class_list":{"0":"post-12826","1":"product","2":"type-product","3":"status-publish","4":"has-post-thumbnail","6":"product_brand-barikell-fr","7":"product_cat-finisseurs-de-chants","9":"first","10":"instock","11":"taxable","12":"shipping-taxable","13":"purchasable","14":"product-type-simple"},"acf":[],"_links":{"self":[{"href":"https:\/\/mdbouwmachines.be\/fr\/wp-json\/wp\/v2\/product\/12826","targetHints":{"allow":["GET"]}}],"collection":[{"href":"https:\/\/mdbouwmachines.be\/fr\/wp-json\/wp\/v2\/product"}],"about":[{"href":"https:\/\/mdbouwmachines.be\/fr\/wp-json\/wp\/v2\/types\/product"}],"wp:featuredmedia":[{"embeddable":true,"href":"https:\/\/mdbouwmachines.be\/fr\/wp-json\/wp\/v2\/media\/13161"}],"wp:attachment":[{"href":"https:\/\/mdbouwmachines.be\/fr\/wp-json\/wp\/v2\/media?parent=12826"}],"wp:term":[{"taxonomy":"product_brand","embeddable":true,"href":"https:\/\/mdbouwmachines.be\/fr\/wp-json\/wp\/v2\/product_brand?post=12826"},{"taxonomy":"product_cat","embeddable":true,"href":"https:\/\/mdbouwmachines.be\/fr\/wp-json\/wp\/v2\/product_cat?post=12826"},{"taxonomy":"product_tag","embeddable":true,"href":"https:\/\/mdbouwmachines.be\/fr\/wp-json\/wp\/v2\/product_tag?post=12826"}],"curies":[{"name":"wp","href":"https:\/\/api.w.org\/{rel}","templated":true}]}}