{"id":12811,"date":"2025-02-06T14:04:48","date_gmt":"2025-02-06T13:04:48","guid":{"rendered":"https:\/\/mdbouwmachines.be\/product\/barikell-60-polonais\/"},"modified":"2025-06-23T12:36:05","modified_gmt":"2025-06-23T11:36:05","slug":"barikell-60-polonais","status":"publish","type":"product","link":"https:\/\/mdbouwmachines.be\/fr\/produit\/barikell-60-polonais\/","title":{"rendered":"BARIKELL Moskito 60 Polissage"},"content":{"rendered":"\n<hr class=\"wp-block-separator has-alpha-channel-opacity is-style-dots\" \/>\n\n<h2 class=\"wp-block-heading\">D\u00e9finition<\/h2>\n\n<p>Le Moskito 60 Polishing est utilis\u00e9, selon le type de tampons, pour rafra\u00eechir les sols en b\u00e9ton ou poncer le b\u00e9ton. (les tampons ne sont pas inclus dans la machine) <\/p>\n\n<p>est un Moskito 60 modifi\u00e9. Les 4 bras sont \u00e9quip\u00e9s de supports sur lesquels peuvent \u00eatre pos\u00e9s 3 tampons de polissage. Les supports eux-m\u00eames sont fix\u00e9s aux bras par un axe et un roulement de sorte qu\u2019ils tournent \u00e9galement autour de leur axe en raison de la force centrifuge. Cela garantit qu\u2019une surface maximale peut \u00eatre trait\u00e9e avec relativement peu de tampons. La machine dispose \u00e9galement d\u2019une brosse sur l\u2019anneau ext\u00e9rieur pour emp\u00eacher la propagation de la poussi\u00e8re. De plus, la poign\u00e9e est pliable et le Polishing 60 est \u00e9quip\u00e9 d\u2019un crochet de levage. Cela garantit que la machine est tr\u00e8s facile \u00e0 transporter sans prendre beaucoup de place.      <\/p>\n\n<p>Le Moskito 60 Polishing est \u00e9quip\u00e9 d\u2019un moteur Honda de 5,5 ch (GX 160).<\/p>\n\n<hr class=\"wp-block-separator has-alpha-channel-opacity\" \/>\n\n<h2 class=\"wp-block-heading\">Informations techniques<\/h2>\n\n<p><strong>G\u00e9n\u00e9ralit\u00e9s<\/strong><\/p>\n\n<figure class=\"wp-block-table\"><table class=\"has-fixed-layout\"><tbody><tr><td>Diam\u00e8tre de travail<\/td><td>60 cm<\/td><\/tr><\/tbody><\/table><\/figure>\n\n<p><strong>Taille<\/strong><\/p>\n\n<figure class=\"wp-block-table\"><table class=\"has-fixed-layout\"><tbody><tr><td>Longueur (mm)<\/td><td>1506<\/td><\/tr><tr><td>Largeur (mm)<\/td><td>600<\/td><\/tr><tr><td>Hauteur (mm)<\/td><td>1000<\/td><\/tr><tr><td>Poids (kg)<\/td><td>55 (\u00b1)<\/td><\/tr><\/tbody><\/table><\/figure>\n","protected":false},"excerpt":{"rendered":"<p>Le polissage Moskito 60 de la marque Barikell. Convient \u00e0 de multiples applications, selon le type de tampons (ceux-ci ne sont pas inclus avec la machine). <\/p>\n<p>Pour conna\u00eetre le processus exact \u00e9tape par \u00e9tape, vous pouvez toujours nous appeler.<\/p>\n","protected":false},"featured_media":13432,"template":"","meta":{"_acf_changed":false},"product_brand":[1123],"product_cat":[488],"product_tag":[],"class_list":{"0":"post-12811","1":"product","2":"type-product","3":"status-publish","4":"has-post-thumbnail","6":"product_brand-barikell-fr","7":"product_cat-finisseurs-de-chants","9":"first","10":"instock","11":"taxable","12":"shipping-taxable","13":"purchasable","14":"product-type-variable","15":"has-default-attributes"},"acf":[],"_links":{"self":[{"href":"https:\/\/mdbouwmachines.be\/fr\/wp-json\/wp\/v2\/product\/12811","targetHints":{"allow":["GET"]}}],"collection":[{"href":"https:\/\/mdbouwmachines.be\/fr\/wp-json\/wp\/v2\/product"}],"about":[{"href":"https:\/\/mdbouwmachines.be\/fr\/wp-json\/wp\/v2\/types\/product"}],"wp:featuredmedia":[{"embeddable":true,"href":"https:\/\/mdbouwmachines.be\/fr\/wp-json\/wp\/v2\/media\/13432"}],"wp:attachment":[{"href":"https:\/\/mdbouwmachines.be\/fr\/wp-json\/wp\/v2\/media?parent=12811"}],"wp:term":[{"taxonomy":"product_brand","embeddable":true,"href":"https:\/\/mdbouwmachines.be\/fr\/wp-json\/wp\/v2\/product_brand?post=12811"},{"taxonomy":"product_cat","embeddable":true,"href":"https:\/\/mdbouwmachines.be\/fr\/wp-json\/wp\/v2\/product_cat?post=12811"},{"taxonomy":"product_tag","embeddable":true,"href":"https:\/\/mdbouwmachines.be\/fr\/wp-json\/wp\/v2\/product_tag?post=12811"}],"curies":[{"name":"wp","href":"https:\/\/api.w.org\/{rel}","templated":true}]}}