{"id":12780,"date":"2025-02-06T13:31:18","date_gmt":"2025-02-06T12:31:18","guid":{"rendered":"https:\/\/mdbouwmachines.be\/product\/conmec-mk10-120-hcs\/"},"modified":"2025-06-23T12:36:02","modified_gmt":"2025-06-23T11:36:02","slug":"conmec-mk10-120-hcs","status":"publish","type":"product","link":"https:\/\/mdbouwmachines.be\/fr\/produit\/conmec-mk10-120-hcs\/","title":{"rendered":"CONMEC Double 10-120 Hydraulique"},"content":{"rendered":"","protected":false},"excerpt":{"rendered":"<p>Le double 120 super r\u00e9sistant de la marque Conmec. Le ch\u00e2ssis le plus solide du march\u00e9, en acier massif. Equip\u00e9 du Vanguard 35 cv ou du Vanguard 40 cv injection. Choix de 8 feuilles ou 10 feuilles. Toujours \u00e9quip\u00e9 de direction hydraulique \u2013 direction SOFT, extr\u00eamement bonne, direction douce. Comprend un syst\u00e8me de pulv\u00e9risation d&rsquo;eau (buses \u00e0 brouillard tr\u00e8s fin), un accouplement \u00e0 convertisseur de couple. Poids \u2013 490 kg.      <\/p>\n","protected":false},"featured_media":18284,"template":"","meta":{"_acf_changed":false},"product_brand":[1221],"product_cat":[364],"product_tag":[],"class_list":{"0":"post-12780","1":"product","2":"type-product","3":"status-publish","4":"has-post-thumbnail","6":"product_brand-conmec-fr","7":"product_cat-machines-a-polir-doubles","9":"first","10":"instock","11":"taxable","12":"shipping-taxable","13":"purchasable","14":"product-type-variable","15":"has-default-attributes"},"acf":[],"_links":{"self":[{"href":"https:\/\/mdbouwmachines.be\/fr\/wp-json\/wp\/v2\/product\/12780","targetHints":{"allow":["GET"]}}],"collection":[{"href":"https:\/\/mdbouwmachines.be\/fr\/wp-json\/wp\/v2\/product"}],"about":[{"href":"https:\/\/mdbouwmachines.be\/fr\/wp-json\/wp\/v2\/types\/product"}],"wp:featuredmedia":[{"embeddable":true,"href":"https:\/\/mdbouwmachines.be\/fr\/wp-json\/wp\/v2\/media\/18284"}],"wp:attachment":[{"href":"https:\/\/mdbouwmachines.be\/fr\/wp-json\/wp\/v2\/media?parent=12780"}],"wp:term":[{"taxonomy":"product_brand","embeddable":true,"href":"https:\/\/mdbouwmachines.be\/fr\/wp-json\/wp\/v2\/product_brand?post=12780"},{"taxonomy":"product_cat","embeddable":true,"href":"https:\/\/mdbouwmachines.be\/fr\/wp-json\/wp\/v2\/product_cat?post=12780"},{"taxonomy":"product_tag","embeddable":true,"href":"https:\/\/mdbouwmachines.be\/fr\/wp-json\/wp\/v2\/product_tag?post=12780"}],"curies":[{"name":"wp","href":"https:\/\/api.w.org\/{rel}","templated":true}]}}