{"id":12642,"date":"2025-01-24T09:55:02","date_gmt":"2025-01-24T09:55:02","guid":{"rendered":"https:\/\/mdbouwmachines.be\/product\/rainureuse-a-main\/"},"modified":"2025-01-24T09:55:02","modified_gmt":"2025-01-24T08:55:02","slug":"rainureuse-a-main","status":"publish","type":"product","link":"https:\/\/mdbouwmachines.be\/fr\/produit\/rainureuse-a-main\/","title":{"rendered":"Rainureuse \u00e0 main"},"content":{"rendered":"","protected":false},"excerpt":{"rendered":"<p>#8202 Rainure \u00e0 main en acier inoxydable pour b\u00e9ton : 180 mm x 110 mm x 10 mm (hauteur du bord)<\/p>\n<p>#8204 Rainure \u00e0 main en acier inoxydable pour b\u00e9ton : 180 mm x 110 mm x 32 mm (hauteur du bord)<\/p>\n<p><\/p>\n","protected":false},"featured_media":12636,"template":"","meta":{"_acf_changed":false},"product_brand":[1133],"product_cat":[495],"product_tag":[],"class_list":{"0":"post-12642","1":"product","2":"type-product","3":"status-publish","4":"has-post-thumbnail","6":"product_brand-md-bouwmachines-fr","7":"product_cat-outils-et-outils-a-main","9":"first","10":"instock","11":"taxable","12":"shipping-taxable","13":"purchasable","14":"product-type-variable","15":"has-default-attributes"},"acf":[],"_links":{"self":[{"href":"https:\/\/mdbouwmachines.be\/fr\/wp-json\/wp\/v2\/product\/12642","targetHints":{"allow":["GET"]}}],"collection":[{"href":"https:\/\/mdbouwmachines.be\/fr\/wp-json\/wp\/v2\/product"}],"about":[{"href":"https:\/\/mdbouwmachines.be\/fr\/wp-json\/wp\/v2\/types\/product"}],"wp:featuredmedia":[{"embeddable":true,"href":"https:\/\/mdbouwmachines.be\/fr\/wp-json\/wp\/v2\/media\/12636"}],"wp:attachment":[{"href":"https:\/\/mdbouwmachines.be\/fr\/wp-json\/wp\/v2\/media?parent=12642"}],"wp:term":[{"taxonomy":"product_brand","embeddable":true,"href":"https:\/\/mdbouwmachines.be\/fr\/wp-json\/wp\/v2\/product_brand?post=12642"},{"taxonomy":"product_cat","embeddable":true,"href":"https:\/\/mdbouwmachines.be\/fr\/wp-json\/wp\/v2\/product_cat?post=12642"},{"taxonomy":"product_tag","embeddable":true,"href":"https:\/\/mdbouwmachines.be\/fr\/wp-json\/wp\/v2\/product_tag?post=12642"}],"curies":[{"name":"wp","href":"https:\/\/api.w.org\/{rel}","templated":true}]}}