{"id":12627,"date":"2025-01-24T10:54:32","date_gmt":"2025-01-24T09:54:32","guid":{"rendered":"https:\/\/mdbouwmachines.be\/product\/batterie-lithium-ion-bordeuse-60\/"},"modified":"2025-06-23T12:28:12","modified_gmt":"2025-06-23T11:28:12","slug":"batterie-lithium-ion-bordeuse-60","status":"publish","type":"product","link":"https:\/\/mdbouwmachines.be\/fr\/produit\/batterie-lithium-ion-bordeuse-60\/","title":{"rendered":"CONMEC 60 Bordeuse"},"content":{"rendered":"","protected":false},"excerpt":{"rendered":"<ul>\n<li>\n<p>Moteur : 48V<\/p>\n<\/li>\n<li>\n<p>Crochet de levage int\u00e9gr\u00e9<\/p>\n<\/li>\n<li>\n<p>Temps de charge de la batterie pleine : 2 heures<\/p>\n<\/li>\n<li>\n<p>Temps de charge 3\/4 batterie : 1 heure<\/p>\n<\/li>\n<li>\n<p>Autonomie : 2h30 en charge maximale &amp; 3 heures sur couteaux PAR batterie 60V !<\/p>\n<\/li>\n<li>\n<p>Machine parfaitement stabilis\u00e9e<\/p>\n<\/li>\n<li>\n<p>Poign\u00e9e pliable !<\/p>\n<\/li>\n<li>\n<p>Aucun entretien n\u00e9cessaire sur le moteur \u00e9lectrique (plus de bougies, de filtres \u00e0 air, d&rsquo;huile)<\/p>\n<\/li>\n<li>\n<p>Pas de frais de carburant (120 euros \u00e9conomis\u00e9s pour 1000 m\u00b2)<\/p>\n<\/li>\n<li>\n<p>Vitesse : 0-180 tr\/min (option acc\u00e9l\u00e9rateur ET r\u00e9glage infiniment variable)<\/p>\n<\/li>\n<li>\n<p>Affichage \u00e0 l&rsquo;\u00e9cran avec le nombre de tr\/min et le pourcentage de batterie<\/p>\n<\/li>\n<li>\n<p>Lames montantes et descendantes \u00e0 commande \u00e9lectrique !<\/p>\n<\/li>\n<li>\n<p>Couple incomparable avec un moteur essence ou diesel<\/p>\n<\/li>\n<li>\n<p>La recharge peut \u00eatre effectu\u00e9e sur place !<\/p>\n<\/li>\n<li>\n<p>Piles interchangeables sans plug and play, il suffit de les placer dans la valise.<\/p>\n<\/li>\n<li>\n<p>Plus de plaintes pour pollution sonore et plus d\u2019intoxication au CO<\/p>\n<\/li>\n<li>\n<p>INCLUANT 2\u00e8me BATTERIE + CHARGEUR !<\/p>\n<\/li>\n<\/ul>\n","protected":false},"featured_media":18706,"template":"","meta":{"_acf_changed":false},"product_brand":[1221],"product_cat":[488],"product_tag":[648],"class_list":{"0":"post-12627","1":"product","2":"type-product","3":"status-publish","4":"has-post-thumbnail","6":"product_brand-conmec-fr","7":"product_cat-finisseurs-de-chants","8":"product_tag-exclusif","10":"first","11":"instock","12":"featured","13":"taxable","14":"shipping-taxable","15":"purchasable","16":"product-type-simple"},"acf":[],"_links":{"self":[{"href":"https:\/\/mdbouwmachines.be\/fr\/wp-json\/wp\/v2\/product\/12627","targetHints":{"allow":["GET"]}}],"collection":[{"href":"https:\/\/mdbouwmachines.be\/fr\/wp-json\/wp\/v2\/product"}],"about":[{"href":"https:\/\/mdbouwmachines.be\/fr\/wp-json\/wp\/v2\/types\/product"}],"wp:featuredmedia":[{"embeddable":true,"href":"https:\/\/mdbouwmachines.be\/fr\/wp-json\/wp\/v2\/media\/18706"}],"wp:attachment":[{"href":"https:\/\/mdbouwmachines.be\/fr\/wp-json\/wp\/v2\/media?parent=12627"}],"wp:term":[{"taxonomy":"product_brand","embeddable":true,"href":"https:\/\/mdbouwmachines.be\/fr\/wp-json\/wp\/v2\/product_brand?post=12627"},{"taxonomy":"product_cat","embeddable":true,"href":"https:\/\/mdbouwmachines.be\/fr\/wp-json\/wp\/v2\/product_cat?post=12627"},{"taxonomy":"product_tag","embeddable":true,"href":"https:\/\/mdbouwmachines.be\/fr\/wp-json\/wp\/v2\/product_tag?post=12627"}],"curies":[{"name":"wp","href":"https:\/\/api.w.org\/{rel}","templated":true}]}}