{"id":12593,"date":"2025-01-24T09:53:46","date_gmt":"2025-01-24T09:53:46","guid":{"rendered":"https:\/\/mdbouwmachines.be\/product\/couteau-adhesif-ragni\/"},"modified":"2025-02-10T15:02:32","modified_gmt":"2025-02-10T14:02:32","slug":"couteau-adhesif-ragni","status":"publish","type":"product","link":"https:\/\/mdbouwmachines.be\/fr\/produit\/couteau-adhesif-ragni\/","title":{"rendered":"Couteau adh\u00e9sif RAGNI"},"content":{"rendered":"","protected":false},"excerpt":{"rendered":"<p>Truelles \u00e0 main de la marque RAGNI en diff\u00e9rentes tailles !<\/p>\n","protected":false},"featured_media":12587,"template":"","meta":{"_acf_changed":false},"product_brand":[1184],"product_cat":[495],"product_tag":[],"class_list":{"0":"post-12593","1":"product","2":"type-product","3":"status-publish","4":"has-post-thumbnail","6":"product_brand-ragni-fr","7":"product_cat-outils-et-outils-a-main","9":"first","10":"instock","11":"taxable","12":"shipping-taxable","13":"purchasable","14":"product-type-variable","15":"has-default-attributes"},"acf":[],"_links":{"self":[{"href":"https:\/\/mdbouwmachines.be\/fr\/wp-json\/wp\/v2\/product\/12593","targetHints":{"allow":["GET"]}}],"collection":[{"href":"https:\/\/mdbouwmachines.be\/fr\/wp-json\/wp\/v2\/product"}],"about":[{"href":"https:\/\/mdbouwmachines.be\/fr\/wp-json\/wp\/v2\/types\/product"}],"wp:featuredmedia":[{"embeddable":true,"href":"https:\/\/mdbouwmachines.be\/fr\/wp-json\/wp\/v2\/media\/12587"}],"wp:attachment":[{"href":"https:\/\/mdbouwmachines.be\/fr\/wp-json\/wp\/v2\/media?parent=12593"}],"wp:term":[{"taxonomy":"product_brand","embeddable":true,"href":"https:\/\/mdbouwmachines.be\/fr\/wp-json\/wp\/v2\/product_brand?post=12593"},{"taxonomy":"product_cat","embeddable":true,"href":"https:\/\/mdbouwmachines.be\/fr\/wp-json\/wp\/v2\/product_cat?post=12593"},{"taxonomy":"product_tag","embeddable":true,"href":"https:\/\/mdbouwmachines.be\/fr\/wp-json\/wp\/v2\/product_tag?post=12593"}],"curies":[{"name":"wp","href":"https:\/\/api.w.org\/{rel}","templated":true}]}}