{"id":12582,"date":"2025-01-24T09:53:23","date_gmt":"2025-01-24T08:53:23","guid":{"rendered":"https:\/\/mdbouwmachines.be\/product\/lissmac-compactcut-300p\/"},"modified":"2025-01-24T09:53:23","modified_gmt":"2025-01-24T08:53:23","slug":"lissmac-compactcut-300p","status":"publish","type":"product","link":"https:\/\/mdbouwmachines.be\/fr\/produit\/lissmac-compactcut-300p\/","title":{"rendered":"Lissmac Compactcut 300P"},"content":{"rendered":"","protected":false},"excerpt":{"rendered":"<p>La s\u00e9rie COMPACTCUT 300 est particuli\u00e8rement rapide et flexible dans son application et couvre un large \u00e9ventail de t\u00e2ches de sciage. La conception compacte et robuste de la s\u00e9rie COMPACTCUT 300 la rend id\u00e9ale pour une utilisation sur des chantiers de construction confin\u00e9s. La pulv\u00e9risation de bride standard permet d&rsquo;\u00e9conomiser de l&rsquo;eau et assure un refroidissement optimal de la lame de scie. Cela garantit une dur\u00e9e de vie plus longue de la lame de scie. Diam\u00e8tre Disque Diamant maximum 500mm. Seule possibilit\u00e9 de scier \u00e0 gauche, cela assure une plus longue dur\u00e9e de vie du moteur car il voit moins de poussi\u00e8re.     <\/p>\n","protected":false},"featured_media":12578,"template":"","meta":{"_acf_changed":false},"product_brand":[1157],"product_cat":[331],"product_tag":[],"class_list":{"0":"post-12582","1":"product","2":"type-product","3":"status-publish","4":"has-post-thumbnail","6":"product_brand-lissmac-fr","7":"product_cat-scies-de-sol","9":"first","10":"instock","11":"taxable","12":"shipping-taxable","13":"purchasable","14":"product-type-simple"},"acf":[],"_links":{"self":[{"href":"https:\/\/mdbouwmachines.be\/fr\/wp-json\/wp\/v2\/product\/12582","targetHints":{"allow":["GET"]}}],"collection":[{"href":"https:\/\/mdbouwmachines.be\/fr\/wp-json\/wp\/v2\/product"}],"about":[{"href":"https:\/\/mdbouwmachines.be\/fr\/wp-json\/wp\/v2\/types\/product"}],"wp:featuredmedia":[{"embeddable":true,"href":"https:\/\/mdbouwmachines.be\/fr\/wp-json\/wp\/v2\/media\/12578"}],"wp:attachment":[{"href":"https:\/\/mdbouwmachines.be\/fr\/wp-json\/wp\/v2\/media?parent=12582"}],"wp:term":[{"taxonomy":"product_brand","embeddable":true,"href":"https:\/\/mdbouwmachines.be\/fr\/wp-json\/wp\/v2\/product_brand?post=12582"},{"taxonomy":"product_cat","embeddable":true,"href":"https:\/\/mdbouwmachines.be\/fr\/wp-json\/wp\/v2\/product_cat?post=12582"},{"taxonomy":"product_tag","embeddable":true,"href":"https:\/\/mdbouwmachines.be\/fr\/wp-json\/wp\/v2\/product_tag?post=12582"}],"curies":[{"name":"wp","href":"https:\/\/api.w.org\/{rel}","templated":true}]}}