{"id":12568,"date":"2025-01-24T09:53:23","date_gmt":"2025-01-24T08:53:23","guid":{"rendered":"https:\/\/mdbouwmachines.be\/product\/tyrolit-fsg513\/"},"modified":"2025-01-24T09:53:23","modified_gmt":"2025-01-24T08:53:23","slug":"tyrolit-fsg513","status":"publish","type":"product","link":"https:\/\/mdbouwmachines.be\/fr\/produit\/tyrolit-fsg513\/","title":{"rendered":"Tyrolit FSG513"},"content":{"rendered":"","protected":false},"excerpt":{"rendered":"<p>Excellents r\u00e9sultats de coupe gr\u00e2ce \u00e0 une r\u00e9partition intelligente du poids. Le diam\u00e8tre maximal de la lame de scie est de 500 mm. Gr\u00e2ce \u00e0 son ch\u00e2ssis extr\u00eamement robuste et de haute qualit\u00e9, le FSG513 dispose d&rsquo;une capacit\u00e9 de charge \u00e9lev\u00e9e et d&rsquo;une grande flexibilit\u00e9 gr\u00e2ce aux fonctions de coupe \u00e0 gauche, \u00e0 droite et \u00e0 angle court. Le moteur \u00e0 essence fiable Honda de 13 ch est \u00e9quip\u00e9 d&rsquo;un filtre centrifuge.rnR\u00e9glage convivial de la profondeur de coupe et contr\u00f4le confortable de la vitesse.rnCentre de gravit\u00e9 optimis\u00e9 au-dessus de l&rsquo;essieu.rnUtilisation universelle gr\u00e2ce aux fonctions de coupe \u00e0 gauche et \u00e0 droite.   <\/p>\n","protected":false},"featured_media":12564,"template":"","meta":{"_acf_changed":false},"product_brand":[1152],"product_cat":[331],"product_tag":[],"class_list":{"0":"post-12568","1":"product","2":"type-product","3":"status-publish","4":"has-post-thumbnail","6":"product_brand-tyrolit-fr","7":"product_cat-scies-de-sol","9":"first","10":"instock","11":"taxable","12":"shipping-taxable","13":"purchasable","14":"product-type-simple"},"acf":[],"_links":{"self":[{"href":"https:\/\/mdbouwmachines.be\/fr\/wp-json\/wp\/v2\/product\/12568","targetHints":{"allow":["GET"]}}],"collection":[{"href":"https:\/\/mdbouwmachines.be\/fr\/wp-json\/wp\/v2\/product"}],"about":[{"href":"https:\/\/mdbouwmachines.be\/fr\/wp-json\/wp\/v2\/types\/product"}],"wp:featuredmedia":[{"embeddable":true,"href":"https:\/\/mdbouwmachines.be\/fr\/wp-json\/wp\/v2\/media\/12564"}],"wp:attachment":[{"href":"https:\/\/mdbouwmachines.be\/fr\/wp-json\/wp\/v2\/media?parent=12568"}],"wp:term":[{"taxonomy":"product_brand","embeddable":true,"href":"https:\/\/mdbouwmachines.be\/fr\/wp-json\/wp\/v2\/product_brand?post=12568"},{"taxonomy":"product_cat","embeddable":true,"href":"https:\/\/mdbouwmachines.be\/fr\/wp-json\/wp\/v2\/product_cat?post=12568"},{"taxonomy":"product_tag","embeddable":true,"href":"https:\/\/mdbouwmachines.be\/fr\/wp-json\/wp\/v2\/product_tag?post=12568"}],"curies":[{"name":"wp","href":"https:\/\/api.w.org\/{rel}","templated":true}]}}