{"id":12495,"date":"2025-02-06T13:28:34","date_gmt":"2025-02-06T12:28:34","guid":{"rendered":"https:\/\/mdbouwmachines.be\/product\/conmec-75\/"},"modified":"2025-06-23T12:35:17","modified_gmt":"2025-06-23T11:35:17","slug":"conmec-75","status":"publish","type":"product","link":"https:\/\/mdbouwmachines.be\/fr\/produit\/conmec-75\/","title":{"rendered":"Bordeuse"},"content":{"rendered":"\n<hr class=\"wp-block-separator has-alpha-channel-opacity is-style-dots\" \/>\n\n<h2 class=\"wp-block-heading\">D\u00e9finition<\/h2>\n\n<p>Bordeuse 75 de la marque Conmec. L\u2019une des machines les plus lourdes de sa cat\u00e9gorie et donc plus robuste. \u00c9quip\u00e9 du Honda GX200\/6.5hp. Cette machine n\u2019a pas de contacts papillon mais un interrupteur d\u2019homme mort et est livr\u00e9e avec un disque de travail avant, un kit d\u2019engrenages et un crochet de levage.   <\/p>\n\n<hr class=\"wp-block-separator has-alpha-channel-opacity\" \/>\n\n<h2 class=\"wp-block-heading\">Caract\u00e9ristiques principales<\/h2>\n\n<ul class=\"wp-block-list\">\n<li>Fonctionnement puissant et \u00e9conome en carburant<\/li>\n\n\n\n<li>Facile \u00e0 utiliser et \u00e0 entretenir<\/li>\n\n\n\n<li>Moteur \u00e0 essence Honda GX200 6,5 ch<\/li>\n\n\n\n<li>Machine plus lourde et plus robuste<\/li>\n\n\n\n<li>Comprend un disque de travail avant, un kit d\u2019engrenage et un crochet de levage<\/li>\n<\/ul>\n\n<hr class=\"wp-block-separator has-alpha-channel-opacity\" \/>\n\n<h2 class=\"wp-block-heading\">Informations techniques<\/h2>\n\n<h3 class=\"wp-block-heading\"><strong>G\u00e9n\u00e9ralit\u00e9s<\/strong><\/h3>\n\n<figure class=\"wp-block-table\"><table class=\"has-fixed-layout\"><tbody><tr><td>Moteur<\/td><td>Honda GX200 \u2013 essence<\/td><\/tr><tr><td>Capacit\u00e9<\/td><td>6,5 ch<\/td><\/tr><tr><td>Diam\u00e8tre de travail<\/td><td>75 cm<\/td><\/tr><\/tbody><\/table><\/figure>\n\n<h3 class=\"wp-block-heading\"><strong>Taille<\/strong><\/h3>\n\n<figure class=\"wp-block-table\"><table class=\"has-fixed-layout\"><tbody><tr><td>Longueur (mm)<\/td><td>1560<\/td><\/tr><tr><td>Largeur (mm)<\/td><td>770<\/td><\/tr><tr><td>Hauteur (mm)<\/td><td>980<\/td><\/tr><tr><td>Poids (kg)<\/td><td>75 (\u00b1)<\/td><\/tr><\/tbody><\/table><\/figure>\n\n<hr class=\"wp-block-separator has-alpha-channel-opacity is-style-dots\" \/>\n","protected":false},"excerpt":{"rendered":"<p>Bordeuse 75 de la marque Conmec. L\u2019une des machines les plus lourdes de sa cat\u00e9gorie et donc plus robuste.<br \/>Livr\u00e9 avec disque de travail avant, kit d\u2019engrenage et crochet de levage. <\/p>\n","protected":false},"featured_media":12491,"template":"","meta":{"_acf_changed":false},"product_brand":[1221],"product_cat":[488],"product_tag":[],"class_list":{"0":"post-12495","1":"product","2":"type-product","3":"status-publish","4":"has-post-thumbnail","6":"product_brand-conmec-fr","7":"product_cat-finisseurs-de-chants","9":"first","10":"instock","11":"taxable","12":"shipping-taxable","13":"purchasable","14":"product-type-simple"},"acf":[],"_links":{"self":[{"href":"https:\/\/mdbouwmachines.be\/fr\/wp-json\/wp\/v2\/product\/12495","targetHints":{"allow":["GET"]}}],"collection":[{"href":"https:\/\/mdbouwmachines.be\/fr\/wp-json\/wp\/v2\/product"}],"about":[{"href":"https:\/\/mdbouwmachines.be\/fr\/wp-json\/wp\/v2\/types\/product"}],"wp:featuredmedia":[{"embeddable":true,"href":"https:\/\/mdbouwmachines.be\/fr\/wp-json\/wp\/v2\/media\/12491"}],"wp:attachment":[{"href":"https:\/\/mdbouwmachines.be\/fr\/wp-json\/wp\/v2\/media?parent=12495"}],"wp:term":[{"taxonomy":"product_brand","embeddable":true,"href":"https:\/\/mdbouwmachines.be\/fr\/wp-json\/wp\/v2\/product_brand?post=12495"},{"taxonomy":"product_cat","embeddable":true,"href":"https:\/\/mdbouwmachines.be\/fr\/wp-json\/wp\/v2\/product_cat?post=12495"},{"taxonomy":"product_tag","embeddable":true,"href":"https:\/\/mdbouwmachines.be\/fr\/wp-json\/wp\/v2\/product_tag?post=12495"}],"curies":[{"name":"wp","href":"https:\/\/api.w.org\/{rel}","templated":true}]}}