{"id":12470,"date":"2025-02-06T15:20:10","date_gmt":"2025-02-06T14:20:10","guid":{"rendered":"https:\/\/mdbouwmachines.be\/product\/fiches-de-travail\/"},"modified":"2025-02-18T14:46:46","modified_gmt":"2025-02-18T13:46:46","slug":"fiches-de-travail","status":"publish","type":"product","link":"https:\/\/mdbouwmachines.be\/fr\/produit\/fiches-de-travail\/","title":{"rendered":"Fiches de travail"},"content":{"rendered":"","protected":false},"excerpt":{"rendered":"<p>Couteaux de pr\u00e9-travail, adapt\u00e9s \u00e0 <strong>Barikell<\/strong> .<\/p>\n<p>Disponible en plusieurs types :<br \/><strong>4-80<\/strong><br \/><strong>90 : G \/ D<\/strong><br \/><strong>120 : G \/ D<\/strong><\/p>\n<p>L&rsquo;alliage de haute qualit\u00e9 permet de traiter plus de m\u00e8tres carr\u00e9s par rapport aux marques classiques. Parfois plus de 2 fois la surface ! <br \/>Cela r\u00e9duit les co\u00fbts au m\u00b2 et diminue le temps perdu pour le changement.<\/p>\n<p><strong>Emball\u00e9 par 4 pi\u00e8ces.<\/strong><\/p>\n","protected":false},"featured_media":12445,"template":"","meta":{"_acf_changed":false},"product_brand":[1123],"product_cat":[476],"product_tag":[],"class_list":{"0":"post-12470","1":"product","2":"type-product","3":"status-publish","4":"has-post-thumbnail","6":"product_brand-barikell-fr","7":"product_cat-fiches-de-travail","9":"first","10":"instock","11":"taxable","12":"shipping-taxable","13":"purchasable","14":"product-type-variable","15":"has-default-attributes"},"acf":[],"_links":{"self":[{"href":"https:\/\/mdbouwmachines.be\/fr\/wp-json\/wp\/v2\/product\/12470","targetHints":{"allow":["GET"]}}],"collection":[{"href":"https:\/\/mdbouwmachines.be\/fr\/wp-json\/wp\/v2\/product"}],"about":[{"href":"https:\/\/mdbouwmachines.be\/fr\/wp-json\/wp\/v2\/types\/product"}],"wp:featuredmedia":[{"embeddable":true,"href":"https:\/\/mdbouwmachines.be\/fr\/wp-json\/wp\/v2\/media\/12445"}],"wp:attachment":[{"href":"https:\/\/mdbouwmachines.be\/fr\/wp-json\/wp\/v2\/media?parent=12470"}],"wp:term":[{"taxonomy":"product_brand","embeddable":true,"href":"https:\/\/mdbouwmachines.be\/fr\/wp-json\/wp\/v2\/product_brand?post=12470"},{"taxonomy":"product_cat","embeddable":true,"href":"https:\/\/mdbouwmachines.be\/fr\/wp-json\/wp\/v2\/product_cat?post=12470"},{"taxonomy":"product_tag","embeddable":true,"href":"https:\/\/mdbouwmachines.be\/fr\/wp-json\/wp\/v2\/product_tag?post=12470"}],"curies":[{"name":"wp","href":"https:\/\/api.w.org\/{rel}","templated":true}]}}