{"id":12332,"date":"2025-01-24T09:53:24","date_gmt":"2025-01-24T08:53:24","guid":{"rendered":"https:\/\/mdbouwmachines.be\/product\/soff-cut-150\/"},"modified":"2025-01-24T09:53:24","modified_gmt":"2025-01-24T08:53:24","slug":"soff-cut-150","status":"publish","type":"product","link":"https:\/\/mdbouwmachines.be\/fr\/produit\/soff-cut-150\/","title":{"rendered":"SOFF-CUT 150"},"content":{"rendered":"","protected":false},"excerpt":{"rendered":"<p>La scie \u00e0 essence Husqvarna Soff-Cut 150 est con\u00e7ue pour les applications commerciales et r\u00e9sidentielles l\u00e9g\u00e8res. En tant que scie \u00e0 essence la plus l\u00e9g\u00e8re de la gamme Soff-Cut, la 150 est con\u00e7ue pour \u00eatre facile \u00e0 utiliser et confortable. L\u2019une de ses caract\u00e9ristiques est un bo\u00eetier de lame insonorisant, permettant \u00e0 cette unit\u00e9 d\u2019\u00eatre utilis\u00e9e \u00e0 l\u2019int\u00e9rieur avec un minimum de perturbations. De plus, cette scie peut couper \u00e0 sec car le syst\u00e8me de blocage de la lame produit tr\u00e8s peu de poussi\u00e8re. Cela permet de r\u00e9duire au minimum les d\u00e9chets r\u00e9siduels et de rendre le nettoyage tr\u00e8s facile.    <\/p>\n","protected":false},"featured_media":9131,"template":"","meta":{"_acf_changed":false},"product_brand":[1159],"product_cat":[331],"product_tag":[],"class_list":{"0":"post-12332","1":"product","2":"type-product","3":"status-publish","4":"has-post-thumbnail","6":"product_brand-husqvarna-fr","7":"product_cat-scies-de-sol","9":"first","10":"instock","11":"taxable","12":"shipping-taxable","13":"purchasable","14":"product-type-simple"},"acf":[],"_links":{"self":[{"href":"https:\/\/mdbouwmachines.be\/fr\/wp-json\/wp\/v2\/product\/12332","targetHints":{"allow":["GET"]}}],"collection":[{"href":"https:\/\/mdbouwmachines.be\/fr\/wp-json\/wp\/v2\/product"}],"about":[{"href":"https:\/\/mdbouwmachines.be\/fr\/wp-json\/wp\/v2\/types\/product"}],"wp:featuredmedia":[{"embeddable":true,"href":"https:\/\/mdbouwmachines.be\/fr\/wp-json\/wp\/v2\/media\/9131"}],"wp:attachment":[{"href":"https:\/\/mdbouwmachines.be\/fr\/wp-json\/wp\/v2\/media?parent=12332"}],"wp:term":[{"taxonomy":"product_brand","embeddable":true,"href":"https:\/\/mdbouwmachines.be\/fr\/wp-json\/wp\/v2\/product_brand?post=12332"},{"taxonomy":"product_cat","embeddable":true,"href":"https:\/\/mdbouwmachines.be\/fr\/wp-json\/wp\/v2\/product_cat?post=12332"},{"taxonomy":"product_tag","embeddable":true,"href":"https:\/\/mdbouwmachines.be\/fr\/wp-json\/wp\/v2\/product_tag?post=12332"}],"curies":[{"name":"wp","href":"https:\/\/api.w.org\/{rel}","templated":true}]}}