{"id":12306,"date":"2025-02-03T17:31:17","date_gmt":"2025-02-03T16:31:17","guid":{"rendered":"https:\/\/mdbouwmachines.be\/product\/scie-a-sol-fl20\/"},"modified":"2025-02-03T17:31:17","modified_gmt":"2025-02-03T16:31:17","slug":"scie-a-sol-fl20","status":"publish","type":"product","link":"https:\/\/mdbouwmachines.be\/fr\/produit\/scie-a-sol-fl20\/","title":{"rendered":"Scie \u00e0 sol FL20"},"content":{"rendered":"","protected":false},"excerpt":{"rendered":"<p>Scie \u00e0 sol de la marque Barikell, sp\u00e9cialement con\u00e7ue pour le b\u00e9ton frais. Capot de scie avec diam\u00e8tre max de 450, extr\u00eamement proche du mur.<br \/> Extra l\u00e9ger, placement de votre choix pour une meilleure visibilit\u00e9 avec des aimants puissants.<br \/> Syst\u00e8me d&rsquo;eau plus simple et plus rapide, facile \u00e0 d\u00e9monter.<br \/> Caract\u00e9ristiques Vanguard 35 ch, avec syst\u00e8me de filtre \u00e0 air cyclonique pour une meilleure efficacit\u00e9 du moteur.<br \/> Mont\u00e9e et descente \u00e9lectrique. Cette machine est 5 cm plus large et 5 cm plus longue au niveau du ch\u00e2ssis que le Floor 10.  <\/p>\n","protected":false},"featured_media":12573,"template":"","meta":{"_acf_changed":false},"product_brand":[1123],"product_cat":[331],"product_tag":[],"class_list":{"0":"post-12306","1":"product","2":"type-product","3":"status-publish","4":"has-post-thumbnail","6":"product_brand-barikell-fr","7":"product_cat-scies-de-sol","9":"first","10":"instock","11":"taxable","12":"shipping-taxable","13":"purchasable","14":"product-type-simple"},"acf":[],"_links":{"self":[{"href":"https:\/\/mdbouwmachines.be\/fr\/wp-json\/wp\/v2\/product\/12306","targetHints":{"allow":["GET"]}}],"collection":[{"href":"https:\/\/mdbouwmachines.be\/fr\/wp-json\/wp\/v2\/product"}],"about":[{"href":"https:\/\/mdbouwmachines.be\/fr\/wp-json\/wp\/v2\/types\/product"}],"wp:featuredmedia":[{"embeddable":true,"href":"https:\/\/mdbouwmachines.be\/fr\/wp-json\/wp\/v2\/media\/12573"}],"wp:attachment":[{"href":"https:\/\/mdbouwmachines.be\/fr\/wp-json\/wp\/v2\/media?parent=12306"}],"wp:term":[{"taxonomy":"product_brand","embeddable":true,"href":"https:\/\/mdbouwmachines.be\/fr\/wp-json\/wp\/v2\/product_brand?post=12306"},{"taxonomy":"product_cat","embeddable":true,"href":"https:\/\/mdbouwmachines.be\/fr\/wp-json\/wp\/v2\/product_cat?post=12306"},{"taxonomy":"product_tag","embeddable":true,"href":"https:\/\/mdbouwmachines.be\/fr\/wp-json\/wp\/v2\/product_tag?post=12306"}],"curies":[{"name":"wp","href":"https:\/\/api.w.org\/{rel}","templated":true}]}}