{"id":12297,"date":"2025-02-03T17:23:13","date_gmt":"2025-02-03T16:23:13","guid":{"rendered":"https:\/\/mdbouwmachines.be\/product\/scie-a-sol-fl10\/"},"modified":"2025-02-15T15:21:11","modified_gmt":"2025-02-15T14:21:11","slug":"scie-a-sol-fl10","status":"publish","type":"product","link":"https:\/\/mdbouwmachines.be\/fr\/produit\/scie-a-sol-fl10\/","title":{"rendered":"Scie \u00e0 sol FL10"},"content":{"rendered":"","protected":false},"excerpt":{"rendered":"<p>Une scie \u00e0 sol de la marque Barikell, sp\u00e9cialement con\u00e7ue pour le b\u00e9ton frais. Capot de scie d&rsquo;un diam\u00e8tre maximum de 450, extr\u00eamement proche du mur.<br \/> Extra l\u00e9ger, placement de votre choix pour une meilleure visibilit\u00e9 avec des aimants puissants.<br \/> Syst\u00e8me d&rsquo;eau plus simple et plus rapide, facile \u00e0 d\u00e9monter.<br \/> Comprend le Honda gx690 ou le Vanguard 23 ch, tous deux avec syst\u00e8me de filtre \u00e0 air cyclonique pour une meilleure efficacit\u00e9 du moteur.<br \/> Choix de pompe \u00e0 main ou \u00e9lectrique de mont\u00e9e et de descente. <\/p>\n","protected":false},"featured_media":12240,"template":"","meta":{"_acf_changed":false},"product_brand":[1123],"product_cat":[331],"product_tag":[],"class_list":{"0":"post-12297","1":"product","2":"type-product","3":"status-publish","4":"has-post-thumbnail","6":"product_brand-barikell-fr","7":"product_cat-scies-de-sol","9":"first","10":"instock","11":"taxable","12":"shipping-taxable","13":"purchasable","14":"product-type-variable","15":"has-default-attributes"},"acf":[],"_links":{"self":[{"href":"https:\/\/mdbouwmachines.be\/fr\/wp-json\/wp\/v2\/product\/12297","targetHints":{"allow":["GET"]}}],"collection":[{"href":"https:\/\/mdbouwmachines.be\/fr\/wp-json\/wp\/v2\/product"}],"about":[{"href":"https:\/\/mdbouwmachines.be\/fr\/wp-json\/wp\/v2\/types\/product"}],"wp:featuredmedia":[{"embeddable":true,"href":"https:\/\/mdbouwmachines.be\/fr\/wp-json\/wp\/v2\/media\/12240"}],"wp:attachment":[{"href":"https:\/\/mdbouwmachines.be\/fr\/wp-json\/wp\/v2\/media?parent=12297"}],"wp:term":[{"taxonomy":"product_brand","embeddable":true,"href":"https:\/\/mdbouwmachines.be\/fr\/wp-json\/wp\/v2\/product_brand?post=12297"},{"taxonomy":"product_cat","embeddable":true,"href":"https:\/\/mdbouwmachines.be\/fr\/wp-json\/wp\/v2\/product_cat?post=12297"},{"taxonomy":"product_tag","embeddable":true,"href":"https:\/\/mdbouwmachines.be\/fr\/wp-json\/wp\/v2\/product_tag?post=12297"}],"curies":[{"name":"wp","href":"https:\/\/api.w.org\/{rel}","templated":true}]}}