{"id":12286,"date":"2025-02-03T17:17:04","date_gmt":"2025-02-03T16:17:04","guid":{"rendered":"https:\/\/mdbouwmachines.be\/product\/scie-a-sol-asphalte-20\/"},"modified":"2025-02-03T17:17:04","modified_gmt":"2025-02-03T16:17:04","slug":"scie-a-sol-asphalte-20","status":"publish","type":"product","link":"https:\/\/mdbouwmachines.be\/fr\/produit\/scie-a-sol-asphalte-20\/","title":{"rendered":"Scie \u00e0 sol Asphalte 20"},"content":{"rendered":"","protected":false},"excerpt":{"rendered":"<p>Une scie \u00e0 sol personnalis\u00e9e sp\u00e9cialement pour le b\u00e9ton frais. Capot de scie d&rsquo;un diam\u00e8tre maximum de 450, extr\u00eamement proche du mur.<br \/> Extra l\u00e9ger, placement de votre choix pour une meilleure visibilit\u00e9 avec des aimants puissants.<br \/> Syst\u00e8me d&rsquo;eau plus simple et plus rapide, facile \u00e0 d\u00e9monter.<br \/> Caract\u00e9ristiques VANGUARD 35 ch, beaucoup de puissance pour un travail rapide et pr\u00e9cis.<br \/> Choix de pompe \u00e0 main ou \u00e9lectrique de mont\u00e9e et de descente. Extr\u00eamement stable gr\u00e2ce au tr\u00e8s grand r\u00e9servoir d&rsquo;eau  <\/p>\n","protected":false},"featured_media":12573,"template":"","meta":{"_acf_changed":false},"product_brand":[1123],"product_cat":[331],"product_tag":[],"class_list":{"0":"post-12286","1":"product","2":"type-product","3":"status-publish","4":"has-post-thumbnail","6":"product_brand-barikell-fr","7":"product_cat-scies-de-sol","9":"first","10":"instock","11":"taxable","12":"shipping-taxable","13":"purchasable","14":"product-type-simple"},"acf":[],"_links":{"self":[{"href":"https:\/\/mdbouwmachines.be\/fr\/wp-json\/wp\/v2\/product\/12286","targetHints":{"allow":["GET"]}}],"collection":[{"href":"https:\/\/mdbouwmachines.be\/fr\/wp-json\/wp\/v2\/product"}],"about":[{"href":"https:\/\/mdbouwmachines.be\/fr\/wp-json\/wp\/v2\/types\/product"}],"wp:featuredmedia":[{"embeddable":true,"href":"https:\/\/mdbouwmachines.be\/fr\/wp-json\/wp\/v2\/media\/12573"}],"wp:attachment":[{"href":"https:\/\/mdbouwmachines.be\/fr\/wp-json\/wp\/v2\/media?parent=12286"}],"wp:term":[{"taxonomy":"product_brand","embeddable":true,"href":"https:\/\/mdbouwmachines.be\/fr\/wp-json\/wp\/v2\/product_brand?post=12286"},{"taxonomy":"product_cat","embeddable":true,"href":"https:\/\/mdbouwmachines.be\/fr\/wp-json\/wp\/v2\/product_cat?post=12286"},{"taxonomy":"product_tag","embeddable":true,"href":"https:\/\/mdbouwmachines.be\/fr\/wp-json\/wp\/v2\/product_tag?post=12286"}],"curies":[{"name":"wp","href":"https:\/\/api.w.org\/{rel}","templated":true}]}}