{"id":12218,"date":"2025-01-24T10:54:50","date_gmt":"2025-01-24T09:54:50","guid":{"rendered":"https:\/\/mdbouwmachines.be\/product\/pala-4-75\/"},"modified":"2025-02-18T14:47:09","modified_gmt":"2025-02-18T13:47:09","slug":"pala-4-75","status":"publish","type":"product","link":"https:\/\/mdbouwmachines.be\/fr\/produit\/pala-4-75\/","title":{"rendered":"PALA 4-75"},"content":{"rendered":"","protected":false},"excerpt":{"rendered":"<p>Pack de versoirs (4 pi\u00e8ces), adapt\u00e9 aux finisseurs de chants diam\u00e8tre 75 de presque toutes les marques telles que <strong>Barikell, Whiteman, Wacker, BetonTrowel, BTC, B-mac, Bartell, AB Lindec<\/strong>, etc.<\/p>\n<p>L&rsquo;alliage de haute qualit\u00e9 permet de traiter plus de m\u00e8tres carr\u00e9s par rapport aux marques classiques. Parfois plus de 2 fois la surface ! <br \/>Cela r\u00e9duit les co\u00fbts au m\u00b2 et diminue le temps perdu pour le changement.<\/p>\n<p><strong>Emball\u00e9 par 4 pi\u00e8ces.<\/strong><\/p>\n","protected":false},"featured_media":15649,"template":"","meta":{"_acf_changed":false},"product_brand":[1123,1221,1133],"product_cat":[414],"product_tag":[],"class_list":{"0":"post-12218","1":"product","2":"type-product","3":"status-publish","4":"has-post-thumbnail","6":"product_brand-barikell-fr","7":"product_brand-conmec-fr","8":"product_brand-md-bouwmachines-fr","9":"product_cat-feuilles-de-finition","10":"pa_merk-barikell-fr","11":"pa_merk-conmec-fr","12":"pa_merk-mdb-arrondi","13":"pa_merk-mdb-blue-steel-fr","15":"first","16":"instock","17":"taxable","18":"shipping-taxable","19":"purchasable","20":"product-type-variable","21":"has-default-attributes"},"acf":[],"_links":{"self":[{"href":"https:\/\/mdbouwmachines.be\/fr\/wp-json\/wp\/v2\/product\/12218","targetHints":{"allow":["GET"]}}],"collection":[{"href":"https:\/\/mdbouwmachines.be\/fr\/wp-json\/wp\/v2\/product"}],"about":[{"href":"https:\/\/mdbouwmachines.be\/fr\/wp-json\/wp\/v2\/types\/product"}],"wp:featuredmedia":[{"embeddable":true,"href":"https:\/\/mdbouwmachines.be\/fr\/wp-json\/wp\/v2\/media\/15649"}],"wp:attachment":[{"href":"https:\/\/mdbouwmachines.be\/fr\/wp-json\/wp\/v2\/media?parent=12218"}],"wp:term":[{"taxonomy":"product_brand","embeddable":true,"href":"https:\/\/mdbouwmachines.be\/fr\/wp-json\/wp\/v2\/product_brand?post=12218"},{"taxonomy":"product_cat","embeddable":true,"href":"https:\/\/mdbouwmachines.be\/fr\/wp-json\/wp\/v2\/product_cat?post=12218"},{"taxonomy":"product_tag","embeddable":true,"href":"https:\/\/mdbouwmachines.be\/fr\/wp-json\/wp\/v2\/product_tag?post=12218"}],"curies":[{"name":"wp","href":"https:\/\/api.w.org\/{rel}","templated":true}]}}