{"id":12187,"date":"2025-02-03T16:37:30","date_gmt":"2025-02-03T15:37:30","guid":{"rendered":"https:\/\/mdbouwmachines.be\/product\/epandeur\/"},"modified":"2025-02-03T16:37:30","modified_gmt":"2025-02-03T15:37:30","slug":"epandeur","status":"publish","type":"product","link":"https:\/\/mdbouwmachines.be\/fr\/produit\/epandeur\/","title":{"rendered":"\u00c9pandeur"},"content":{"rendered":"","protected":false},"excerpt":{"rendered":"<p>Machine d&rsquo;\u00e9pandage de quartz pr\u00e9-m\u00e9lang\u00e9 \u00e0 avance manuelle. Equip\u00e9 d&rsquo;une unit\u00e9 de dosage. 1m de longueur (1m30 avec pneus), 48cm de largeur, 65 de hauteur  <\/p>\n","protected":false},"featured_media":12135,"template":"","meta":{"_acf_changed":false},"product_brand":[1123],"product_cat":[423],"product_tag":[],"class_list":{"0":"post-12187","1":"product","2":"type-product","3":"status-publish","4":"has-post-thumbnail","6":"product_brand-barikell-fr","7":"product_cat-epandeur","9":"first","10":"instock","11":"taxable","12":"shipping-taxable","13":"purchasable","14":"product-type-simple"},"acf":[],"_links":{"self":[{"href":"https:\/\/mdbouwmachines.be\/fr\/wp-json\/wp\/v2\/product\/12187","targetHints":{"allow":["GET"]}}],"collection":[{"href":"https:\/\/mdbouwmachines.be\/fr\/wp-json\/wp\/v2\/product"}],"about":[{"href":"https:\/\/mdbouwmachines.be\/fr\/wp-json\/wp\/v2\/types\/product"}],"wp:featuredmedia":[{"embeddable":true,"href":"https:\/\/mdbouwmachines.be\/fr\/wp-json\/wp\/v2\/media\/12135"}],"wp:attachment":[{"href":"https:\/\/mdbouwmachines.be\/fr\/wp-json\/wp\/v2\/media?parent=12187"}],"wp:term":[{"taxonomy":"product_brand","embeddable":true,"href":"https:\/\/mdbouwmachines.be\/fr\/wp-json\/wp\/v2\/product_brand?post=12187"},{"taxonomy":"product_cat","embeddable":true,"href":"https:\/\/mdbouwmachines.be\/fr\/wp-json\/wp\/v2\/product_cat?post=12187"},{"taxonomy":"product_tag","embeddable":true,"href":"https:\/\/mdbouwmachines.be\/fr\/wp-json\/wp\/v2\/product_tag?post=12187"}],"curies":[{"name":"wp","href":"https:\/\/api.w.org\/{rel}","templated":true}]}}