{"id":12177,"date":"2025-02-03T16:19:29","date_gmt":"2025-02-03T15:19:29","guid":{"rendered":"https:\/\/mdbouwmachines.be\/product\/simple-90-long-manche\/"},"modified":"2025-06-23T12:35:12","modified_gmt":"2025-06-23T11:35:12","slug":"simple-90-long-manche","status":"publish","type":"product","link":"https:\/\/mdbouwmachines.be\/fr\/produit\/simple-90-long-manche\/","title":{"rendered":"BARIKELL Single 90 Manche long"},"content":{"rendered":"\n<h2 class=\"wp-block-heading\">D\u00e9finition<\/h2>\n\n<p>La polisseuse simple 90 \u00e0 manche long, \u00e9quip\u00e9e d\u2019un moteur Honda GX270 de 9 ch. La puissance du moteur est transmise \u00e0 la bo\u00eete de vitesses par l\u2019interm\u00e9diaire d\u2019un embrayage centrifuge \u00e0 travers deux courroies trap\u00e9zo\u00efdales. <\/p>\n\n<p>\u00c9quip\u00e9 d\u2019un guidon plus long qui cr\u00e9e un levier plus grand. Cela garantit que la machine est tr\u00e8s facile \u00e0 utiliser, m\u00eame avec des \u00e9tag\u00e8res. <\/p>\n\n<hr class=\"wp-block-separator has-alpha-channel-opacity\" \/>\n\n<h2 class=\"wp-block-heading\">Informations techniques<\/h2>\n\n<h3 class=\"wp-block-heading\"><strong>G\u00e9n\u00e9ralit\u00e9s<\/strong><\/h3>\n\n<figure class=\"wp-block-table\"><table class=\"has-fixed-layout\"><tbody><tr><td>Diam\u00e8tre de travail<\/td><td>90 cm<\/td><\/tr><\/tbody><\/table><\/figure>\n\n<h3 class=\"wp-block-heading\"><strong>Taille<\/strong><\/h3>\n\n<figure class=\"wp-block-table\"><table class=\"has-fixed-layout\"><tbody><tr><td>Longueur (mm)<\/td><td>1780<\/td><\/tr><tr><td>Largeur (mm)<\/td><td>980<\/td><\/tr><tr><td>Hauteur (mm)<\/td><td>1000<\/td><\/tr><tr><td>Poids (kg)<\/td><td>86 (\u00b1)<\/td><\/tr><\/tbody><\/table><\/figure>\n","protected":false},"excerpt":{"rendered":"<p>Quelque 90 polisseuses de Barikell \u00e9quip\u00e9es du moteur Honda GX270 9hp. En raison de la puissance accrue, cette polisseuse dispose d\u2019un long guidon afin qu\u2019elle soit toujours facile \u00e0 utiliser. La machine id\u00e9ale \u00e0 utiliser avec des \u00e9tag\u00e8res. Comprend un syst\u00e8me de levage pour deux personnes et un crochet de levage.   <\/p>\n","protected":false},"featured_media":12113,"template":"","meta":{"_acf_changed":false},"product_brand":[1123],"product_cat":[341],"product_tag":[],"class_list":{"0":"post-12177","1":"product","2":"type-product","3":"status-publish","4":"has-post-thumbnail","6":"product_brand-barikell-fr","7":"product_cat-certaines-polisseuses","9":"first","10":"instock","11":"taxable","12":"shipping-taxable","13":"purchasable","14":"product-type-simple"},"acf":[],"_links":{"self":[{"href":"https:\/\/mdbouwmachines.be\/fr\/wp-json\/wp\/v2\/product\/12177","targetHints":{"allow":["GET"]}}],"collection":[{"href":"https:\/\/mdbouwmachines.be\/fr\/wp-json\/wp\/v2\/product"}],"about":[{"href":"https:\/\/mdbouwmachines.be\/fr\/wp-json\/wp\/v2\/types\/product"}],"wp:featuredmedia":[{"embeddable":true,"href":"https:\/\/mdbouwmachines.be\/fr\/wp-json\/wp\/v2\/media\/12113"}],"wp:attachment":[{"href":"https:\/\/mdbouwmachines.be\/fr\/wp-json\/wp\/v2\/media?parent=12177"}],"wp:term":[{"taxonomy":"product_brand","embeddable":true,"href":"https:\/\/mdbouwmachines.be\/fr\/wp-json\/wp\/v2\/product_brand?post=12177"},{"taxonomy":"product_cat","embeddable":true,"href":"https:\/\/mdbouwmachines.be\/fr\/wp-json\/wp\/v2\/product_cat?post=12177"},{"taxonomy":"product_tag","embeddable":true,"href":"https:\/\/mdbouwmachines.be\/fr\/wp-json\/wp\/v2\/product_tag?post=12177"}],"curies":[{"name":"wp","href":"https:\/\/api.w.org\/{rel}","templated":true}]}}