{"id":12173,"date":"2025-02-03T16:30:28","date_gmt":"2025-02-03T15:30:28","guid":{"rendered":"https:\/\/mdbouwmachines.be\/product\/environ-120\/"},"modified":"2025-06-23T12:35:12","modified_gmt":"2025-06-23T11:35:12","slug":"environ-120","status":"publish","type":"product","link":"https:\/\/mdbouwmachines.be\/fr\/produit\/environ-120\/","title":{"rendered":"BARIKELL C\u00e9libataire 120"},"content":{"rendered":"\n<h2 class=\"wp-block-heading\">D\u00e9finition<\/h2>\n\n<p>La polisseuse simple \u00e0 manche long 120, \u00e9quip\u00e9e d\u2019un moteur Honda GX390 de 13 ch. La puissance du moteur est transmise \u00e0 la bo\u00eete de vitesses par l\u2019interm\u00e9diaire d\u2019un embrayage centrifuge \u00e0 travers deux courroies trap\u00e9zo\u00efdales. <\/p>\n\n<p>\u00c9quip\u00e9 d\u2019un guidon plus long qui cr\u00e9e un levier plus grand. Cela garantit que la machine reste facile \u00e0 utiliser, malgr\u00e9 l\u2019augmentation de la puissance. <\/p>\n\n<p>Le Single 120 est \u00e9galement toujours \u00e9quip\u00e9 d\u2019un ch\u00e2ssis qui peut \u00eatre ouvert. De cette fa\u00e7on, les lames peuvent \u00eatre facilement remplac\u00e9es. <\/p>\n\n<hr class=\"wp-block-separator has-alpha-channel-opacity\" \/>\n\n<h2 class=\"wp-block-heading\">Informations techniques<\/h2>\n\n<h3 class=\"wp-block-heading\"><strong>G\u00e9n\u00e9ralit\u00e9s<\/strong><\/h3>\n\n<figure class=\"wp-block-table\"><table class=\"has-fixed-layout\"><tbody><tr><td>Diam\u00e8tre de travail<\/td><td>120 cm<\/td><\/tr><\/tbody><\/table><\/figure>\n\n<h3 class=\"wp-block-heading\"><strong>Taille<\/strong><\/h3>\n\n<figure class=\"wp-block-table\"><table class=\"has-fixed-layout\"><tbody><tr><td>Longueur (mm)<\/td><td>1880<\/td><\/tr><tr><td>Largeur (mm)<\/td><td>1280<\/td><\/tr><tr><td>Hauteur (mm)<\/td><td>960<\/td><\/tr><tr><td>Poids (kg)<\/td><td>104 (\u00b1)<\/td><\/tr><\/tbody><\/table><\/figure>\n","protected":false},"excerpt":{"rendered":"<p>Une machine \u00e0 polir 120 de Barikell \u00e9quip\u00e9e du moteur Honda GX390 13cv. En raison de la puissance accrue, cette polisseuse dispose d\u2019un long guidon afin qu\u2019elle soit toujours facile \u00e0 utiliser.<br \/>Comprend un syst\u00e8me de levage pour deux personnes et un crochet de levage. <\/p>\n","protected":false},"featured_media":12124,"template":"","meta":{"_acf_changed":false},"product_brand":[1123],"product_cat":[341],"product_tag":[],"class_list":{"0":"post-12173","1":"product","2":"type-product","3":"status-publish","4":"has-post-thumbnail","6":"product_brand-barikell-fr","7":"product_cat-certaines-polisseuses","9":"first","10":"instock","11":"taxable","12":"shipping-taxable","13":"purchasable","14":"product-type-simple"},"acf":[],"_links":{"self":[{"href":"https:\/\/mdbouwmachines.be\/fr\/wp-json\/wp\/v2\/product\/12173","targetHints":{"allow":["GET"]}}],"collection":[{"href":"https:\/\/mdbouwmachines.be\/fr\/wp-json\/wp\/v2\/product"}],"about":[{"href":"https:\/\/mdbouwmachines.be\/fr\/wp-json\/wp\/v2\/types\/product"}],"wp:featuredmedia":[{"embeddable":true,"href":"https:\/\/mdbouwmachines.be\/fr\/wp-json\/wp\/v2\/media\/12124"}],"wp:attachment":[{"href":"https:\/\/mdbouwmachines.be\/fr\/wp-json\/wp\/v2\/media?parent=12173"}],"wp:term":[{"taxonomy":"product_brand","embeddable":true,"href":"https:\/\/mdbouwmachines.be\/fr\/wp-json\/wp\/v2\/product_brand?post=12173"},{"taxonomy":"product_cat","embeddable":true,"href":"https:\/\/mdbouwmachines.be\/fr\/wp-json\/wp\/v2\/product_cat?post=12173"},{"taxonomy":"product_tag","embeddable":true,"href":"https:\/\/mdbouwmachines.be\/fr\/wp-json\/wp\/v2\/product_tag?post=12173"}],"curies":[{"name":"wp","href":"https:\/\/api.w.org\/{rel}","templated":true}]}}