{"id":12160,"date":"2025-02-03T16:04:09","date_gmt":"2025-02-03T15:04:09","guid":{"rendered":"https:\/\/mdbouwmachines.be\/product\/mk10-120-barikell\/"},"modified":"2025-06-30T13:48:15","modified_gmt":"2025-06-30T12:48:15","slug":"mk10-120-barikell","status":"publish","type":"product","link":"https:\/\/mdbouwmachines.be\/fr\/produit\/mk10-120-barikell\/","title":{"rendered":"MK10-120 Barikell"},"content":{"rendered":"","protected":false},"excerpt":{"rendered":"<p>La polisseuse 120 de Barikell, avec disques de pr\u00e9-travail. La machine est fournie en option compl\u00e8te (y compris le crochet de levage central, le syst\u00e8me de pulv\u00e9risation d\u2019eau, le kit d\u2019engrenages, les blocs de poids et l\u2019\u00e9clairage LED). Livr\u00e9 toujours avec 8 ou 10 pales et le moteur Vanguard 35cv. Ces machines sont les plus l\u00e9g\u00e8res possibles sur le march\u00e9 avec le plus grand nombre de tours\/minute. Ch\u00e2ssis fourni en chrome pour un nettoyage facile du b\u00e9ton.   <\/p>\n","protected":false},"featured_media":15790,"template":"","meta":{"_acf_changed":false},"product_brand":[1123],"product_cat":[364],"product_tag":[],"class_list":{"0":"post-12160","1":"product","2":"type-product","3":"status-publish","4":"has-post-thumbnail","6":"product_brand-barikell-fr","7":"product_cat-machines-a-polir-doubles","9":"first","10":"instock","11":"taxable","12":"shipping-taxable","13":"purchasable","14":"product-type-variable","15":"has-default-attributes"},"acf":[],"_links":{"self":[{"href":"https:\/\/mdbouwmachines.be\/fr\/wp-json\/wp\/v2\/product\/12160","targetHints":{"allow":["GET"]}}],"collection":[{"href":"https:\/\/mdbouwmachines.be\/fr\/wp-json\/wp\/v2\/product"}],"about":[{"href":"https:\/\/mdbouwmachines.be\/fr\/wp-json\/wp\/v2\/types\/product"}],"wp:featuredmedia":[{"embeddable":true,"href":"https:\/\/mdbouwmachines.be\/fr\/wp-json\/wp\/v2\/media\/15790"}],"wp:attachment":[{"href":"https:\/\/mdbouwmachines.be\/fr\/wp-json\/wp\/v2\/media?parent=12160"}],"wp:term":[{"taxonomy":"product_brand","embeddable":true,"href":"https:\/\/mdbouwmachines.be\/fr\/wp-json\/wp\/v2\/product_brand?post=12160"},{"taxonomy":"product_cat","embeddable":true,"href":"https:\/\/mdbouwmachines.be\/fr\/wp-json\/wp\/v2\/product_cat?post=12160"},{"taxonomy":"product_tag","embeddable":true,"href":"https:\/\/mdbouwmachines.be\/fr\/wp-json\/wp\/v2\/product_tag?post=12160"}],"curies":[{"name":"wp","href":"https:\/\/api.w.org\/{rel}","templated":true}]}}