{"id":12152,"date":"2025-02-03T16:08:42","date_gmt":"2025-02-03T15:08:42","guid":{"rendered":"https:\/\/mdbouwmachines.be\/product\/environ-80\/"},"modified":"2025-06-23T12:35:05","modified_gmt":"2025-06-23T11:35:05","slug":"environ-80","status":"publish","type":"product","link":"https:\/\/mdbouwmachines.be\/fr\/produit\/environ-80\/","title":{"rendered":"BARIKELL C\u00e9libataire 80"},"content":{"rendered":"\n<h2 class=\"wp-block-heading\">D\u00e9finition<\/h2>\n\n<p>La polisseuse Single 80, \u00e9galement connue sous le nom de Heavy Duty Single Polisher, est \u00e9quip\u00e9e de s\u00e9rie d\u2019un moteur Honda GX200 de 6,5 ch. Cette polisseuse a un ch\u00e2ssis chrom\u00e9 robuste et ne mesure que 80 cm de large, ce qui lui permet de passer parfaitement par les portes int\u00e9rieures et est donc id\u00e9ale pour les sols int\u00e9rieurs. <\/p>\n\n<p>\u00c9quip\u00e9 d\u2019un guidon plus long qui cr\u00e9e un levier plus grand. Cela garantit que la machine est tr\u00e8s facile \u00e0 utiliser, m\u00eame avec des \u00e9tag\u00e8res. <\/p>\n\n<hr class=\"wp-block-separator has-alpha-channel-opacity\" \/>\n\n<h2 class=\"wp-block-heading\">Informations techniques<\/h2>\n\n<h3 class=\"wp-block-heading\"><strong>G\u00e9n\u00e9ralit\u00e9s<\/strong><\/h3>\n\n<figure class=\"wp-block-table\"><table class=\"has-fixed-layout\"><tbody><tr><td>Diam\u00e8tre de travail<\/td><td>78 cm<\/td><\/tr><\/tbody><\/table><\/figure>\n\n<h3 class=\"wp-block-heading\"><strong>Taille<\/strong><\/h3>\n\n<figure class=\"wp-block-table\"><table class=\"has-fixed-layout\"><tbody><tr><td>Longueur (mm)<\/td><td>1490<\/td><\/tr><tr><td>Largeur (mm)<\/td><td>800<\/td><\/tr><tr><td>Hauteur (mm)<\/td><td>910<\/td><\/tr><tr><td>Poids (kg)<\/td><td>65 (\u00b1)<\/td><\/tr><\/tbody><\/table><\/figure>\n","protected":false},"excerpt":{"rendered":"<p>La machine de polissage simple \u00e0 usage intensif, diam\u00e8tre 80. S\u2019adapte toujours entre les portes int\u00e9rieures, donc id\u00e9al pour les sols int\u00e9rieurs. <\/p>\n","protected":false},"featured_media":12093,"template":"","meta":{"_acf_changed":false},"product_brand":[1123],"product_cat":[341],"product_tag":[],"class_list":{"0":"post-12152","1":"product","2":"type-product","3":"status-publish","4":"has-post-thumbnail","6":"product_brand-barikell-fr","7":"product_cat-certaines-polisseuses","9":"first","10":"instock","11":"taxable","12":"shipping-taxable","13":"purchasable","14":"product-type-simple"},"acf":[],"_links":{"self":[{"href":"https:\/\/mdbouwmachines.be\/fr\/wp-json\/wp\/v2\/product\/12152","targetHints":{"allow":["GET"]}}],"collection":[{"href":"https:\/\/mdbouwmachines.be\/fr\/wp-json\/wp\/v2\/product"}],"about":[{"href":"https:\/\/mdbouwmachines.be\/fr\/wp-json\/wp\/v2\/types\/product"}],"wp:featuredmedia":[{"embeddable":true,"href":"https:\/\/mdbouwmachines.be\/fr\/wp-json\/wp\/v2\/media\/12093"}],"wp:attachment":[{"href":"https:\/\/mdbouwmachines.be\/fr\/wp-json\/wp\/v2\/media?parent=12152"}],"wp:term":[{"taxonomy":"product_brand","embeddable":true,"href":"https:\/\/mdbouwmachines.be\/fr\/wp-json\/wp\/v2\/product_brand?post=12152"},{"taxonomy":"product_cat","embeddable":true,"href":"https:\/\/mdbouwmachines.be\/fr\/wp-json\/wp\/v2\/product_cat?post=12152"},{"taxonomy":"product_tag","embeddable":true,"href":"https:\/\/mdbouwmachines.be\/fr\/wp-json\/wp\/v2\/product_tag?post=12152"}],"curies":[{"name":"wp","href":"https:\/\/api.w.org\/{rel}","templated":true}]}}