{"id":12064,"date":"2025-02-03T14:56:52","date_gmt":"2025-02-03T13:56:52","guid":{"rendered":"https:\/\/mdbouwmachines.be\/product\/mk10-120-hcs-barikell\/"},"modified":"2025-02-03T14:56:52","modified_gmt":"2025-02-03T13:56:52","slug":"mk10-120-hcs-barikell","status":"publish","type":"product","link":"https:\/\/mdbouwmachines.be\/fr\/produit\/mk10-120-hcs-barikell\/","title":{"rendered":"MK10-120 HCS Barikell"},"content":{"rendered":"","protected":false},"excerpt":{"rendered":"<p>La polisseuse Barikell double 120. La machine est enti\u00e8rement \u00e9quip\u00e9e (y compris crochet de levage central, syst\u00e8me de pulv\u00e9risation d&rsquo;eau, 2 disques avant, kit d&rsquo;engrenages, blocs de poids et \u00e9clairage LED). Toujours fournie avec 10 lames. Ainsi qu&rsquo;un choix entre le moteur Vanguard 37 ch \u00e0 injection ou le Vanguard 35 ch pour un peu plus de puissance. Ces machines sont les plus l\u00e9g\u00e8res possibles sur le march\u00e9 avec le plus grand nombre de tours\/min. Ch\u00e2ssis chrom\u00e9 pour un nettoyage facile du b\u00e9ton. Dispose d&rsquo;une direction hydraulique + un embrayage \u00e0 convertisseur de couple.     <\/p>\n","protected":false},"featured_media":12013,"template":"","meta":{"_acf_changed":false},"product_brand":[1123],"product_cat":[364],"product_tag":[],"class_list":{"0":"post-12064","1":"product","2":"type-product","3":"status-publish","4":"has-post-thumbnail","6":"product_brand-barikell-fr","7":"product_cat-machines-a-polir-doubles","9":"first","10":"instock","11":"taxable","12":"shipping-taxable","13":"purchasable","14":"product-type-variable","15":"has-default-attributes"},"acf":[],"_links":{"self":[{"href":"https:\/\/mdbouwmachines.be\/fr\/wp-json\/wp\/v2\/product\/12064","targetHints":{"allow":["GET"]}}],"collection":[{"href":"https:\/\/mdbouwmachines.be\/fr\/wp-json\/wp\/v2\/product"}],"about":[{"href":"https:\/\/mdbouwmachines.be\/fr\/wp-json\/wp\/v2\/types\/product"}],"wp:featuredmedia":[{"embeddable":true,"href":"https:\/\/mdbouwmachines.be\/fr\/wp-json\/wp\/v2\/media\/12013"}],"wp:attachment":[{"href":"https:\/\/mdbouwmachines.be\/fr\/wp-json\/wp\/v2\/media?parent=12064"}],"wp:term":[{"taxonomy":"product_brand","embeddable":true,"href":"https:\/\/mdbouwmachines.be\/fr\/wp-json\/wp\/v2\/product_brand?post=12064"},{"taxonomy":"product_cat","embeddable":true,"href":"https:\/\/mdbouwmachines.be\/fr\/wp-json\/wp\/v2\/product_cat?post=12064"},{"taxonomy":"product_tag","embeddable":true,"href":"https:\/\/mdbouwmachines.be\/fr\/wp-json\/wp\/v2\/product_tag?post=12064"}],"curies":[{"name":"wp","href":"https:\/\/api.w.org\/{rel}","templated":true}]}}