{"id":12059,"date":"2025-02-03T15:21:24","date_gmt":"2025-02-03T14:21:24","guid":{"rendered":"https:\/\/mdbouwmachines.be\/product\/overlapper-90-barikell\/"},"modified":"2025-02-03T15:21:24","modified_gmt":"2025-02-03T14:21:24","slug":"overlapper-90-barikell","status":"publish","type":"product","link":"https:\/\/mdbouwmachines.be\/fr\/produit\/overlapper-90-barikell\/","title":{"rendered":"Overlapper 90 Barikell"},"content":{"rendered":"","protected":false},"excerpt":{"rendered":"<p>La polisseuse Barikell Overlapper 90. Machine enti\u00e8rement \u00e9quip\u00e9e en options (crochet de levage central, syst\u00e8me de pulv\u00e9risation d&rsquo;eau, kit d&rsquo;engrenages, blocs de poids et \u00e9clairage LED). Toujours \u00e9quip\u00e9e de 8 lames et du moteur Honda GX690. Ces machines sont les plus l\u00e9g\u00e8res possibles sur le march\u00e9 avec le plus grand nombre de tours\/min. Ch\u00e2ssis chrom\u00e9 pour un nettoyage facile du b\u00e9ton.   <\/p>\n","protected":false},"featured_media":12049,"template":"","meta":{"_acf_changed":false},"product_brand":[1123],"product_cat":[364],"product_tag":[],"class_list":{"0":"post-12059","1":"product","2":"type-product","3":"status-publish","4":"has-post-thumbnail","6":"product_brand-barikell-fr","7":"product_cat-machines-a-polir-doubles","9":"first","10":"instock","11":"taxable","12":"shipping-taxable","13":"purchasable","14":"product-type-simple"},"acf":[],"_links":{"self":[{"href":"https:\/\/mdbouwmachines.be\/fr\/wp-json\/wp\/v2\/product\/12059","targetHints":{"allow":["GET"]}}],"collection":[{"href":"https:\/\/mdbouwmachines.be\/fr\/wp-json\/wp\/v2\/product"}],"about":[{"href":"https:\/\/mdbouwmachines.be\/fr\/wp-json\/wp\/v2\/types\/product"}],"wp:featuredmedia":[{"embeddable":true,"href":"https:\/\/mdbouwmachines.be\/fr\/wp-json\/wp\/v2\/media\/12049"}],"wp:attachment":[{"href":"https:\/\/mdbouwmachines.be\/fr\/wp-json\/wp\/v2\/media?parent=12059"}],"wp:term":[{"taxonomy":"product_brand","embeddable":true,"href":"https:\/\/mdbouwmachines.be\/fr\/wp-json\/wp\/v2\/product_brand?post=12059"},{"taxonomy":"product_cat","embeddable":true,"href":"https:\/\/mdbouwmachines.be\/fr\/wp-json\/wp\/v2\/product_cat?post=12059"},{"taxonomy":"product_tag","embeddable":true,"href":"https:\/\/mdbouwmachines.be\/fr\/wp-json\/wp\/v2\/product_tag?post=12059"}],"curies":[{"name":"wp","href":"https:\/\/api.w.org\/{rel}","templated":true}]}}