{"id":11970,"date":"2025-02-03T13:30:03","date_gmt":"2025-02-03T12:30:03","guid":{"rendered":"https:\/\/mdbouwmachines.be\/product\/b10-120-barikell-a-chevauchement\/"},"modified":"2025-06-30T14:21:27","modified_gmt":"2025-06-30T13:21:27","slug":"b10-120-barikell-a-chevauchement","status":"publish","type":"product","link":"https:\/\/mdbouwmachines.be\/fr\/produit\/b10-120-barikell-a-chevauchement\/","title":{"rendered":"B10-120 Barikell Croiser"},"content":{"rendered":"","protected":false},"excerpt":{"rendered":"<p>Polisseuse Barikell double 120, \u00e0 chevauchement. La machine est fournie en option compl\u00e8te (y compris le crochet de levage central, le syst\u00e8me de pulv\u00e9risation d\u2019eau, le kit d\u2019engrenages, les blocs de poids et l\u2019\u00e9clairage LED). Vous avez toujours le choix entre 8 lames ou 10 lames sur la machine. Livr\u00e9 avec le moteur Vanguard de 35 cv\/Honda GX690\/Kohler 27ch. Ces machines sont les plus l\u00e9g\u00e8res possibles sur le march\u00e9 avec le plus grand nombre de tours\/minute. Ch\u00e2ssis fourni en chrome pour un nettoyage facile du b\u00e9ton. La direction hydraulique est en option.     <\/p>\n","protected":false},"featured_media":11928,"template":"","meta":{"_acf_changed":false},"product_brand":[1123],"product_cat":[364],"product_tag":[],"class_list":{"0":"post-11970","1":"product","2":"type-product","3":"status-publish","4":"has-post-thumbnail","6":"product_brand-barikell-fr","7":"product_cat-machines-a-polir-doubles","9":"first","10":"instock","11":"taxable","12":"shipping-taxable","13":"purchasable","14":"product-type-variable","15":"has-default-attributes"},"acf":[],"_links":{"self":[{"href":"https:\/\/mdbouwmachines.be\/fr\/wp-json\/wp\/v2\/product\/11970","targetHints":{"allow":["GET"]}}],"collection":[{"href":"https:\/\/mdbouwmachines.be\/fr\/wp-json\/wp\/v2\/product"}],"about":[{"href":"https:\/\/mdbouwmachines.be\/fr\/wp-json\/wp\/v2\/types\/product"}],"wp:featuredmedia":[{"embeddable":true,"href":"https:\/\/mdbouwmachines.be\/fr\/wp-json\/wp\/v2\/media\/11928"}],"wp:attachment":[{"href":"https:\/\/mdbouwmachines.be\/fr\/wp-json\/wp\/v2\/media?parent=11970"}],"wp:term":[{"taxonomy":"product_brand","embeddable":true,"href":"https:\/\/mdbouwmachines.be\/fr\/wp-json\/wp\/v2\/product_brand?post=11970"},{"taxonomy":"product_cat","embeddable":true,"href":"https:\/\/mdbouwmachines.be\/fr\/wp-json\/wp\/v2\/product_cat?post=11970"},{"taxonomy":"product_tag","embeddable":true,"href":"https:\/\/mdbouwmachines.be\/fr\/wp-json\/wp\/v2\/product_tag?post=11970"}],"curies":[{"name":"wp","href":"https:\/\/api.w.org\/{rel}","templated":true}]}}