{"id":11908,"date":"2025-02-03T13:10:30","date_gmt":"2025-02-03T12:10:30","guid":{"rendered":"https:\/\/mdbouwmachines.be\/product\/mk8-90-barikell\/"},"modified":"2025-06-23T12:35:05","modified_gmt":"2025-06-23T11:35:05","slug":"mk8-90-barikell","status":"publish","type":"product","link":"https:\/\/mdbouwmachines.be\/fr\/produit\/mk8-90-barikell\/","title":{"rendered":"BARIKELL MK8-90"},"content":{"rendered":"\n<hr class=\"wp-block-separator has-alpha-channel-opacity is-style-dots\" \/>\n\n<h2 class=\"wp-block-heading\">D\u00e9finition<\/h2>\n\n<p>Polisseuse Barikell Double 90. La machine est \u00e9quip\u00e9e en standard d\u2019un crochet de levage central, d\u2019un syst\u00e8me de pulv\u00e9risation d\u2019eau, de 2x disques de travail avant, d\u2019un kit d\u2019engrenages, d\u2019un \u00e9clairage LED et de blocs de poids pour une ex\u00e9cution parfaitement \u00e9quilibr\u00e9e. <\/p>\n\n<p>La machine est disponible avec 2&#215;4 bras (MK 8-90) ou 2&#215;5 bras (MK 10-90).<\/p>\n\n<p>La machine est fournie en option compl\u00e8te (y compris le crochet de levage central, le syst\u00e8me de pulv\u00e9risation d\u2019eau, 2 disques de travail avant, le kit d\u2019engrenages, les blocs de poids et l\u2019\u00e9clairage LED.) Vous avez toujours le choix entre 8 lames ou 10 lames sur la machine. Ainsi qu\u2019un choix du moteur HONDA GX690 ou du Vanguard 35 ch pour un peu plus de puissance. Ces machines sont les plus l\u00e9g\u00e8res possibles sur le march\u00e9 avec le plus grand nombre de tours\/minute. Ch\u00e2ssis fourni en chrome pour un nettoyage facile du b\u00e9ton.   <\/p>\n\n<hr class=\"wp-block-separator has-alpha-channel-opacity\" \/>\n\n<h2 class=\"wp-block-heading\">Caract\u00e9ristiques principales<\/h2>\n\n<ul class=\"wp-block-list\">\n<li>2 rotors non superpos\u00e9s de 4 ou 5 bras chacun<\/li>\n\n\n\n<li>Fournir:\n<ul class=\"wp-block-list\">\n<li>Crochet de levage central<\/li>\n\n\n\n<li>Syst\u00e8me de pulv\u00e9risation d\u2019eau<\/li>\n\n\n\n<li>2x disques de pr\u00e9-travail<\/li>\n\n\n\n<li>Lumi\u00e8res LED<\/li>\n\n\n\n<li>Double syst\u00e8me de levage<\/li>\n<\/ul>\n<\/li>\n<\/ul>\n\n<hr class=\"wp-block-separator has-alpha-channel-opacity\" \/>\n\n<h2 class=\"wp-block-heading\">Informations techniques<\/h2>\n\n<h3 class=\"wp-block-heading\"><strong>G\u00e9n\u00e9ralit\u00e9s<\/strong><\/h3>\n\n<figure class=\"wp-block-table\"><table class=\"has-fixed-layout\"><tbody><tr><td>Diam\u00e8tre de travail<\/td><td>2&#215;90 cm (sans chevauchement)<\/td><\/tr><\/tbody><\/table><\/figure>\n\n<h3 class=\"wp-block-heading\"><strong>Taille<\/strong><\/h3>\n\n<figure class=\"wp-block-table\"><table class=\"has-fixed-layout\"><tbody><tr><td>Longueur (mm)<\/td><td>1550<\/td><\/tr><tr><td>Largeur (mm)<\/td><td>800<\/td><\/tr><tr><td>Hauteur (mm)<\/td><td>970<\/td><\/tr><tr><td>Poids (kg)<\/td><td>178 \u2013 Honda GX390 13ch<br\/><br\/>198 \u2013 Vanguard 18 ch<br\/><br\/>200 \u2013 Vanguard 23 ch<\/td><\/tr><\/tbody><\/table><\/figure>\n","protected":false},"excerpt":{"rendered":"<p>La polisseuse Barikell double 90. La machine est enti\u00e8rement \u00e9quip\u00e9e (y compris crochet de levage central, syst\u00e8me de pulv\u00e9risation d&rsquo;eau, 2 disques avant, kit d&rsquo;engrenages, blocs de poids et \u00e9clairage LED). Vous avez toujours le choix entre 8 ou 10 lames sur la machine. Ainsi qu&rsquo;un choix du moteur HONDA GX690 ou du Vanguard 35 ch pour un peu plus de puissance. Ces machines sont les plus l\u00e9g\u00e8res possibles sur le march\u00e9 avec le plus grand nombre de tours\/min. Ch\u00e2ssis chrom\u00e9 pour un nettoyage facile du b\u00e9ton.    <\/p>\n","protected":false},"featured_media":11888,"template":"","meta":{"_acf_changed":false},"product_brand":[1123],"product_cat":[364],"product_tag":[],"class_list":{"0":"post-11908","1":"product","2":"type-product","3":"status-publish","4":"has-post-thumbnail","6":"product_brand-barikell-fr","7":"product_cat-machines-a-polir-doubles","9":"first","10":"instock","11":"featured","12":"taxable","13":"shipping-taxable","14":"purchasable","15":"product-type-variable","16":"has-default-attributes"},"acf":[],"_links":{"self":[{"href":"https:\/\/mdbouwmachines.be\/fr\/wp-json\/wp\/v2\/product\/11908","targetHints":{"allow":["GET"]}}],"collection":[{"href":"https:\/\/mdbouwmachines.be\/fr\/wp-json\/wp\/v2\/product"}],"about":[{"href":"https:\/\/mdbouwmachines.be\/fr\/wp-json\/wp\/v2\/types\/product"}],"wp:featuredmedia":[{"embeddable":true,"href":"https:\/\/mdbouwmachines.be\/fr\/wp-json\/wp\/v2\/media\/11888"}],"wp:attachment":[{"href":"https:\/\/mdbouwmachines.be\/fr\/wp-json\/wp\/v2\/media?parent=11908"}],"wp:term":[{"taxonomy":"product_brand","embeddable":true,"href":"https:\/\/mdbouwmachines.be\/fr\/wp-json\/wp\/v2\/product_brand?post=11908"},{"taxonomy":"product_cat","embeddable":true,"href":"https:\/\/mdbouwmachines.be\/fr\/wp-json\/wp\/v2\/product_cat?post=11908"},{"taxonomy":"product_tag","embeddable":true,"href":"https:\/\/mdbouwmachines.be\/fr\/wp-json\/wp\/v2\/product_tag?post=11908"}],"curies":[{"name":"wp","href":"https:\/\/api.w.org\/{rel}","templated":true}]}}