{"id":11606,"date":"2025-01-30T09:02:10","date_gmt":"2025-01-30T08:02:10","guid":{"rendered":"https:\/\/mdbouwmachines.be\/product\/mk8-75-barikell\/"},"modified":"2025-06-23T12:34:58","modified_gmt":"2025-06-23T11:34:58","slug":"mk8-75-barikell","status":"publish","type":"product","link":"https:\/\/mdbouwmachines.be\/fr\/produit\/mk8-75-barikell\/","title":{"rendered":"BARIKELL MK8-75"},"content":{"rendered":"\n<hr class=\"wp-block-separator has-alpha-channel-opacity is-style-dots\" \/>\n\n<h2 class=\"wp-block-heading\">D\u00e9finition<\/h2>\n\n<p><strong>Histoire<\/strong> : Nous sommes fiers d\u2019annoncer que MD Bouwmachines est l\u2019inventeur et le fondateur du MK8-75, \u00e9galement connu sous le nom de \u00ab \u00a0passe-partout\u00a0 \u00bb, en 2005. Bas\u00e9 sur un chevaucheur 90, le ch\u00e2ssis a \u00e9t\u00e9 modifi\u00e9 et initialement motoris\u00e9 avec un Honda GX390 13ch. Le prototype a \u00e9t\u00e9 finalis\u00e9 en collaboration avec Barikell.    <\/p>\n\n<p>En raison de sa conception \u00e9troite, le \u00ab \u00a0passe-partout\u00a0 \u00bb est tr\u00e8s agile, facile \u00e0 utiliser et s\u2019adapte \u00e0 travers les portes. Par cons\u00e9quent, la MK8-75 est la machine id\u00e9ale pour les grands travaux int\u00e9rieurs tels que les immeubles de bureaux. <\/p>\n\n<p>Aujourd\u2019hui, ce type de double machine de polissage est propos\u00e9 dans le monde entier par tous les grands fabricants. Entre-temps, la derni\u00e8re version est \u00e9quip\u00e9e du \u00ab kit haute performance \u00bb. Il se compose d\u2019un rapport de transmission \u00e0 grande vitesse avec un moteur double Vanguard de 23 ch.  <\/p>\n\n<p>Il existe \u00e9galement une troisi\u00e8me variante disponible pour le moteur, \u00e0 savoir le Vanguard 18 ch.<\/p>\n\n<hr class=\"wp-block-separator has-alpha-channel-opacity\" \/>\n\n<h2 class=\"wp-block-heading\">Caract\u00e9ristiques principales<\/h2>\n\n<ul class=\"wp-block-list\">\n<li>2 rotors non superpos\u00e9s avec 4 bras<\/li>\n\n\n\n<li>Fournir:\n<ul class=\"wp-block-list\">\n<li>Syst\u00e8me de pulv\u00e9risation d\u2019eau<\/li>\n\n\n\n<li>Crochet de levage<\/li>\n\n\n\n<li>Lumi\u00e8res LED<\/li>\n\n\n\n<li>Double syst\u00e8me de levage<\/li>\n<\/ul>\n<\/li>\n<\/ul>\n\n<hr class=\"wp-block-separator has-alpha-channel-opacity\" \/>\n\n<h2 class=\"wp-block-heading\">Informations techniques<\/h2>\n\n<h3 class=\"wp-block-heading\"><strong>G\u00e9n\u00e9ralit\u00e9s<\/strong><\/h3>\n\n<figure class=\"wp-block-table\"><table class=\"has-fixed-layout\"><tbody><tr><td>Diam\u00e8tre de travail<\/td><td>2&#215;75 cm (sans chevauchement)<\/td><\/tr><\/tbody><\/table><\/figure>\n\n<h3 class=\"wp-block-heading\"><strong>Taille<\/strong><\/h3>\n\n<figure class=\"wp-block-table\"><table class=\"has-fixed-layout\"><tbody><tr><td>Longueur (mm)<\/td><td>1550<\/td><\/tr><tr><td>Largeur (mm)<\/td><td>800<\/td><\/tr><tr><td>Hauteur (mm)<\/td><td>970<\/td><\/tr><tr><td>Poids (kg)<\/td><td>178 \u2013 Honda GX390 13ch<br\/><br\/>198 \u2013 Vanguard 18 ch<br\/><br\/>200 \u2013 Vanguard 23 ch<\/td><\/tr><\/tbody><\/table><\/figure>\n","protected":false},"excerpt":{"rendered":"<p><strong>Le MK8-75, notre fiert\u00e9 !<\/strong>  Assurez-vous de lire la description et l\u2019histoire de cette polisseuse double 75.<\/p>\n","protected":false},"featured_media":12035,"template":"","meta":{"_acf_changed":false},"product_brand":[1123],"product_cat":[364],"product_tag":[],"class_list":{"0":"post-11606","1":"product","2":"type-product","3":"status-publish","4":"has-post-thumbnail","6":"product_brand-barikell-fr","7":"product_cat-machines-a-polir-doubles","9":"first","10":"instock","11":"taxable","12":"shipping-taxable","13":"purchasable","14":"product-type-variable","15":"has-default-attributes"},"acf":[],"_links":{"self":[{"href":"https:\/\/mdbouwmachines.be\/fr\/wp-json\/wp\/v2\/product\/11606","targetHints":{"allow":["GET"]}}],"collection":[{"href":"https:\/\/mdbouwmachines.be\/fr\/wp-json\/wp\/v2\/product"}],"about":[{"href":"https:\/\/mdbouwmachines.be\/fr\/wp-json\/wp\/v2\/types\/product"}],"wp:featuredmedia":[{"embeddable":true,"href":"https:\/\/mdbouwmachines.be\/fr\/wp-json\/wp\/v2\/media\/12035"}],"wp:attachment":[{"href":"https:\/\/mdbouwmachines.be\/fr\/wp-json\/wp\/v2\/media?parent=11606"}],"wp:term":[{"taxonomy":"product_brand","embeddable":true,"href":"https:\/\/mdbouwmachines.be\/fr\/wp-json\/wp\/v2\/product_brand?post=11606"},{"taxonomy":"product_cat","embeddable":true,"href":"https:\/\/mdbouwmachines.be\/fr\/wp-json\/wp\/v2\/product_cat?post=11606"},{"taxonomy":"product_tag","embeddable":true,"href":"https:\/\/mdbouwmachines.be\/fr\/wp-json\/wp\/v2\/product_tag?post=11606"}],"curies":[{"name":"wp","href":"https:\/\/api.w.org\/{rel}","templated":true}]}}