{"id":18383,"date":"2025-02-03T16:08:42","date_gmt":"2025-02-03T15:08:42","guid":{"rendered":"https:\/\/mdbouwmachines.be\/product\/etwa-80\/"},"modified":"2025-06-23T12:35:04","modified_gmt":"2025-06-23T11:35:04","slug":"etwa-80","status":"publish","type":"product","link":"https:\/\/mdbouwmachines.be\/de\/produkt\/etwa-80\/","title":{"rendered":"BARIKELL Single 80"},"content":{"rendered":"\n<h2 class=\"wp-block-heading\">Definition<\/h2>\n\n<p>Der Single 80 Polisher, auch bekannt als Heavy Duty Single Polisher, ist serienm\u00e4\u00dfig mit einem GX200 6,5 PS Honda Motor ausgestattet. Diese Poliermaschine hat ein stabiles Chromgestell und ist nur 80 cm breit, wodurch sie immer noch perfekt durch Innent\u00fcren passt und daher ideal f\u00fcr Innenb\u00f6den geeignet ist. <\/p>\n\n<p>Ausgestattet mit einem l\u00e4ngeren Lenker, der einen gr\u00f6\u00dferen Hebel erzeugt. Dadurch ist sichergestellt, dass die Maschine auch bei Regalen sehr einfach zu bedienen ist. <\/p>\n\n<hr class=\"wp-block-separator has-alpha-channel-opacity\" \/>\n\n<h2 class=\"wp-block-heading\">Technische Informationen<\/h2>\n\n<h3 class=\"wp-block-heading\"><strong>Allgemein<\/strong><\/h3>\n\n<figure class=\"wp-block-table\"><table class=\"has-fixed-layout\"><tbody><tr><td>Arbeitsdurchmesser<\/td><td>ca. 78 cm<\/td><\/tr><\/tbody><\/table><\/figure>\n\n<h3 class=\"wp-block-heading\"><strong>Dimensionen<\/strong><\/h3>\n\n<figure class=\"wp-block-table\"><table class=\"has-fixed-layout\"><tbody><tr><td>L\u00e4nge (mm)<\/td><td>1490<\/td><\/tr><tr><td>Breite (mm)<\/td><td>800<\/td><\/tr><tr><td>H\u00f6he (mm)<\/td><td>910<\/td><\/tr><tr><td>Gewicht (kg)<\/td><td>65 (\u00b1)<\/td><\/tr><\/tbody><\/table><\/figure>\n","protected":false},"excerpt":{"rendered":"<p>Die Hochleistungs-Einzelpoliermaschine mit Durchmesser 80. Passt immer noch zwischen Innent\u00fcren, also ideal f\u00fcr Innenb\u00f6den. <\/p>\n","protected":false},"featured_media":12094,"template":"","meta":{"_acf_changed":false},"product_brand":[1124],"product_cat":[342],"product_tag":[],"class_list":{"0":"post-18383","1":"product","2":"type-product","3":"status-publish","4":"has-post-thumbnail","6":"product_brand-barikell-de","7":"product_cat-einige-poliermaschinen","9":"first","10":"instock","11":"taxable","12":"shipping-taxable","13":"purchasable","14":"product-type-simple"},"acf":[],"_links":{"self":[{"href":"https:\/\/mdbouwmachines.be\/de\/wp-json\/wp\/v2\/product\/18383","targetHints":{"allow":["GET"]}}],"collection":[{"href":"https:\/\/mdbouwmachines.be\/de\/wp-json\/wp\/v2\/product"}],"about":[{"href":"https:\/\/mdbouwmachines.be\/de\/wp-json\/wp\/v2\/types\/product"}],"wp:featuredmedia":[{"embeddable":true,"href":"https:\/\/mdbouwmachines.be\/de\/wp-json\/wp\/v2\/media\/12094"}],"wp:attachment":[{"href":"https:\/\/mdbouwmachines.be\/de\/wp-json\/wp\/v2\/media?parent=18383"}],"wp:term":[{"taxonomy":"product_brand","embeddable":true,"href":"https:\/\/mdbouwmachines.be\/de\/wp-json\/wp\/v2\/product_brand?post=18383"},{"taxonomy":"product_cat","embeddable":true,"href":"https:\/\/mdbouwmachines.be\/de\/wp-json\/wp\/v2\/product_cat?post=18383"},{"taxonomy":"product_tag","embeddable":true,"href":"https:\/\/mdbouwmachines.be\/de\/wp-json\/wp\/v2\/product_tag?post=18383"}],"curies":[{"name":"wp","href":"https:\/\/api.w.org\/{rel}","templated":true}]}}