{"id":18193,"date":"2025-03-19T13:34:37","date_gmt":"2025-03-19T12:34:37","guid":{"rendered":"https:\/\/mdbouwmachines.be\/?post_type=product&#038;p=18193"},"modified":"2025-06-23T12:37:16","modified_gmt":"2025-06-23T11:37:16","slug":"honda-eg3600-cl-kopie-kopie-kopie-kopie","status":"publish","type":"product","link":"https:\/\/mdbouwmachines.be\/de\/produkt\/honda-eg3600-cl-kopie-kopie-kopie-kopie\/","title":{"rendered":"Honda WH20"},"content":{"rendered":"\n<hr class=\"wp-block-separator has-alpha-channel-opacity is-style-dots\" \/>\n\n<h2 class=\"wp-block-heading\">Definition<\/h2>\n\n<p>Die Honda WH20 ist eine leistungsst\u00e4rkere Pumpe f\u00fcr schwere Arbeiten. Diese Hochdruckpumpe kann gro\u00dfe Wassermengen \u00fcber eine lange Strecke mit H\u00f6henunterschied pumpen. Ideal f\u00fcr die Bew\u00e4sserung mit langen Schl\u00e4uchen oder Staubschutz bei Abbrucharbeiten. Sowohl das Pumpengeh\u00e4use als auch das Laufrad sind aus s\u00e4urebest\u00e4ndigem Gusseisen gefertigt und die Gleitringdichtungen sind verschlei\u00dffest und langlebig. Der WH20 kann bis zu 500 l\/min pumpen.    <\/p>\n\n<hr class=\"wp-block-separator has-alpha-channel-opacity\" \/>\n\n<h2 class=\"wp-block-heading\">Hauptmerkmale<\/h2>\n\n<ul class=\"wp-block-list\">\n<li>\u00d6l-Alarm<\/li>\n\n\n\n<li>OHV 4-Takt-Motor<\/li>\n\n\n\n<li>Pumpengeh\u00e4use und Laufrad aus Gusseisen<\/li>\n\n\n\n<li>Anti-Vibrations-System<\/li>\n<\/ul>\n\n<hr class=\"wp-block-separator has-alpha-channel-opacity\" \/>\n\n<h2 class=\"wp-block-heading\">Technische Informationen<\/h2>\n\n<p><strong>Pumpe<\/strong><\/p>\n\n<figure class=\"wp-block-table\"><table class=\"has-fixed-layout\"><tbody><tr><td>Maximale Pumpenleistung (L\/min)<\/td><td>500<\/td><\/tr><tr><td>Durchmesser und Gewindetyp Einlass\/Auslass (mm\/Zoll)<\/td><td>50\/2-PF<\/td><\/tr><tr><td>Gesamtf\u00f6rderh\u00f6he (m)<\/td><td>50<\/td><\/tr><tr><td>Saugh\u00f6he (m)<\/td><td>8<\/td><\/tr><tr><td>Druck (bar)<\/td><td>5<\/td><\/tr><tr><td>Maximale Partikelgr\u00f6\u00dfe (mm)<\/td><td>3<\/td><\/tr><\/tbody><\/table><\/figure>\n\n<hr class=\"wp-block-separator has-alpha-channel-opacity is-style-dots\" \/>\n\n<p><strong>Motorisierung<\/strong><\/p>\n\n<figure class=\"wp-block-table\"><table class=\"has-fixed-layout\"><tbody><tr><td>Modellmotor<\/td><td>GX160<\/td><\/tr><tr><td>Motor<\/td><td>4-Takt \u2013 1 Zylinder<\/td><\/tr><tr><td>Hubraum (cm\u00b3)<\/td><td>163<\/td><\/tr><tr><td>Bohrung x Hub (mm)<\/td><td>68 x 45 cm<\/td><\/tr><tr><td>Motordrehzahl (U\/min)<\/td><td>3.600 max.<\/td><\/tr><tr><td>Nutzleistung des Motors (kW)<\/td><td>3,6<\/td><\/tr><tr><td>K\u00fchlsystem<\/td><td>Zwangsluftk\u00fchlung<\/td><\/tr><tr><td>Z\u00fcndsystem<\/td><td>Transistor<\/td><\/tr><tr><td>Motor\u00f6lf\u00fcllmenge (l)<\/td><td>0,6<\/td><\/tr><tr><td>Tankinhalt (l)<\/td><td>3,1<\/td><\/tr><tr><td>Nominelle Betriebsdauer<\/td><td>2h30 Uhr<\/td><\/tr><tr><td>Startsystem<\/td><td>Probenbeginn<\/td><\/tr><tr><td>Ger\u00e4uschpegel am Arbeitsplatz (dB(A))<\/td><td>91<\/td><\/tr><tr><td>Garantierte Soundleistung. Pegel (dB(A)) <\/td><td>106<\/td><\/tr><\/tbody><\/table><\/figure>\n\n<hr class=\"wp-block-separator has-alpha-channel-opacity is-style-dots\" \/>\n\n<p><strong>Ma\u00dfe<\/strong><\/p>\n\n<figure class=\"wp-block-table\"><table class=\"has-fixed-layout\"><tbody><tr><td>L\u00e4nge (mm)<\/td><td>520<\/td><\/tr><tr><td>Breite (mm)<\/td><td>400<\/td><\/tr><tr><td>H\u00f6he (mm)<\/td><td>450<\/td><\/tr><tr><td>Gewicht (kg)<\/td><td>27<\/td><\/tr><\/tbody><\/table><\/figure>\n","protected":false},"excerpt":{"rendered":"<p>Pumpe aus Gusseisen, die 500 Liter pro Minute und Partikel bis zu 3 mm mit einer Gesamtf\u00f6rderh\u00f6he von 50 m f\u00f6rdert. Inklusive Rahmen.<\/p>\n","protected":false},"featured_media":18121,"template":"","meta":{"_acf_changed":false},"product_brand":[1197],"product_cat":[1026],"product_tag":[],"class_list":{"0":"post-18193","1":"product","2":"type-product","3":"status-publish","4":"has-post-thumbnail","6":"product_brand-honda-de","7":"product_cat-wasserpumpen","9":"first","10":"instock","11":"sale","12":"taxable","13":"shipping-taxable","14":"purchasable","15":"product-type-simple"},"acf":[],"_links":{"self":[{"href":"https:\/\/mdbouwmachines.be\/de\/wp-json\/wp\/v2\/product\/18193","targetHints":{"allow":["GET"]}}],"collection":[{"href":"https:\/\/mdbouwmachines.be\/de\/wp-json\/wp\/v2\/product"}],"about":[{"href":"https:\/\/mdbouwmachines.be\/de\/wp-json\/wp\/v2\/types\/product"}],"wp:featuredmedia":[{"embeddable":true,"href":"https:\/\/mdbouwmachines.be\/de\/wp-json\/wp\/v2\/media\/18121"}],"wp:attachment":[{"href":"https:\/\/mdbouwmachines.be\/de\/wp-json\/wp\/v2\/media?parent=18193"}],"wp:term":[{"taxonomy":"product_brand","embeddable":true,"href":"https:\/\/mdbouwmachines.be\/de\/wp-json\/wp\/v2\/product_brand?post=18193"},{"taxonomy":"product_cat","embeddable":true,"href":"https:\/\/mdbouwmachines.be\/de\/wp-json\/wp\/v2\/product_cat?post=18193"},{"taxonomy":"product_tag","embeddable":true,"href":"https:\/\/mdbouwmachines.be\/de\/wp-json\/wp\/v2\/product_tag?post=18193"}],"curies":[{"name":"wp","href":"https:\/\/api.w.org\/{rel}","templated":true}]}}