{"id":18116,"date":"2025-03-18T16:41:28","date_gmt":"2025-03-18T15:41:28","guid":{"rendered":"https:\/\/mdbouwmachines.be\/?post_type=product&#038;p=18116"},"modified":"2025-06-23T12:37:10","modified_gmt":"2025-06-23T11:37:10","slug":"honda-eg3600-cl-kopie-kopie","status":"publish","type":"product","link":"https:\/\/mdbouwmachines.be\/de\/produkt\/honda-eg3600-cl-kopie-kopie\/","title":{"rendered":"Honda WX10"},"content":{"rendered":"\n<hr class=\"wp-block-separator has-alpha-channel-opacity is-style-dots\" \/>\n\n<h2 class=\"wp-block-heading\">Definition<\/h2>\n\n<p>Die Honda WX 10 ist eine leichte und sehr kompakte Wasserpumpe, die einfach zu transportieren ist. Die Pumpe f\u00f6rdert eine betr\u00e4chtliche Menge Wasser \u00fcber eine betr\u00e4chtliche Strecke. Ein einzigartiges 360\u00b0-Schmiersystem erm\u00f6glicht es der WX 10-Pumpe, in nahezu jedem Winkel zu arbeiten.  <\/p>\n\n<hr class=\"wp-block-separator has-alpha-channel-opacity\" \/>\n\n<h2 class=\"wp-block-heading\">Hauptmerkmale<\/h2>\n\n<ul class=\"wp-block-list\">\n<li>Leicht und tragbar<\/li>\n\n\n\n<li>Einzigartige 360\u00b0-Bedienung<\/li>\n\n\n\n<li>OHV 4-Takt-Motor<\/li>\n<\/ul>\n\n<hr class=\"wp-block-separator has-alpha-channel-opacity\" \/>\n\n<h2 class=\"wp-block-heading\">Technische Informationen<\/h2>\n\n<p><strong>Pumpe<\/strong><\/p>\n\n<figure class=\"wp-block-table\"><table class=\"has-fixed-layout\"><tbody><tr><td>Maximale Pumpenleistung (L\/min)<\/td><td>140<\/td><\/tr><tr><td>Durchmesser und Gewindetyp Einlass\/Auslass (mm\/Zoll)<\/td><td>25\/1-PF<\/td><\/tr><tr><td>Gesamtf\u00f6rderh\u00f6he (m)<\/td><td>36<\/td><\/tr><tr><td>Saugh\u00f6he (m)<\/td><td>8<\/td><\/tr><tr><td>Druck (bar)<\/td><td>3,6<\/td><\/tr><tr><td>Maximale Partikelgr\u00f6\u00dfe (mm)<\/td><td>5,7<\/td><\/tr><\/tbody><\/table><\/figure>\n\n<hr class=\"wp-block-separator has-alpha-channel-opacity is-style-dots\" \/>\n\n<p><strong>Motorisierung<\/strong><\/p>\n\n<figure class=\"wp-block-table\"><table class=\"has-fixed-layout\"><tbody><tr><td>Modellmotor<\/td><td>GX25<\/td><\/tr><tr><td>Motor<\/td><td>4-Takt \u2013 1 Zylinder<\/td><\/tr><tr><td>Hubraum (cm\u00b3)<\/td><td>25<\/td><\/tr><tr><td>Bohrung x Hub (mm)<\/td><td>35 x 26 cm<\/td><\/tr><tr><td>Motordrehzahl (U\/min)<\/td><td>7.000 max.<\/td><\/tr><tr><td>Nutzleistung des Motors (kW)<\/td><td>0,72<\/td><\/tr><tr><td>K\u00fchlsystem<\/td><td>Zwangsluftk\u00fchlung<\/td><\/tr><tr><td>Z\u00fcndsystem<\/td><td>Transistor<\/td><\/tr><tr><td>Motor\u00f6lf\u00fcllmenge (l)<\/td><td>0,1<\/td><\/tr><tr><td>Tankinhalt (l)<\/td><td>0,55<\/td><\/tr><tr><td>Nominelle Betriebsdauer<\/td><td>1h20 Uhr<\/td><\/tr><tr><td>Startsystem<\/td><td>Probenbeginn<\/td><\/tr><tr><td>Ger\u00e4uschpegel am Arbeitsplatz (dB(A))<\/td><td>86<\/td><\/tr><tr><td>Garantierte Soundleistung. Pegel (dB(A)) <\/td><td>102<\/td><\/tr><\/tbody><\/table><\/figure>\n\n<hr class=\"wp-block-separator has-alpha-channel-opacity is-style-dots\" \/>\n\n<p><strong>Ma\u00dfe<\/strong><\/p>\n\n<figure class=\"wp-block-table\"><table class=\"has-fixed-layout\"><tbody><tr><td>L\u00e4nge (mm)<\/td><td>325<\/td><\/tr><tr><td>Breite (mm)<\/td><td>220<\/td><\/tr><tr><td>H\u00f6he (mm)<\/td><td>300<\/td><\/tr><tr><td>Gewicht (kg)<\/td><td>6,1<\/td><\/tr><\/tbody><\/table><\/figure>\n","protected":false},"excerpt":{"rendered":"<p>Leichte Pumpe, die 140 Liter pro Minute mit Partikeln bis zu 5,7 mm pumpt. Gesamtf\u00f6rderh\u00f6he von 36 m.<\/p>\n","protected":false},"featured_media":18121,"template":"","meta":{"_acf_changed":false},"product_brand":[1197],"product_cat":[1026],"product_tag":[],"class_list":{"0":"post-18116","1":"product","2":"type-product","3":"status-publish","4":"has-post-thumbnail","6":"product_brand-honda-de","7":"product_cat-wasserpumpen","9":"first","10":"instock","11":"sale","12":"taxable","13":"shipping-taxable","14":"purchasable","15":"product-type-simple"},"acf":[],"_links":{"self":[{"href":"https:\/\/mdbouwmachines.be\/de\/wp-json\/wp\/v2\/product\/18116","targetHints":{"allow":["GET"]}}],"collection":[{"href":"https:\/\/mdbouwmachines.be\/de\/wp-json\/wp\/v2\/product"}],"about":[{"href":"https:\/\/mdbouwmachines.be\/de\/wp-json\/wp\/v2\/types\/product"}],"wp:featuredmedia":[{"embeddable":true,"href":"https:\/\/mdbouwmachines.be\/de\/wp-json\/wp\/v2\/media\/18121"}],"wp:attachment":[{"href":"https:\/\/mdbouwmachines.be\/de\/wp-json\/wp\/v2\/media?parent=18116"}],"wp:term":[{"taxonomy":"product_brand","embeddable":true,"href":"https:\/\/mdbouwmachines.be\/de\/wp-json\/wp\/v2\/product_brand?post=18116"},{"taxonomy":"product_cat","embeddable":true,"href":"https:\/\/mdbouwmachines.be\/de\/wp-json\/wp\/v2\/product_cat?post=18116"},{"taxonomy":"product_tag","embeddable":true,"href":"https:\/\/mdbouwmachines.be\/de\/wp-json\/wp\/v2\/product_tag?post=18116"}],"curies":[{"name":"wp","href":"https:\/\/api.w.org\/{rel}","templated":true}]}}