{"id":18035,"date":"2025-03-18T15:56:56","date_gmt":"2025-03-18T14:56:56","guid":{"rendered":"https:\/\/mdbouwmachines.be\/?post_type=product&#038;p=18035"},"modified":"2025-03-26T10:40:17","modified_gmt":"2025-03-26T09:40:17","slug":"honda-eg3600-cl-kopie","status":"publish","type":"product","link":"https:\/\/mdbouwmachines.be\/de\/produkt\/honda-eg3600-cl-kopie\/","title":{"rendered":"Honda EG4500 CL"},"content":{"rendered":"\n<hr class=\"wp-block-separator has-alpha-channel-opacity is-style-dots\" \/>\n\n<h2 class=\"wp-block-heading\">Definition<\/h2>\n\n<p>Die Generatoren der Honda EG-Serie sind ideal f\u00fcr die anspruchsvollsten Industrie- und Mietanwendungen, da die Serie f\u00fcr den professionellen Einsatz konzipiert und gebaut wurde und eine robuste, zuverl\u00e4ssige und effiziente Leistung liefert. Sie k\u00f6nnen unter rauen Bedingungen eingesetzt werden und haben eine lange Lebensdauer.   <br \/> <br \/>Der EG 4500CL verf\u00fcgt \u00fcber einen effizienten, emissionsarmen Honda GX-Motor und einen extra gro\u00dfen Kraftstofftank. Der Generator bietet eine au\u00dfergew\u00f6hnlich lange Betriebszeit von ca. 9,5 Stunden. Genug f\u00fcr einen ganzen Arbeitstag. Auch nach l\u00e4ngerer Lagerung ist der EG-Generator leicht zu starten und durch einen extra stabilen Stahlrahmen auch vor h\u00e4rtesten Bedingungen gesch\u00fctzt.   <br \/> <br \/>Diese Generatoren erzeugen eine konstante und stabile Leistung an sauberem Strom. Das ist Hondas hochmodernem D-AVR (Digital Automatic Voltage Control) zu verdanken, der mit Hilfe eines Mikrocomputers die Ausgangsspannung pr\u00e4zise steuert. Dies verbessert nicht nur die Leistung einer Blindleistung, sondern maximiert auch die Lebensdauer des Generators.  <\/p>\n\n<hr class=\"wp-block-separator has-alpha-channel-opacity\" \/>\n\n<h2 class=\"wp-block-heading\">Hauptmerkmale<\/h2>\n\n<ul class=\"wp-block-list\">\n<li>\u00d6l-Alarm<\/li>\n\n\n\n<li>Anti-Vibrations-System<\/li>\n\n\n\n<li>OHV 4-Takt-Motor<\/li>\n<\/ul>\n\n<hr class=\"wp-block-separator has-alpha-channel-opacity\" \/>\n\n<h2 class=\"wp-block-heading\">Technische Informationen<\/h2>\n\n<p><strong>Generator<\/strong><\/p>\n\n<figure class=\"wp-block-table\"><table class=\"has-fixed-layout\"><tbody><tr><td>Spannungsregelung<\/td><td>D-AVR<\/td><\/tr><tr><td>Typ<\/td><td>Mono-Phase<\/td><\/tr><tr><td>Max. Leistung (230 V) (W)  <\/td><td>4500<\/td><\/tr><tr><td>Dauerleistung (230 V) (W)  <\/td><td>4000<\/td><\/tr><tr><td>Nennspannung (V)<\/td><td>230<\/td><\/tr><tr><td>Nennfrequenz (Hz)<\/td><td>50<\/td><\/tr><tr><td>Strom (maximal) (A)<\/td><td>17,4<\/td><\/tr><\/tbody><\/table><\/figure>\n\n<hr class=\"wp-block-separator has-alpha-channel-opacity is-style-dots\" \/>\n\n<p><strong>Motorisierung<\/strong><\/p>\n\n<figure class=\"wp-block-table\"><table class=\"has-fixed-layout\"><tbody><tr><td>Modellmotor<\/td><td>GX390T2<\/td><\/tr><tr><td>Motor<\/td><td>4-Takt \u2013 1 Zylinder<\/td><\/tr><tr><td>Hubraum (cm\u00b3)<\/td><td>389<\/td><\/tr><tr><td>Bohrung x Hub (mm)<\/td><td>88 x 64 cm<\/td><\/tr><tr><td>Motordrehzahl (U\/min)<\/td><td>3.000 max.<\/td><\/tr><tr><td>K\u00fchlsystem<\/td><td>Zwangsluftk\u00fchlung<\/td><\/tr><tr><td>Z\u00fcndsystem<\/td><td>Transistor<\/td><\/tr><tr><td>Motor\u00f6lf\u00fcllmenge (l)<\/td><td>1,1<\/td><\/tr><tr><td>Tankinhalt (l)<\/td><td>24<\/td><\/tr><tr><td>Nominelle Betriebsdauer<\/td><td>9:30 Uhr<\/td><\/tr><tr><td>Startsystem<\/td><td>Probenbeginn<\/td><\/tr><tr><td>Ger\u00e4uschpegel am Arbeitsplatz (dB(A))<\/td><td>81<\/td><\/tr><tr><td>Garantierte Soundleistung. Pegel (dB(A)) <\/td><td>97<\/td><\/tr><\/tbody><\/table><\/figure>\n\n<hr class=\"wp-block-separator has-alpha-channel-opacity is-style-dots\" \/>\n\n<p><strong>Ma\u00dfe<\/strong><\/p>\n\n<figure class=\"wp-block-table\"><table class=\"has-fixed-layout\"><tbody><tr><td>L\u00e4nge (mm)<\/td><td>681<\/td><\/tr><tr><td>Breite (mm)<\/td><td>530<\/td><\/tr><tr><td>H\u00f6he (mm)<\/td><td>571<\/td><\/tr><tr><td>Gewicht (kg)<\/td><td>79,5<\/td><\/tr><\/tbody><\/table><\/figure>\n","protected":false},"excerpt":{"rendered":"<p>Robuster 4500 W D-AVR-Generator mit langer Betriebsdauer f\u00fcr empfindliche Baumaschinen. Ideal f\u00fcr raue, industrielle Bedingungen.<\/p>\n","protected":false},"featured_media":18111,"template":"","meta":{"_acf_changed":false},"product_brand":[1197],"product_cat":[668],"product_tag":[],"class_list":{"0":"post-18035","1":"product","2":"type-product","3":"status-publish","4":"has-post-thumbnail","6":"product_brand-honda-de","7":"product_cat-stroomgroepen-de","9":"first","10":"instock","11":"sale","12":"taxable","13":"shipping-taxable","14":"purchasable","15":"product-type-simple"},"acf":[],"_links":{"self":[{"href":"https:\/\/mdbouwmachines.be\/de\/wp-json\/wp\/v2\/product\/18035","targetHints":{"allow":["GET"]}}],"collection":[{"href":"https:\/\/mdbouwmachines.be\/de\/wp-json\/wp\/v2\/product"}],"about":[{"href":"https:\/\/mdbouwmachines.be\/de\/wp-json\/wp\/v2\/types\/product"}],"wp:featuredmedia":[{"embeddable":true,"href":"https:\/\/mdbouwmachines.be\/de\/wp-json\/wp\/v2\/media\/18111"}],"wp:attachment":[{"href":"https:\/\/mdbouwmachines.be\/de\/wp-json\/wp\/v2\/media?parent=18035"}],"wp:term":[{"taxonomy":"product_brand","embeddable":true,"href":"https:\/\/mdbouwmachines.be\/de\/wp-json\/wp\/v2\/product_brand?post=18035"},{"taxonomy":"product_cat","embeddable":true,"href":"https:\/\/mdbouwmachines.be\/de\/wp-json\/wp\/v2\/product_cat?post=18035"},{"taxonomy":"product_tag","embeddable":true,"href":"https:\/\/mdbouwmachines.be\/de\/wp-json\/wp\/v2\/product_tag?post=18035"}],"curies":[{"name":"wp","href":"https:\/\/api.w.org\/{rel}","templated":true}]}}