{"id":18020,"date":"2025-03-18T13:46:17","date_gmt":"2025-03-18T12:46:17","guid":{"rendered":"https:\/\/mdbouwmachines.be\/product\/honda-eu70is\/"},"modified":"2025-06-23T12:37:01","modified_gmt":"2025-06-23T11:37:01","slug":"honda-eu70is","status":"publish","type":"product","link":"https:\/\/mdbouwmachines.be\/de\/produkt\/honda-eu70is\/","title":{"rendered":"Honda EU70is"},"content":{"rendered":"\n<hr class=\"wp-block-separator has-alpha-channel-opacity is-style-dots\" \/>\n\n<h2 class=\"wp-block-heading\">Definition<\/h2>\n\n<p>Erleben Sie un\u00fcbertroffene Leistung mit dem tragbaren Generator Honda EU70is. Sein robuster 4-Takt-GX390-Motor, gepaart mit der fortschrittlichen elektronischen Kraftstoffeinspritzung und der Sinus-Inverter-Technologie, garantiert eine reibungslose, hochwertige Leistungsentfaltung. Mit einer maximalen Leistung von 7 kVA und einer Nennleistung von 5,5 kVA ist er perfekt f\u00fcr den intensiven gewerblichen Einsatz geeignet. Genie\u00dfen Sie eine einfache Bedienung mit einem Startknopf und einem leisen Dreikammer-Schalld\u00e4mpfer mit niedriger Abstimmung. Dar\u00fcber hinaus profitieren Sie von einem geringeren Kraftstoffverbrauch, einer einfacheren Wartung und einer besseren Leistung. Verlassen Sie sich darauf, dass der EU70is Ihren gesamten Strombedarf mit Pr\u00e4zision und Zuverl\u00e4ssigkeit erf\u00fcllt.     <\/p>\n\n<hr class=\"wp-block-separator has-alpha-channel-opacity\" \/>\n\n<h2 class=\"wp-block-heading\">Hauptmerkmale<\/h2>\n\n<ul class=\"wp-block-list\">\n<li>\u00d6l-Alarm<\/li>\n\n\n\n<li>Transportr\u00e4der<\/li>\n\n\n\n<li>Elektrischer Start<\/li>\n\n\n\n<li>Anti-Vibrations-System<\/li>\n\n\n\n<li>DC-Ausgang<\/li>\n\n\n\n<li>Extra leise<\/li>\n\n\n\n<li>Eco-Drosselklappe<\/li>\n<\/ul>\n\n<hr class=\"wp-block-separator has-alpha-channel-opacity\" \/>\n\n<h2 class=\"wp-block-heading\">Technische Informationen<\/h2>\n\n<p><strong>Generator<\/strong><\/p>\n\n<figure class=\"wp-block-table\"><table class=\"has-fixed-layout\"><tbody><tr><td>Spannungsregelung<\/td><td>Wechselrichter<\/td><\/tr><tr><td>Typ<\/td><td>Einphasig<\/td><\/tr><tr><td>Max. Leistung (230 V) (W)  <\/td><td>7000<\/td><\/tr><tr><td>Dauerleistung (230 V) (W)  <\/td><td>5000<\/td><\/tr><tr><td>Nennspannung (V)<\/td><td>230<\/td><\/tr><tr><td>Nennfrequenz (Hz)<\/td><td>50<\/td><\/tr><tr><td>Strom (maximal) (A)<\/td><td>23,9<\/td><\/tr><tr><td>DC-Ausgang<\/td><td>N\/A<\/td><\/tr><\/tbody><\/table><\/figure>\n\n<hr class=\"wp-block-separator has-alpha-channel-opacity is-style-dots\" \/>\n\n<p><strong>Motorisierung<\/strong><\/p>\n\n<figure class=\"wp-block-table\"><table class=\"has-fixed-layout\"><tbody><tr><td>Modellmotor<\/td><td>GX390<\/td><\/tr><tr><td>Motor<\/td><td>4-Takt \u2013 1 Zylinder<\/td><\/tr><tr><td>Hubraum (cm\u00b3)<\/td><td>389<\/td><\/tr><tr><td>Bohrung x Hub (mm)<\/td><td>88 x 64 cm<\/td><\/tr><tr><td>Motordrehzahl (U\/min)<\/td><td>3.600 max.<\/td><\/tr><tr><td>K\u00fchlsystem<\/td><td>Zwangsluftk\u00fchlung<\/td><\/tr><tr><td>Z\u00fcndsystem<\/td><td>Transistor<\/td><\/tr><tr><td>Motor\u00f6lf\u00fcllmenge (l)<\/td><td>1,1<\/td><\/tr><tr><td>Tankinhalt (l)<\/td><td>19,2<\/td><\/tr><tr><td>Nominelle Betriebsdauer<\/td><td>6h30 Uhr<\/td><\/tr><tr><td>Startsystem<\/td><td>R\u00fccksto\u00dfstart \/ Elektrostart<\/td><\/tr><tr><td>Ger\u00e4uschpegel am Arbeitsplatz (dB(A))<\/td><td>76<\/td><\/tr><tr><td>Garantierte Soundleistung. Pegel (dB(A)) <\/td><td>90<\/td><\/tr><\/tbody><\/table><\/figure>\n\n<hr class=\"wp-block-separator has-alpha-channel-opacity is-style-dots\" \/>\n\n<p><strong>Ma\u00dfe<\/strong><\/p>\n\n<figure class=\"wp-block-table\"><table class=\"has-fixed-layout\"><tbody><tr><td>L\u00e4nge (mm)<\/td><td>848<\/td><\/tr><tr><td>L\u00e4nge mit Griff nach oben (mm)<\/td><td>1.198<\/td><\/tr><tr><td>Breite (mm)<\/td><td>700<\/td><\/tr><tr><td>H\u00f6he (mm)<\/td><td>721<\/td><\/tr><tr><td>Gewicht (kg)<\/td><td>118,1<\/td><\/tr><\/tbody><\/table><\/figure>\n","protected":false},"excerpt":{"rendered":"<p>Erleben Sie un\u00fcbertroffene Leistung mit dem tragbaren Generator Honda EU70is. Mit einer maximalen Leistung von 7 kVA und einer Nennleistung von 5,5 kVA ist es perfekt f\u00fcr schwere Nutzfahrzeuge. Dar\u00fcber hinaus profitieren Sie von einem geringeren Kraftstoffverbrauch, einer einfacheren Wartung und einer besseren Leistung.  <\/p>\n","protected":false},"featured_media":18096,"template":"","meta":{"_acf_changed":false},"product_brand":[1197],"product_cat":[668],"product_tag":[],"class_list":{"0":"post-18020","1":"product","2":"type-product","3":"status-publish","4":"has-post-thumbnail","6":"product_brand-honda-de","7":"product_cat-stroomgroepen-de","9":"first","10":"instock","11":"sale","12":"taxable","13":"shipping-taxable","14":"purchasable","15":"product-type-simple"},"acf":[],"_links":{"self":[{"href":"https:\/\/mdbouwmachines.be\/de\/wp-json\/wp\/v2\/product\/18020","targetHints":{"allow":["GET"]}}],"collection":[{"href":"https:\/\/mdbouwmachines.be\/de\/wp-json\/wp\/v2\/product"}],"about":[{"href":"https:\/\/mdbouwmachines.be\/de\/wp-json\/wp\/v2\/types\/product"}],"wp:featuredmedia":[{"embeddable":true,"href":"https:\/\/mdbouwmachines.be\/de\/wp-json\/wp\/v2\/media\/18096"}],"wp:attachment":[{"href":"https:\/\/mdbouwmachines.be\/de\/wp-json\/wp\/v2\/media?parent=18020"}],"wp:term":[{"taxonomy":"product_brand","embeddable":true,"href":"https:\/\/mdbouwmachines.be\/de\/wp-json\/wp\/v2\/product_brand?post=18020"},{"taxonomy":"product_cat","embeddable":true,"href":"https:\/\/mdbouwmachines.be\/de\/wp-json\/wp\/v2\/product_cat?post=18020"},{"taxonomy":"product_tag","embeddable":true,"href":"https:\/\/mdbouwmachines.be\/de\/wp-json\/wp\/v2\/product_tag?post=18020"}],"curies":[{"name":"wp","href":"https:\/\/api.w.org\/{rel}","templated":true}]}}