{"id":17875,"date":"2025-03-18T09:31:12","date_gmt":"2025-03-18T08:31:12","guid":{"rendered":"https:\/\/mdbouwmachines.be\/?post_type=product&#038;p=17875"},"modified":"2025-03-20T13:41:10","modified_gmt":"2025-03-20T12:41:10","slug":"groser-blauer-schwimmer-kopie-2","status":"publish","type":"product","link":"https:\/\/mdbouwmachines.be\/de\/produkt\/groser-blauer-schwimmer-kopie-2\/","title":{"rendered":"Composite Bull Float"},"content":{"rendered":"<p>Ist sogar leichter als der Standard Big Blue oder der Magnesium Bull Float. Rostfrei, leicht zu reinigen und h\u00e4lt viel l\u00e4nger im Verschlei\u00df! <\/p>\n","protected":false},"excerpt":{"rendered":"<p>#<span>9500 Composite<\/span> Bull<span> Float Set Inklusive 1 St\u00fcck Kunststoff Bull Float Klingengr\u00f6\u00dfe (915mmX203mm), 1 St\u00fcck Schneckengetriebehalterung und 3 St\u00fcck Aluminiumgriffe<\/span><\/p>\n<p>#9501 Composite Bull Float Set Inklusive 1 St\u00fcck Kunststoff Bull Float Klingengr\u00f6\u00dfe (1234mmX203mm), 1 St\u00fcck Schneckengetriebehalterung und 3 St\u00fcck Aluminiumgriffe<\/p>\n<p>#9502 Composite Bull Float Set Inklusive 1 St\u00fcck Kunststoff Bull Float Klingengr\u00f6\u00dfe (1524mmX203mm), 1 St\u00fcck Schneckengetriebehalterung und 3 St\u00fcck Aluminiumgriffe<\/p>\n","protected":false},"featured_media":17907,"template":"","meta":{"_acf_changed":false},"product_brand":[1132],"product_cat":[496],"product_tag":[],"class_list":{"0":"post-17875","1":"product","2":"type-product","3":"status-publish","4":"has-post-thumbnail","6":"product_brand-md-bouwmachines-de","7":"product_cat-handwerkzeuge-werkzeuge","9":"first","10":"instock","11":"taxable","12":"shipping-taxable","13":"purchasable","14":"product-type-variable","15":"has-default-attributes"},"acf":[],"_links":{"self":[{"href":"https:\/\/mdbouwmachines.be\/de\/wp-json\/wp\/v2\/product\/17875","targetHints":{"allow":["GET"]}}],"collection":[{"href":"https:\/\/mdbouwmachines.be\/de\/wp-json\/wp\/v2\/product"}],"about":[{"href":"https:\/\/mdbouwmachines.be\/de\/wp-json\/wp\/v2\/types\/product"}],"wp:featuredmedia":[{"embeddable":true,"href":"https:\/\/mdbouwmachines.be\/de\/wp-json\/wp\/v2\/media\/17907"}],"wp:attachment":[{"href":"https:\/\/mdbouwmachines.be\/de\/wp-json\/wp\/v2\/media?parent=17875"}],"wp:term":[{"taxonomy":"product_brand","embeddable":true,"href":"https:\/\/mdbouwmachines.be\/de\/wp-json\/wp\/v2\/product_brand?post=17875"},{"taxonomy":"product_cat","embeddable":true,"href":"https:\/\/mdbouwmachines.be\/de\/wp-json\/wp\/v2\/product_cat?post=17875"},{"taxonomy":"product_tag","embeddable":true,"href":"https:\/\/mdbouwmachines.be\/de\/wp-json\/wp\/v2\/product_tag?post=17875"}],"curies":[{"name":"wp","href":"https:\/\/api.w.org\/{rel}","templated":true}]}}