{"id":17545,"date":"2025-03-06T14:29:23","date_gmt":"2025-03-06T13:29:23","guid":{"rendered":"https:\/\/mdbouwmachines.be\/product\/topcon-ls-80x-handheld-empfaenger\/"},"modified":"2025-03-06T14:29:23","modified_gmt":"2025-03-06T13:29:23","slug":"topcon-ls-80x-handheld-empfaenger","status":"publish","type":"product","link":"https:\/\/mdbouwmachines.be\/de\/produkt\/topcon-ls-80x-handheld-empfaenger\/","title":{"rendered":"Topcon LS-80X Handheld-Empf\u00e4nger"},"content":{"rendered":"","protected":false},"excerpt":{"rendered":"<p><strong>Zubeh\u00f6r f\u00fcr den Topcon RL-H5A Laser und den Topcon RL-HV2S Laser.<br \/><\/strong><br \/>Der neue LS-80X ersetzt die Empf\u00e4nger LS-80A und LS80L(R) von Topcon. Dieser SmartReceiver eignet sich perfekt f\u00fcr die Verwendung mit Ihrem Topcon-Laser sowie all Ihren anderen Lasern. Es ist der einzige Empf\u00e4nger, den Sie jemals brauchen werden. Diese neue X-Version ist f\u00fcr l\u00e4ngere Strecken (bis zu 800 Meter!) geeignet.     <\/p>\n<p><strong>Dieser Artikel beinhaltet nur die Fernbedienung, also ohne Halterung!<\/strong><\/p>\n","protected":false},"featured_media":17420,"template":"","meta":{"_acf_changed":false},"product_brand":[1260],"product_cat":[904],"product_tag":[],"class_list":{"0":"post-17545","1":"product","2":"type-product","3":"status-publish","4":"has-post-thumbnail","6":"product_brand-topcon-de","7":"product_cat-laser-empfanger","9":"first","10":"instock","11":"taxable","12":"shipping-taxable","13":"purchasable","14":"product-type-simple"},"acf":[],"_links":{"self":[{"href":"https:\/\/mdbouwmachines.be\/de\/wp-json\/wp\/v2\/product\/17545","targetHints":{"allow":["GET"]}}],"collection":[{"href":"https:\/\/mdbouwmachines.be\/de\/wp-json\/wp\/v2\/product"}],"about":[{"href":"https:\/\/mdbouwmachines.be\/de\/wp-json\/wp\/v2\/types\/product"}],"wp:featuredmedia":[{"embeddable":true,"href":"https:\/\/mdbouwmachines.be\/de\/wp-json\/wp\/v2\/media\/17420"}],"wp:attachment":[{"href":"https:\/\/mdbouwmachines.be\/de\/wp-json\/wp\/v2\/media?parent=17545"}],"wp:term":[{"taxonomy":"product_brand","embeddable":true,"href":"https:\/\/mdbouwmachines.be\/de\/wp-json\/wp\/v2\/product_brand?post=17545"},{"taxonomy":"product_cat","embeddable":true,"href":"https:\/\/mdbouwmachines.be\/de\/wp-json\/wp\/v2\/product_cat?post=17545"},{"taxonomy":"product_tag","embeddable":true,"href":"https:\/\/mdbouwmachines.be\/de\/wp-json\/wp\/v2\/product_tag?post=17545"}],"curies":[{"name":"wp","href":"https:\/\/api.w.org\/{rel}","templated":true}]}}