{"id":17542,"date":"2025-03-06T17:28:53","date_gmt":"2025-03-06T16:28:53","guid":{"rendered":"https:\/\/mdbouwmachines.be\/product\/topcon-halterung-110\/"},"modified":"2025-03-06T17:28:53","modified_gmt":"2025-03-06T16:28:53","slug":"topcon-halterung-110","status":"publish","type":"product","link":"https:\/\/mdbouwmachines.be\/de\/produkt\/topcon-halterung-110\/","title":{"rendered":"Topcon Halterung 110"},"content":{"rendered":"","protected":false},"excerpt":{"rendered":"<p><strong>Zubeh\u00f6r f\u00fcr den Topcon LS-100D mm Handempf\u00e4nger.<br \/><\/strong><br \/><strong>Dieser Artikel enth\u00e4lt nur den Halter!<\/strong><\/p>\n","protected":false},"featured_media":17500,"template":"","meta":{"_acf_changed":false},"product_brand":[1260],"product_cat":[904],"product_tag":[],"class_list":{"0":"post-17542","1":"product","2":"type-product","3":"status-publish","4":"has-post-thumbnail","6":"product_brand-topcon-de","7":"product_cat-laser-empfanger","9":"first","10":"instock","11":"taxable","12":"shipping-taxable","13":"purchasable","14":"product-type-simple"},"acf":[],"_links":{"self":[{"href":"https:\/\/mdbouwmachines.be\/de\/wp-json\/wp\/v2\/product\/17542","targetHints":{"allow":["GET"]}}],"collection":[{"href":"https:\/\/mdbouwmachines.be\/de\/wp-json\/wp\/v2\/product"}],"about":[{"href":"https:\/\/mdbouwmachines.be\/de\/wp-json\/wp\/v2\/types\/product"}],"wp:featuredmedia":[{"embeddable":true,"href":"https:\/\/mdbouwmachines.be\/de\/wp-json\/wp\/v2\/media\/17500"}],"wp:attachment":[{"href":"https:\/\/mdbouwmachines.be\/de\/wp-json\/wp\/v2\/media?parent=17542"}],"wp:term":[{"taxonomy":"product_brand","embeddable":true,"href":"https:\/\/mdbouwmachines.be\/de\/wp-json\/wp\/v2\/product_brand?post=17542"},{"taxonomy":"product_cat","embeddable":true,"href":"https:\/\/mdbouwmachines.be\/de\/wp-json\/wp\/v2\/product_cat?post=17542"},{"taxonomy":"product_tag","embeddable":true,"href":"https:\/\/mdbouwmachines.be\/de\/wp-json\/wp\/v2\/product_tag?post=17542"}],"curies":[{"name":"wp","href":"https:\/\/api.w.org\/{rel}","templated":true}]}}