{"id":17534,"date":"2025-03-06T16:11:46","date_gmt":"2025-03-06T15:11:46","guid":{"rendered":"https:\/\/mdbouwmachines.be\/product\/topcon-ls-100d-mm-handheld-empfaenger\/"},"modified":"2025-03-06T16:11:46","modified_gmt":"2025-03-06T15:11:46","slug":"topcon-ls-100d-mm-handheld-empfaenger","status":"publish","type":"product","link":"https:\/\/mdbouwmachines.be\/de\/produkt\/topcon-ls-100d-mm-handheld-empfaenger\/","title":{"rendered":"Topcon LS-100D mm Handheld-Empf\u00e4nger"},"content":{"rendered":"","protected":false},"excerpt":{"rendered":"<p><strong>Zubeh\u00f6r f\u00fcr den Topcon RL-H5A Laser und den Topcon RL-HV2S Laser.<br \/><\/strong><br \/>Der professionelle Empf\u00e4nger LS-100D MM von Topcon ist die neueste Erg\u00e4nzung der Reihe kompakter digitaler Handheld-Empf\u00e4nger. Der Empf\u00e4nger zeigt den Abstand auf die richtige H\u00f6he in Millimetern digital an und ist so konzipiert, dass die \u00dcberpr\u00fcfung der H\u00f6he und der vertikalen Ausrichtung f\u00fcr alle Arten von Anwendungen schneller und einfacher m\u00f6glich ist. <\/p>\n<p><strong><strong>Dieser Artikel beinhaltet nur die Fernbedienung, also ohne Halterung!<\/strong><\/strong><\/p>\n","protected":false},"featured_media":17473,"template":"","meta":{"_acf_changed":false},"product_brand":[1260],"product_cat":[904],"product_tag":[],"class_list":{"0":"post-17534","1":"product","2":"type-product","3":"status-publish","4":"has-post-thumbnail","6":"product_brand-topcon-de","7":"product_cat-laser-empfanger","9":"first","10":"instock","11":"taxable","12":"shipping-taxable","13":"purchasable","14":"product-type-simple"},"acf":[],"_links":{"self":[{"href":"https:\/\/mdbouwmachines.be\/de\/wp-json\/wp\/v2\/product\/17534","targetHints":{"allow":["GET"]}}],"collection":[{"href":"https:\/\/mdbouwmachines.be\/de\/wp-json\/wp\/v2\/product"}],"about":[{"href":"https:\/\/mdbouwmachines.be\/de\/wp-json\/wp\/v2\/types\/product"}],"wp:featuredmedia":[{"embeddable":true,"href":"https:\/\/mdbouwmachines.be\/de\/wp-json\/wp\/v2\/media\/17473"}],"wp:attachment":[{"href":"https:\/\/mdbouwmachines.be\/de\/wp-json\/wp\/v2\/media?parent=17534"}],"wp:term":[{"taxonomy":"product_brand","embeddable":true,"href":"https:\/\/mdbouwmachines.be\/de\/wp-json\/wp\/v2\/product_brand?post=17534"},{"taxonomy":"product_cat","embeddable":true,"href":"https:\/\/mdbouwmachines.be\/de\/wp-json\/wp\/v2\/product_cat?post=17534"},{"taxonomy":"product_tag","embeddable":true,"href":"https:\/\/mdbouwmachines.be\/de\/wp-json\/wp\/v2\/product_tag?post=17534"}],"curies":[{"name":"wp","href":"https:\/\/api.w.org\/{rel}","templated":true}]}}