{"id":17372,"date":"2025-03-06T14:11:47","date_gmt":"2025-03-06T13:11:47","guid":{"rendered":"https:\/\/mdbouwmachines.be\/?post_type=product&#038;p=17372"},"modified":"2025-03-20T13:41:12","modified_gmt":"2025-03-20T12:41:12","slug":"bkgm-280-4ps-kopie","status":"publish","type":"product","link":"https:\/\/mdbouwmachines.be\/de\/produkt\/bkgm-280-4ps-kopie\/","title":{"rendered":"BKG850 SX"},"content":{"rendered":"\n<h2 class=\"wp-block-heading\">Definition<\/h2>\n\n<p><strong>Ferngesteuerte Planetenschleif- und Poliermaschine f\u00fcr gro\u00dfe Fl\u00e4chen, mit variabler Drehzahl, einstellbarem Arbeitsdruck,<br\/>eingebaute Batterien und Autodrive-System. Erh\u00e4ltlich mit Werkzeughaltern \u00d8340 mm oder Werkzeughaltern \u00d8240 mm. <\/strong><\/p>\n\n<hr class=\"wp-block-separator has-alpha-channel-opacity\" \/>\n\n<h2 class=\"wp-block-heading\">Hauptmerkmale:<\/h2>\n\n<ul class=\"wp-block-list\">\n<li>Einstellbarer Arbeitsdruck. \u2013 Geh\u00e4rteter Edelstahl<br\/>Planeten- und Getriebe. Voll geregeltes Getriebe. \u2013 Drittes Rad<br\/>F\u00fcr den einfachen Transport und f\u00fcr Arbeiten auf sehr gro\u00dfen Fl\u00e4chen.   <\/li>\n\n\n\n<li>Kompakt und praktisch. \u2013 Automatische Planetenhebevorrichtung zur<br\/>Be- und Entladevorg\u00e4nge von Fahrzeugen. \u2013 Alle Funktionen<br\/>Verf\u00fcgbar auf Fernbedienungen. \u2013 Batterien an Bord f\u00fcr<br\/>Selbstverdr\u00e4ngung. \u2013 Werkzeugloses Schnellbefestigungssystem f\u00fcr<br\/>Diamantwerkzeuge.<br\/>Antr\u00e4ge:    <\/li>\n\n\n\n<li>Gl\u00e4tten und Vorbereiten aller Arten von B\u00f6den. -Beulen<br\/>Auf Beton entfernen. \u2013 Entfernung von Harz, Kleber, Farbe und anderen<br\/>\u00dcberreste. \u2013 Hochgl\u00e4nzendes Spiegelpolieren von Marmor und Granit.   <\/li>\n\n\n\n<li>Hochgl\u00e4nzendes Spiegelpolieren von industriellen Betonb\u00f6den.<\/li>\n<\/ul>\n\n<hr class=\"wp-block-separator has-alpha-channel-opacity\" \/>\n\n<h2 class=\"wp-block-heading\">Technische Informationen<\/h2>\n\n<figure class=\"wp-block-table\"><table class=\"has-fixed-layout\"><tbody><tr><td class=\"has-text-align-center\" data-align=\"center\"><strong>Modell<\/strong><\/td><td class=\"has-text-align-center\" data-align=\"center\"><strong>Motor<\/strong><\/td><td class=\"has-text-align-center\" data-align=\"center\"><strong>Volt<\/strong><\/td><td class=\"has-text-align-center\" data-align=\"center\"><strong>RPM<\/strong><\/td><td class=\"has-text-align-center\" data-align=\"center\"><strong>Durchmesser<\/strong><\/td><td class=\"has-text-align-center\" data-align=\"center\"><strong>Ma\u00dfe<\/strong><\/td><td class=\"has-text-align-center\" data-align=\"center\"><strong>Gewicht<\/strong><\/td><\/tr><tr><td class=\"has-text-align-center\" data-align=\"center\">BKG 850 SX<\/td><td class=\"has-text-align-center\" data-align=\"center\">25 PS<\/td><td class=\"has-text-align-center\" data-align=\"center\">380-480<\/td><td class=\"has-text-align-center\" data-align=\"center\">300-1300 U\/min<\/td><td class=\"has-text-align-center\" data-align=\"center\">ca. 850 mm<\/td><td class=\"has-text-align-center\" data-align=\"center\">150x150x95 cm<\/td><td class=\"has-text-align-center\" data-align=\"center\">650 kg<\/td><\/tr><tr><td class=\"has-text-align-center\" data-align=\"center\">BKG 850 RX<\/td><td class=\"has-text-align-center\" data-align=\"center\">25 PS<\/td><td class=\"has-text-align-center\" data-align=\"center\">380-480<\/td><td class=\"has-text-align-center\" data-align=\"center\">300-1300 U\/min<\/td><td class=\"has-text-align-center\" data-align=\"center\">ca. 850 mm<\/td><td class=\"has-text-align-center\" data-align=\"center\">150x150x95 cm<\/td><td class=\"has-text-align-center\" data-align=\"center\">650 kg<\/td><\/tr><\/tbody><\/table><\/figure>\n\n<div class=\"wp-block-file\"><a id=\"wp-block-file--media-68ee3f32-e38c-4a88-9653-c11f1fc3e676\" href=\"https:\/\/mdbouwmachines.be\/wp-content\/uploads\/2025\/03\/BKG-Catalogue.pdf\">BKG Katalog<\/a><a href=\"https:\/\/mdbouwmachines.be\/wp-content\/uploads\/2025\/03\/BKG-Catalogue.pdf\" class=\"wp-block-file__button wp-element-button\" download=\"\" aria-describedby=\"wp-block-file--media-68ee3f32-e38c-4a88-9653-c11f1fc3e676\">Herunterladen<\/a><\/div>\n","protected":false},"excerpt":{"rendered":"<p><strong>Ferngesteuerte Planetenschleif- und Poliermaschine f\u00fcr<br \/>gro\u00dfe Fl\u00e4chen, mit variabler Geschwindigkeit, einstellbarem Arbeitsdruck,<br \/>eingebaute Batterien und Autodrive-System. Erh\u00e4ltlich mit Werkzeughaltern \u00d8340mm<br \/>oder Werkzeughalter \u00d8240mm. <\/strong><\/p>\n","protected":false},"featured_media":17391,"template":"","meta":{"_acf_changed":false},"product_brand":[1124],"product_cat":[858],"product_tag":[],"class_list":{"0":"post-17372","1":"product","2":"type-product","3":"status-publish","4":"has-post-thumbnail","6":"product_brand-barikell-de","7":"product_cat-poliermaschinen","9":"first","10":"instock","11":"taxable","12":"shipping-taxable","13":"purchasable","14":"product-type-variable","15":"has-default-attributes"},"acf":[],"_links":{"self":[{"href":"https:\/\/mdbouwmachines.be\/de\/wp-json\/wp\/v2\/product\/17372","targetHints":{"allow":["GET"]}}],"collection":[{"href":"https:\/\/mdbouwmachines.be\/de\/wp-json\/wp\/v2\/product"}],"about":[{"href":"https:\/\/mdbouwmachines.be\/de\/wp-json\/wp\/v2\/types\/product"}],"wp:featuredmedia":[{"embeddable":true,"href":"https:\/\/mdbouwmachines.be\/de\/wp-json\/wp\/v2\/media\/17391"}],"wp:attachment":[{"href":"https:\/\/mdbouwmachines.be\/de\/wp-json\/wp\/v2\/media?parent=17372"}],"wp:term":[{"taxonomy":"product_brand","embeddable":true,"href":"https:\/\/mdbouwmachines.be\/de\/wp-json\/wp\/v2\/product_brand?post=17372"},{"taxonomy":"product_cat","embeddable":true,"href":"https:\/\/mdbouwmachines.be\/de\/wp-json\/wp\/v2\/product_cat?post=17372"},{"taxonomy":"product_tag","embeddable":true,"href":"https:\/\/mdbouwmachines.be\/de\/wp-json\/wp\/v2\/product_tag?post=17372"}],"curies":[{"name":"wp","href":"https:\/\/api.w.org\/{rel}","templated":true}]}}