{"id":17290,"date":"2025-02-27T14:17:55","date_gmt":"2025-02-27T13:17:55","guid":{"rendered":"https:\/\/mdbouwmachines.be\/product\/bohrmotoren-dme32mw-dme32uw\/"},"modified":"2025-03-07T15:05:23","modified_gmt":"2025-03-07T14:05:23","slug":"bohrmotoren-dme32mw-dme32uw","status":"publish","type":"product","link":"https:\/\/mdbouwmachines.be\/de\/produkt\/bohrmotoren-dme32mw-dme32uw\/","title":{"rendered":"Bohrmotoren DME32MW | DME32UW"},"content":{"rendered":"\n<p>Der Bohrmotor DME32 in der Leistungsklasse 3,2 kW vereint eine hervorragende Bohrleistung mit einer kompakten Bauweise. Der Bohrmotor DME32 in der Leistungsklasse 3,2 kW vereint eine hervorragende Bohrleistung mit einer kompakten Bauweise. Der mechanische und elektronische \u00dcberlastschutz und das Ganzmetallgeh\u00e4use garantieren eine hohe Zuverl\u00e4ssigkeit. Die eingebaute Leistungs- und Serviceanzeige sowie die Nivellierhilfe erleichtern zudem die Steuerung des Bedienpults. Das Getriebe mit zus\u00e4tzlicher Drehzahlregelung (Bohrstahlfunktion) sorgt f\u00fcr eine optimale Bohrgeschwindigkeit. Der Bohrmotor DME32 ist mit dem Schnellwechselsystem Modul Drill\u2122 oder der Universalplatte erh\u00e4ltlich.     <\/p>\n\n<div class=\"wp-block-file\"><a id=\"wp-block-file--media-6f46e42f-dd43-428a-8386-9713352608b2\" href=\"https:\/\/mdbouwmachines.be\/wp-content\/uploads\/2025\/02\/Boormotoren-DME32MW-DME32UW.pdf\">Technisches Datenblatt<\/a><a href=\"https:\/\/mdbouwmachines.be\/wp-content\/uploads\/2025\/02\/Boormotoren-DME32MW-DME32UW.pdf\" class=\"wp-block-file__button wp-element-button\" download=\"\" aria-describedby=\"wp-block-file--media-6f46e42f-dd43-428a-8386-9713352608b2\">Herunterladen<\/a><\/div>\n","protected":false},"excerpt":{"rendered":"<p>Bohren bis \u00d8 350 mm<br \/>Neues kompaktes, robustes und ergonomisches Design<br \/>Unterschiedliche Bohrst\u00e4nderanschl\u00fcsse: ModulDrill\u2122 oder Universalplatte<br \/>Leistungs- und Serviceanzeige, Nivellierhilfe und Auswahl der Bohrfunktion.<\/p>\n","protected":false},"featured_media":16149,"template":"","meta":{"_acf_changed":false},"product_brand":[1153],"product_cat":[888],"product_tag":[],"class_list":{"0":"post-17290","1":"product","2":"type-product","3":"status-publish","4":"has-post-thumbnail","6":"product_brand-tyrolit-de","7":"product_cat-kernbohrung","9":"first","10":"instock","11":"taxable","12":"shipping-taxable","13":"purchasable","14":"product-type-simple"},"acf":[],"_links":{"self":[{"href":"https:\/\/mdbouwmachines.be\/de\/wp-json\/wp\/v2\/product\/17290","targetHints":{"allow":["GET"]}}],"collection":[{"href":"https:\/\/mdbouwmachines.be\/de\/wp-json\/wp\/v2\/product"}],"about":[{"href":"https:\/\/mdbouwmachines.be\/de\/wp-json\/wp\/v2\/types\/product"}],"wp:featuredmedia":[{"embeddable":true,"href":"https:\/\/mdbouwmachines.be\/de\/wp-json\/wp\/v2\/media\/16149"}],"wp:attachment":[{"href":"https:\/\/mdbouwmachines.be\/de\/wp-json\/wp\/v2\/media?parent=17290"}],"wp:term":[{"taxonomy":"product_brand","embeddable":true,"href":"https:\/\/mdbouwmachines.be\/de\/wp-json\/wp\/v2\/product_brand?post=17290"},{"taxonomy":"product_cat","embeddable":true,"href":"https:\/\/mdbouwmachines.be\/de\/wp-json\/wp\/v2\/product_cat?post=17290"},{"taxonomy":"product_tag","embeddable":true,"href":"https:\/\/mdbouwmachines.be\/de\/wp-json\/wp\/v2\/product_tag?post=17290"}],"curies":[{"name":"wp","href":"https:\/\/api.w.org\/{rel}","templated":true}]}}