{"id":17289,"date":"2025-02-27T15:44:52","date_gmt":"2025-02-27T14:44:52","guid":{"rendered":"https:\/\/mdbouwmachines.be\/product\/bohrstaender-dra500-elektrisch\/"},"modified":"2025-03-07T15:05:26","modified_gmt":"2025-03-07T14:05:26","slug":"bohrstaender-dra500-elektrisch","status":"publish","type":"product","link":"https:\/\/mdbouwmachines.be\/de\/produkt\/bohrstaender-dra500-elektrisch\/","title":{"rendered":"Bohrst\u00e4nder DRA500 elektrisch"},"content":{"rendered":"\n<p>Der DRA500, ein Bohrst\u00e4nder f\u00fcr maximale Stabilit\u00e4t und h\u00f6chste Anspr\u00fcche beim Bohren. Das bew\u00e4hrte Schnellspannsystem ModulDrill\u2122 erm\u00f6glicht die schnelle und sichere Montage von Bohrmotoren. Mittels eines ausziehbaren Bohrstrangs k\u00f6nnen auch l\u00e4ngere Durchgangsbohrungen problemlos durchgef\u00fchrt werden. Dank des modularen Aufbaus lassen sich Kombinationen mit TYROLIT Seils\u00e4gen oder hydraulischen Ger\u00e4ten problemlos realisieren.   <\/p>\n\n<div class=\"wp-block-file\"><a id=\"wp-block-file--media-4e9f7363-6958-4618-88eb-71527bda7683\" href=\"https:\/\/mdbouwmachines.be\/wp-content\/uploads\/2025\/02\/Boorstatief-DRA500-elektrisch.pdf\">Technisches Datenblatt<\/a><a href=\"https:\/\/mdbouwmachines.be\/wp-content\/uploads\/2025\/02\/Boorstatief-DRA500-elektrisch.pdf\" class=\"wp-block-file__button wp-element-button\" download=\"\" aria-describedby=\"wp-block-file--media-4e9f7363-6958-4618-88eb-71527bda7683\">Herunterladen<\/a><\/div>\n","protected":false},"excerpt":{"rendered":"<p>Bohren bis \u00d8 500 mm<br \/>Bohrs\u00e4ulenverl\u00e4ngerungen von 230 bis 910 mm.<br \/>Optimale Belastbarkeit durch extra breite, hochwertige Bohrs\u00e4ulenverzahnung.<br \/>ModulDrill\u2122 Distanzplatte f\u00fcr Bohrungen bis 500 mm Durchmesser.<\/p>\n","protected":false},"featured_media":16366,"template":"","meta":{"_acf_changed":false},"product_brand":[1153],"product_cat":[888],"product_tag":[],"class_list":{"0":"post-17289","1":"product","2":"type-product","3":"status-publish","4":"has-post-thumbnail","6":"product_brand-tyrolit-de","7":"product_cat-kernbohrung","9":"first","10":"instock","11":"taxable","12":"shipping-taxable","13":"purchasable","14":"product-type-simple"},"acf":[],"_links":{"self":[{"href":"https:\/\/mdbouwmachines.be\/de\/wp-json\/wp\/v2\/product\/17289","targetHints":{"allow":["GET"]}}],"collection":[{"href":"https:\/\/mdbouwmachines.be\/de\/wp-json\/wp\/v2\/product"}],"about":[{"href":"https:\/\/mdbouwmachines.be\/de\/wp-json\/wp\/v2\/types\/product"}],"wp:featuredmedia":[{"embeddable":true,"href":"https:\/\/mdbouwmachines.be\/de\/wp-json\/wp\/v2\/media\/16366"}],"wp:attachment":[{"href":"https:\/\/mdbouwmachines.be\/de\/wp-json\/wp\/v2\/media?parent=17289"}],"wp:term":[{"taxonomy":"product_brand","embeddable":true,"href":"https:\/\/mdbouwmachines.be\/de\/wp-json\/wp\/v2\/product_brand?post=17289"},{"taxonomy":"product_cat","embeddable":true,"href":"https:\/\/mdbouwmachines.be\/de\/wp-json\/wp\/v2\/product_cat?post=17289"},{"taxonomy":"product_tag","embeddable":true,"href":"https:\/\/mdbouwmachines.be\/de\/wp-json\/wp\/v2\/product_tag?post=17289"}],"curies":[{"name":"wp","href":"https:\/\/api.w.org\/{rel}","templated":true}]}}