{"id":17282,"date":"2025-02-27T14:13:24","date_gmt":"2025-02-27T13:13:24","guid":{"rendered":"https:\/\/mdbouwmachines.be\/product\/bohrmotoren-dme26mw-dme26uw\/"},"modified":"2025-03-07T15:05:23","modified_gmt":"2025-03-07T14:05:23","slug":"bohrmotoren-dme26mw-dme26uw","status":"publish","type":"product","link":"https:\/\/mdbouwmachines.be\/de\/produkt\/bohrmotoren-dme26mw-dme26uw\/","title":{"rendered":"Bohrmotoren DME26MW | DME26UW"},"content":{"rendered":"\n<p>Der DME26 mit seinem leistungsstarken 2,6-kW-Motor ist ideal f\u00fcr Kernbohrungen bis 250 mm. Der DME26 mit seinem leistungsstarken 2,6-kW-Motor ist ideal f\u00fcr Kernbohrungen bis 250 mm. Das 3-Gang-Getriebe sorgt zusammen mit einer zus\u00e4tzlichen Drehzahlregelung (Anlauffunktion Stahl) f\u00fcr eine optimale Bohrgeschwindigkeit. Der mechanische und elektronische \u00dcberlastschutz und das Ganzmetallgeh\u00e4use garantieren eine hohe Zuverl\u00e4ssigkeit. Eingebaute Leistungs- und Serviceanzeigen sowie die Nivellierhilfe machen das Bedienfeld einfach zu bedienen. Die DME26 ist mit verschiedenen Anschl\u00fcssen erh\u00e4ltlich (ModulDrill\u2122 Schnellwechselsystem oder Universalplatte)     <\/p>\n\n<div class=\"wp-block-file\"><a id=\"wp-block-file--media-efaf1c40-fd9d-46df-96d5-9e592618e288\" href=\"https:\/\/mdbouwmachines.be\/wp-content\/uploads\/2025\/02\/Boormotoren-DME26MW-DME26UW.pdf\">Technisches Datenblatt<\/a><a href=\"https:\/\/mdbouwmachines.be\/wp-content\/uploads\/2025\/02\/Boormotoren-DME26MW-DME26UW.pdf\" class=\"wp-block-file__button wp-element-button\" download=\"\" aria-describedby=\"wp-block-file--media-efaf1c40-fd9d-46df-96d5-9e592618e288\">Herunterladen<\/a><\/div>\n","protected":false},"excerpt":{"rendered":"<p>Bohren bis \u00d8 250 mm<br \/>Kompaktes, robustes und ergonomisches Design<br \/>Leistungs- und Serviceanzeige, Nivellierhilfe und Auswahl des Bohrmodus<br \/>Verschiedene Anschl\u00fcsse: ModulDrill\u2122 oder Universalplatte<\/p>\n","protected":false},"featured_media":16133,"template":"","meta":{"_acf_changed":false},"product_brand":[1153],"product_cat":[888],"product_tag":[],"class_list":{"0":"post-17282","1":"product","2":"type-product","3":"status-publish","4":"has-post-thumbnail","6":"product_brand-tyrolit-de","7":"product_cat-kernbohrung","9":"first","10":"instock","11":"taxable","12":"shipping-taxable","13":"purchasable","14":"product-type-simple"},"acf":[],"_links":{"self":[{"href":"https:\/\/mdbouwmachines.be\/de\/wp-json\/wp\/v2\/product\/17282","targetHints":{"allow":["GET"]}}],"collection":[{"href":"https:\/\/mdbouwmachines.be\/de\/wp-json\/wp\/v2\/product"}],"about":[{"href":"https:\/\/mdbouwmachines.be\/de\/wp-json\/wp\/v2\/types\/product"}],"wp:featuredmedia":[{"embeddable":true,"href":"https:\/\/mdbouwmachines.be\/de\/wp-json\/wp\/v2\/media\/16133"}],"wp:attachment":[{"href":"https:\/\/mdbouwmachines.be\/de\/wp-json\/wp\/v2\/media?parent=17282"}],"wp:term":[{"taxonomy":"product_brand","embeddable":true,"href":"https:\/\/mdbouwmachines.be\/de\/wp-json\/wp\/v2\/product_brand?post=17282"},{"taxonomy":"product_cat","embeddable":true,"href":"https:\/\/mdbouwmachines.be\/de\/wp-json\/wp\/v2\/product_cat?post=17282"},{"taxonomy":"product_tag","embeddable":true,"href":"https:\/\/mdbouwmachines.be\/de\/wp-json\/wp\/v2\/product_tag?post=17282"}],"curies":[{"name":"wp","href":"https:\/\/api.w.org\/{rel}","templated":true}]}}